{"id":23063,"date":"2024-04-20T20:03:40","date_gmt":"2024-04-20T18:03:40","guid":{"rendered":"https:\/\/pawz.rs\/?post_type=product&#038;p=23063"},"modified":"2024-07-17T14:23:51","modified_gmt":"2024-07-17T12:23:51","slug":"sanicat-recycled-cellulose-10-l","status":"publish","type":"product","link":"https:\/\/pawz.rs\/en\/sanicat-recycled-cellulose-10-l\/","title":{"rendered":"Sanicat Recycled Cellulose 10 L"},"content":{"rendered":"<p><strong>Sanicat Recycled Cellulose 10 L<\/strong><\/p>\n<p>Sanicat Recycled Cellulose je posip sa veoma velikim kapacitetom upijanja (+500%), veoma efikasna kod zadr\u017eavanja urina i kontrole neprijatnih mirisa.<\/p>\n<p>Napravljen od 100% reciklirane celuloze i papira, ova higijenski posip je razgradiv i mo\u017ee se odlagati u WC \u0161olju u manjim koli\u010dinama.<\/p>\n<p>Savr\u0161en za vlasnike koji su svesni potrebe za o\u010duvanjem \u017eivotne sredine, a kojima je potreban veoma lagan i upijaju\u0107i proizvod sa dobrom kontrolom neprijatnih mirisa.<\/p>\n<p>Podesan je za ma\u010dke i druge ljubimce.<\/p>\n<div id=\"opis\" class=\"collapse show\">\n<div class=\"row\">\n<div class=\"col-sm-12\">\n<p><strong>Sastav:<br \/>\n<\/strong>100% reciklirana celuloza.<\/p>\n<\/div>\n<\/div>\n<\/div>\n<p>Proizvo\u0111a\u010d: Tolsa, S.A.<br \/>\nCountry of origin: EU<\/p>\n\n    <div class=\"xs_social_share_widget xs_share_url after_content \t\tmain_content  wslu-style-1 wslu-share-box-shaped wslu-fill-colored wslu-none wslu-share-horizontal wslu-theme-font-no wslu-main_content\">\n\n\t\t\n        <ul>\n\t\t\t        <\/ul>\n    <\/div>","protected":false},"excerpt":{"rendered":"<p>Sanicat Recycled Cellulose je pelet od higijenskog papira i celuloze koja po\u0161tuje \u017eivotnu sredinu<\/p>\n<p>&nbsp;<\/p>","protected":false},"featured_media":23067,"comment_status":"open","ping_status":"closed","template":"","meta":{"_acf_changed":false},"pwb-brand":[873],"product_cat":[388,23,765,770,80],"product_tag":[],"class_list":{"0":"post-23063","1":"product","2":"type-product","3":"status-publish","4":"has-post-thumbnail","6":"pwb-brand-sanicat","7":"product_cat-higijenski-proizvodi","8":"product_cat-macke","9":"product_cat-oprema-za-macke","10":"product_cat-higijena-macaka","11":"product_cat-higijena-nega-macaka","13":"first","14":"instock","15":"taxable","16":"shipping-taxable","17":"purchasable","18":"product-type-simple"},"acf":[],"brands":[{"id":873,"name":"Sanicat","slug":"sanicat"}],"_links":{"self":[{"href":"https:\/\/pawz.rs\/en\/wp-json\/wp\/v2\/product\/23063","targetHints":{"allow":["GET"]}}],"collection":[{"href":"https:\/\/pawz.rs\/en\/wp-json\/wp\/v2\/product"}],"about":[{"href":"https:\/\/pawz.rs\/en\/wp-json\/wp\/v2\/types\/product"}],"replies":[{"embeddable":true,"href":"https:\/\/pawz.rs\/en\/wp-json\/wp\/v2\/comments?post=23063"}],"wp:featuredmedia":[{"embeddable":true,"href":"https:\/\/pawz.rs\/en\/wp-json\/wp\/v2\/media\/23067"}],"wp:attachment":[{"href":"https:\/\/pawz.rs\/en\/wp-json\/wp\/v2\/media?parent=23063"}],"wp:term":[{"taxonomy":"pwb-brand","embeddable":true,"href":"https:\/\/pawz.rs\/en\/wp-json\/wp\/v2\/pwb-brand?post=23063"},{"taxonomy":"product_cat","embeddable":true,"href":"https:\/\/pawz.rs\/en\/wp-json\/wp\/v2\/product_cat?post=23063"},{"taxonomy":"product_tag","embeddable":true,"href":"https:\/\/pawz.rs\/en\/wp-json\/wp\/v2\/product_tag?post=23063"}],"curies":[{"name":"wp","href":"https:\/\/api.w.org\/{rel}","templated":true}]}}