{"id":23068,"date":"2024-04-20T20:03:41","date_gmt":"2024-04-20T18:03:41","guid":{"rendered":"https:\/\/pawz.rs\/?post_type=product&#038;p=23068"},"modified":"2026-02-01T13:28:31","modified_gmt":"2026-02-01T12:28:31","slug":"sanicat-silikonski-posip-diamond-lavanda-5-l","status":"publish","type":"product","link":"https:\/\/pawz.rs\/en\/sanicat-silikonski-posip-diamond-lavanda-5-l\/","title":{"rendered":"Sanicat Silikonski Posip Diamond Lavanda 5 L"},"content":{"rendered":"<p><strong>Sanicat Silikonski Posip Diamond Lavanda 5 L<\/strong><\/p>\n<p>Ovaj fantasti\u010dni posip ispu\u0161ta prijatni miris Lavande \u010dime spre\u010dava \u0161irenje neprijatnih mirisa.<\/p>\n<p>100% mo\u0107 upijanja<\/p>\n<p>Lak za odr\u017eavanje<\/p>\n<p>Dugotrajan<\/p>\n<p>Ne\u017ean te ne smeta osetljivim \u0161apama Va\u0161e ma\u010dke \u0161to ga \u010dini pogodnim i za ma\u010di\u0107e<\/p>\n<p>Savr\u0161en je za one vlasnike ma\u010daka koji nemaju vremena da svakodnevno menjaju posip<\/p>\n<p>Napravljen od 100% silikonskog gela<\/p>\n<p>Proizvo\u0111a\u010d: Tolsa, S.A.<br \/>\nCountry of origin: EU<\/p>\n\n    <div class=\"xs_social_share_widget xs_share_url after_content \t\tmain_content  wslu-style-1 wslu-share-box-shaped wslu-fill-colored wslu-none wslu-share-horizontal wslu-theme-font-no wslu-main_content\">\n\n\t\t\n        <ul>\n\t\t\t        <\/ul>\n    <\/div>","protected":false},"excerpt":{"rendered":"<p class=\"my-3 tamnozelena2\">Sanicat Diamond Lavanda je silikonski posip sa mirisom lavande<\/p>\n<p>&nbsp;<\/p>","protected":false},"featured_media":23069,"comment_status":"open","ping_status":"closed","template":"","meta":{"_acf_changed":false},"pwb-brand":[873],"product_cat":[388,23,765,770,80],"product_tag":[],"class_list":{"0":"post-23068","1":"product","2":"type-product","3":"status-publish","4":"has-post-thumbnail","6":"pwb-brand-sanicat","7":"product_cat-higijenski-proizvodi","8":"product_cat-macke","9":"product_cat-oprema-za-macke","10":"product_cat-higijena-macaka","11":"product_cat-higijena-nega-macaka","13":"first","14":"instock","15":"taxable","16":"shipping-taxable","17":"purchasable","18":"product-type-simple"},"acf":[],"brands":[{"id":873,"name":"Sanicat","slug":"sanicat"}],"_links":{"self":[{"href":"https:\/\/pawz.rs\/en\/wp-json\/wp\/v2\/product\/23068","targetHints":{"allow":["GET"]}}],"collection":[{"href":"https:\/\/pawz.rs\/en\/wp-json\/wp\/v2\/product"}],"about":[{"href":"https:\/\/pawz.rs\/en\/wp-json\/wp\/v2\/types\/product"}],"replies":[{"embeddable":true,"href":"https:\/\/pawz.rs\/en\/wp-json\/wp\/v2\/comments?post=23068"}],"wp:featuredmedia":[{"embeddable":true,"href":"https:\/\/pawz.rs\/en\/wp-json\/wp\/v2\/media\/23069"}],"wp:attachment":[{"href":"https:\/\/pawz.rs\/en\/wp-json\/wp\/v2\/media?parent=23068"}],"wp:term":[{"taxonomy":"pwb-brand","embeddable":true,"href":"https:\/\/pawz.rs\/en\/wp-json\/wp\/v2\/pwb-brand?post=23068"},{"taxonomy":"product_cat","embeddable":true,"href":"https:\/\/pawz.rs\/en\/wp-json\/wp\/v2\/product_cat?post=23068"},{"taxonomy":"product_tag","embeddable":true,"href":"https:\/\/pawz.rs\/en\/wp-json\/wp\/v2\/product_tag?post=23068"}],"curies":[{"name":"wp","href":"https:\/\/api.w.org\/{rel}","templated":true}]}}