{"id":23071,"date":"2024-04-20T20:03:39","date_gmt":"2024-04-20T18:03:39","guid":{"rendered":"https:\/\/pawz.rs\/?post_type=product&#038;p=23071"},"modified":"2024-07-17T14:04:45","modified_gmt":"2024-07-17T12:04:45","slug":"sanicat-silikonski-posip-diamond-citric-5l","status":"publish","type":"product","link":"https:\/\/pawz.rs\/en\/sanicat-silikonski-posip-diamond-citric-5l\/","title":{"rendered":"Sanicat Silikonski Posip Diamond Citric 5L"},"content":{"rendered":"<p><strong>Sanicat Silikonski Posip Diamond Citric 5L<\/strong><\/p>\n<p>Posip za ma\u010dke Diamonds pri\u017ea visoku apsorpciju i efikasnu kontrolu mirisa zahvaljuju\u0107i mirisu citrusnog vo\u0107a.<\/p>\n<p>Forma perlica od silika gela omogu\u0107ava laganu teksturu i ostavlja za sobom vrlo malo pra\u0161ine.<\/p>\n<p>Uz minimalno anga\u017eovanje oko odr\u017eavanja, ovaj posip je omiljen kod vlasnika ljubimaca koji nisu u mogu\u0107nosti da posvete mnogo vremena u odr\u017eavanju WC-a za svojih ljubimaca.<\/p>\n<p>Sanicat Diamonds Citrus je idealan za vlasnike ku\u0107nih ljubimaca koji tra\u017ee inovativne tehnologije koje se koriste kod posipa za mace i najbolje mirise koji osve\u017eavaju.<\/p>\n<p><strong>Sastav: <\/strong><br \/>\nSilika gel perlice s mirisom citrusa.<\/p>\n<p>Proizvo\u0111a\u010d: Tolsa, S.A.<br \/>\nCountry of origin: EU<\/p>\n\n    <div class=\"xs_social_share_widget xs_share_url after_content \t\tmain_content  wslu-style-1 wslu-share-box-shaped wslu-fill-colored wslu-none wslu-share-horizontal wslu-theme-font-no wslu-main_content\">\n\n\t\t\n        <ul>\n\t\t\t        <\/ul>\n    <\/div>","protected":false},"excerpt":{"rendered":"<p class=\"my-3 tamnozelena2\">Sanicat Diamond Citric je silikonski posip sa mirisom \u00a0citrusa<\/p>\n<p>&nbsp;<\/p>","protected":false},"featured_media":23072,"comment_status":"open","ping_status":"closed","template":"","meta":{"_acf_changed":false},"pwb-brand":[873],"product_cat":[388,23,765,770,80],"product_tag":[],"class_list":{"0":"post-23071","1":"product","2":"type-product","3":"status-publish","4":"has-post-thumbnail","6":"pwb-brand-sanicat","7":"product_cat-higijenski-proizvodi","8":"product_cat-macke","9":"product_cat-oprema-za-macke","10":"product_cat-higijena-macaka","11":"product_cat-higijena-nega-macaka","13":"first","14":"outofstock","15":"taxable","16":"shipping-taxable","17":"purchasable","18":"product-type-simple"},"acf":[],"brands":[{"id":873,"name":"Sanicat","slug":"sanicat"}],"_links":{"self":[{"href":"https:\/\/pawz.rs\/en\/wp-json\/wp\/v2\/product\/23071","targetHints":{"allow":["GET"]}}],"collection":[{"href":"https:\/\/pawz.rs\/en\/wp-json\/wp\/v2\/product"}],"about":[{"href":"https:\/\/pawz.rs\/en\/wp-json\/wp\/v2\/types\/product"}],"replies":[{"embeddable":true,"href":"https:\/\/pawz.rs\/en\/wp-json\/wp\/v2\/comments?post=23071"}],"wp:featuredmedia":[{"embeddable":true,"href":"https:\/\/pawz.rs\/en\/wp-json\/wp\/v2\/media\/23072"}],"wp:attachment":[{"href":"https:\/\/pawz.rs\/en\/wp-json\/wp\/v2\/media?parent=23071"}],"wp:term":[{"taxonomy":"pwb-brand","embeddable":true,"href":"https:\/\/pawz.rs\/en\/wp-json\/wp\/v2\/pwb-brand?post=23071"},{"taxonomy":"product_cat","embeddable":true,"href":"https:\/\/pawz.rs\/en\/wp-json\/wp\/v2\/product_cat?post=23071"},{"taxonomy":"product_tag","embeddable":true,"href":"https:\/\/pawz.rs\/en\/wp-json\/wp\/v2\/product_tag?post=23071"}],"curies":[{"name":"wp","href":"https:\/\/api.w.org\/{rel}","templated":true}]}}