{"id":23077,"date":"2024-04-20T16:50:37","date_gmt":"2024-04-20T14:50:37","guid":{"rendered":"https:\/\/pawz.rs\/?post_type=product&#038;p=23077"},"modified":"2024-04-20T20:04:06","modified_gmt":"2024-04-20T18:04:06","slug":"sanilove-aqua-marine-1-5-l","status":"publish","type":"product","link":"https:\/\/pawz.rs\/en\/sanilove-aqua-marine-1-5-l\/","title":{"rendered":"Sanilove Aqua Marine 1.5 L"},"content":{"rendered":"<p><strong>Sanilove Aqua Marine 1.5 L<\/strong><\/p>\n<p>Otkrijte novu liniju proizvoda za odr\u017eavanje podnih povr\u0161ina u prostorima u kojima borave ku\u0107ni ljubimci.<br \/>\nZahvaljuju\u0107i inovativnoj formuli ovi proizvodi neutrali\u0161u neprijatne mirise.<br \/>\nMiris proizvoda se dugo zadr\u017eava u prostoru. Neutrali\u0161u prljav\u0161tinu, dlaku i tragove \u0161apa ljubimaca.<br \/>\nLako i brzo se koriste i ne stvaraju penu<\/p>\n<p><strong>Sastav:<\/strong><br \/>\nVoda, alkohol, natrijum lauret sulfat, lauret 10, parfem, dipropilen glikol, natrijum lauret sulfat, heksil cinamal, kvartenijum 22, natrijum etilheksil sulfat 26, metilheksil sulfat, proksiheksil sulfat 26, metilpropional, metilhrorostiozinal, boje.<\/p>\n<p>Dostupno u pakovanju od 1,5 L<\/p>\n<p>Proizvo\u0111a\u010d: Tolsa, S.A.<br \/>\nCountry of origin: EU<\/p>\n\n    <div class=\"xs_social_share_widget xs_share_url after_content \t\tmain_content  wslu-style-1 wslu-share-box-shaped wslu-fill-colored wslu-none wslu-share-horizontal wslu-theme-font-no wslu-main_content\">\n\n\t\t\n        <ul>\n\t\t\t        <\/ul>\n    <\/div>","protected":false},"excerpt":{"rendered":"<p class=\"my-3 tamnozelena2\">Sanilove Aqua Marine je univerzalni koncentrat sa sve\u017eim mirisom mora za \u010di\u0161\u0107enje svih tipova podnih povr\u0161ina u prostorima u kojima borave ku\u0107ni ljubimci<\/p>\n<p>&nbsp;<\/p>","protected":false},"featured_media":23078,"comment_status":"open","ping_status":"closed","template":"","meta":{"_acf_changed":false},"pwb-brand":[873],"product_cat":[23,80,388,47,389],"product_tag":[],"class_list":{"0":"post-23077","1":"product","2":"type-product","3":"status-publish","4":"has-post-thumbnail","6":"pwb-brand-sanicat","7":"product_cat-macke","8":"product_cat-higijena-nega-macaka","9":"product_cat-higijenski-proizvodi","10":"product_cat-psi","11":"product_cat-higijenski-proizvodi-higijena-i-nega-pasa","13":"first","14":"instock","15":"taxable","16":"shipping-taxable","17":"purchasable","18":"product-type-simple"},"acf":[],"brands":[{"id":873,"name":"Sanicat","slug":"sanicat"}],"_links":{"self":[{"href":"https:\/\/pawz.rs\/en\/wp-json\/wp\/v2\/product\/23077","targetHints":{"allow":["GET"]}}],"collection":[{"href":"https:\/\/pawz.rs\/en\/wp-json\/wp\/v2\/product"}],"about":[{"href":"https:\/\/pawz.rs\/en\/wp-json\/wp\/v2\/types\/product"}],"replies":[{"embeddable":true,"href":"https:\/\/pawz.rs\/en\/wp-json\/wp\/v2\/comments?post=23077"}],"wp:featuredmedia":[{"embeddable":true,"href":"https:\/\/pawz.rs\/en\/wp-json\/wp\/v2\/media\/23078"}],"wp:attachment":[{"href":"https:\/\/pawz.rs\/en\/wp-json\/wp\/v2\/media?parent=23077"}],"wp:term":[{"taxonomy":"pwb-brand","embeddable":true,"href":"https:\/\/pawz.rs\/en\/wp-json\/wp\/v2\/pwb-brand?post=23077"},{"taxonomy":"product_cat","embeddable":true,"href":"https:\/\/pawz.rs\/en\/wp-json\/wp\/v2\/product_cat?post=23077"},{"taxonomy":"product_tag","embeddable":true,"href":"https:\/\/pawz.rs\/en\/wp-json\/wp\/v2\/product_tag?post=23077"}],"curies":[{"name":"wp","href":"https:\/\/api.w.org\/{rel}","templated":true}]}}