{"id":23207,"date":"2024-04-22T20:00:20","date_gmt":"2024-04-22T18:00:20","guid":{"rendered":"https:\/\/pawz.rs\/?post_type=product&#038;p=23207"},"modified":"2024-07-17T14:01:54","modified_gmt":"2024-07-17T12:01:54","slug":"blutive-posip-za-macke-lavanda-6-l","status":"publish","type":"product","link":"https:\/\/pawz.rs\/en\/blutive-posip-za-macke-lavanda-6-l\/","title":{"rendered":"Blutive Posip Za Ma\u010dke Lavanda 6 L"},"content":{"rendered":"<p><strong>Blutive Posip Za Ma\u010dke Lavanda 6 L<\/strong><\/p>\n<p>Blutive posip ima izrazito dobra upijaju\u0107a svojstva, formira se \u010dvrsta grudva koja se ne mrvi.<br \/>\nPoseduje blagi, prijatan miris. Gotovo je bez pra\u0161ine.<br \/>\nIzra\u0111en je od 100% prirodnog betonita, bez ikakvih toksi\u010dnih komponenti.<br \/>\nAmbala\u017ea mu je izra\u0111ena od recikliranog kartona bez plastike.<\/p>\n<p><strong>Uputstvo za upotrebu:<br \/>\n<\/strong>Napunite posudu za pesak sa otprilike 7 cm peska. Ravnomerno rasporedite.<br \/>\nRedovno uklanjajte grudvice i \u010dvrst otpad, preporu\u010duje se svakodnevno.<br \/>\nOdlo\u017eite iskori\u0161\u0107eni pesak u skladu sa lokalnim propisima, ne bacati u wc \u0161olju.<br \/>\nDopunite sve\u017eim peskom do preporu\u010denog nivoa, da bi izbegli stvaranje grudvica koje se ne mogu zalepiti za dno posude.<br \/>\nZamenite ceo sadr\u017eaj posude onda kada izgubi higijenska svojstva, u proseku na 4-6 nedelja<\/p>\n<p><strong>Preporuke:<br \/>\n<\/strong>Pranje ruku se preporu\u010duje posle upotrebe.<br \/>\nTrudnice i dojilje, kao i bebe i mala deca treba da izbegavaju kontakt sa iskori\u0161\u0107enim peskom i posudom za pesak.<br \/>\n\u010cuvati na suvom mestu da bi se zadr\u017eala postojanost proizvoda.<\/p>\n<p>Proizvo\u0111a\u010d:\u00a0 Brandstory S.L.<br \/>\nZemlja porekla: \u0160panija<\/p>\n\n    <div class=\"xs_social_share_widget xs_share_url after_content \t\tmain_content  wslu-style-1 wslu-share-box-shaped wslu-fill-colored wslu-none wslu-share-horizontal wslu-theme-font-no wslu-main_content\">\n\n\t\t\n        <ul>\n\t\t\t        <\/ul>\n    <\/div>","protected":false},"excerpt":{"rendered":"<p>Blutive posip za ma\u010dke je supergrudvaju\u0107i posip sa mirisom lavande.<\/p>","protected":false},"featured_media":23209,"comment_status":"open","ping_status":"closed","template":"","meta":{"_acf_changed":false},"pwb-brand":[890],"product_cat":[23,765,770],"product_tag":[],"class_list":{"0":"post-23207","1":"product","2":"type-product","3":"status-publish","4":"has-post-thumbnail","6":"pwb-brand-blutive","7":"product_cat-macke","8":"product_cat-oprema-za-macke","9":"product_cat-higijena-macaka","11":"first","12":"instock","13":"taxable","14":"shipping-taxable","15":"purchasable","16":"product-type-simple"},"acf":[],"brands":[{"id":890,"name":"Blutive","slug":"blutive"}],"_links":{"self":[{"href":"https:\/\/pawz.rs\/en\/wp-json\/wp\/v2\/product\/23207","targetHints":{"allow":["GET"]}}],"collection":[{"href":"https:\/\/pawz.rs\/en\/wp-json\/wp\/v2\/product"}],"about":[{"href":"https:\/\/pawz.rs\/en\/wp-json\/wp\/v2\/types\/product"}],"replies":[{"embeddable":true,"href":"https:\/\/pawz.rs\/en\/wp-json\/wp\/v2\/comments?post=23207"}],"wp:featuredmedia":[{"embeddable":true,"href":"https:\/\/pawz.rs\/en\/wp-json\/wp\/v2\/media\/23209"}],"wp:attachment":[{"href":"https:\/\/pawz.rs\/en\/wp-json\/wp\/v2\/media?parent=23207"}],"wp:term":[{"taxonomy":"pwb-brand","embeddable":true,"href":"https:\/\/pawz.rs\/en\/wp-json\/wp\/v2\/pwb-brand?post=23207"},{"taxonomy":"product_cat","embeddable":true,"href":"https:\/\/pawz.rs\/en\/wp-json\/wp\/v2\/product_cat?post=23207"},{"taxonomy":"product_tag","embeddable":true,"href":"https:\/\/pawz.rs\/en\/wp-json\/wp\/v2\/product_tag?post=23207"}],"curies":[{"name":"wp","href":"https:\/\/api.w.org\/{rel}","templated":true}]}}