{"id":23212,"date":"2024-04-22T15:19:32","date_gmt":"2024-04-22T13:19:32","guid":{"rendered":"https:\/\/pawz.rs\/?post_type=product&#038;p=23212"},"modified":"2024-07-17T14:02:25","modified_gmt":"2024-07-17T12:02:25","slug":"dorty-maya-silikonski-posip-5-l","status":"publish","type":"product","link":"https:\/\/pawz.rs\/en\/dorty-maya-silikonski-posip-5-l\/","title":{"rendered":"Dorty Maya Silikonski Posip 5 L"},"content":{"rendered":"<p><strong>Dorty Maya Silikonski Posip 5 L<\/strong><\/p>\n<p>Uporedjivano sa klasi\u010dnim posipima za ma\u010dke MAYA silikonski gel ima odli\u010dnu mo\u0107 upijanja te\u010dnosti i zahvljajuju\u0107i \u0161to ima trajnost puno je racionalniji.<br \/>\nOdli\u010dno upija te\u010dnost i ve\u017ee mirise: milion mikroskopskih pora u granulama, brzinom sundjera upija te\u010dnost i mirise.<\/p>\n<p>Mirise i prljav\u0161tine \u010duva unutar pora. Isti je bez pra\u0161ine.<br \/>\nZahvaljuju\u0107i posebnom obliku i meri ne lepi se za krzno i \u0161ape ma\u010dke.<\/p>\n<p>Bez pra\u0161ine je i ne iritira o\u010di i nos ma\u010dke.<br \/>\n100% prirodan i siguran: 100% prirodan, biorazgradiv, netoksi\u010dan i ekolo\u0161ki.<\/p>\n<p>Proizvo\u0111a\u010d: Dorty<br \/>\nCountry of origin: EU<\/p>\n\n    <div class=\"xs_social_share_widget xs_share_url after_content \t\tmain_content  wslu-style-1 wslu-share-box-shaped wslu-fill-colored wslu-none wslu-share-horizontal wslu-theme-font-no wslu-main_content\">\n\n\t\t\n        <ul>\n\t\t\t        <\/ul>\n    <\/div>","protected":false},"excerpt":{"rendered":"<p>Maya silikonski posip za ma\u010dke sa odli\u010dnom mo\u0107i upijanja.<\/p>","protected":false},"featured_media":23213,"comment_status":"open","ping_status":"closed","template":"","meta":{"_acf_changed":false},"pwb-brand":[],"product_cat":[23,765,770],"product_tag":[],"class_list":{"0":"post-23212","1":"product","2":"type-product","3":"status-publish","4":"has-post-thumbnail","6":"product_cat-macke","7":"product_cat-oprema-za-macke","8":"product_cat-higijena-macaka","10":"first","11":"instock","12":"taxable","13":"shipping-taxable","14":"purchasable","15":"product-type-simple"},"acf":[],"brands":[],"_links":{"self":[{"href":"https:\/\/pawz.rs\/en\/wp-json\/wp\/v2\/product\/23212","targetHints":{"allow":["GET"]}}],"collection":[{"href":"https:\/\/pawz.rs\/en\/wp-json\/wp\/v2\/product"}],"about":[{"href":"https:\/\/pawz.rs\/en\/wp-json\/wp\/v2\/types\/product"}],"replies":[{"embeddable":true,"href":"https:\/\/pawz.rs\/en\/wp-json\/wp\/v2\/comments?post=23212"}],"wp:featuredmedia":[{"embeddable":true,"href":"https:\/\/pawz.rs\/en\/wp-json\/wp\/v2\/media\/23213"}],"wp:attachment":[{"href":"https:\/\/pawz.rs\/en\/wp-json\/wp\/v2\/media?parent=23212"}],"wp:term":[{"taxonomy":"pwb-brand","embeddable":true,"href":"https:\/\/pawz.rs\/en\/wp-json\/wp\/v2\/pwb-brand?post=23212"},{"taxonomy":"product_cat","embeddable":true,"href":"https:\/\/pawz.rs\/en\/wp-json\/wp\/v2\/product_cat?post=23212"},{"taxonomy":"product_tag","embeddable":true,"href":"https:\/\/pawz.rs\/en\/wp-json\/wp\/v2\/product_tag?post=23212"}],"curies":[{"name":"wp","href":"https:\/\/api.w.org\/{rel}","templated":true}]}}