{"id":23214,"date":"2024-05-30T16:15:15","date_gmt":"2024-05-30T14:15:15","guid":{"rendered":"https:\/\/pawz.rs\/?post_type=product&#038;p=23214"},"modified":"2026-01-21T19:49:54","modified_gmt":"2026-01-21T18:49:54","slug":"moksi-silikonski-posip-za-macke","status":"publish","type":"product","link":"https:\/\/pawz.rs\/en\/moksi-silikonski-posip-za-macke\/","title":{"rendered":"Moksi Silikonski Posip Za Ma\u010dke"},"content":{"rendered":"<p><strong>Moksi Silikonski Posip Za Ma\u010dke\u00a0<\/strong><\/p>\n<p>Moksi silikonski posip za ma\u010dke osigurava jeftinu potro\u0161nju, u pore\u0111enju sa tradicionalnim posipima, zahvaljuju\u0107i odli\u010dnoj mo\u0107i apsorpcije i dugotrajnoj upotrebi. Milioni mikroskopskih \u010destica u svakom zrnu jako brzo upijaju te\u010dnosti kao sun\u0111er.<\/p>\n<p>Mirisi i ne\u010disto\u0107e su zarobljeni unutra! Zahvaljuju\u0107i specifi\u010dnom obliku i veli\u010dini zrna Moksi silikonskog posipa, ne lepi se za dlaku i \u0161ape Va\u0161e ma\u010dke i nema pra\u0161ine koja iritira o\u010di i nos Va\u0161eg ljubimca.<\/p>\n<p>Moksi silikonski posip je 100% prirodan, biorazgradiv, netoksi\u010dan i ne zaga\u0111uje okolinu, inhibi\u0161e razmno\u017eavanje bakterija.<\/p>\n<p>Proizvo\u0111a\u010d: Qingdao Kingstar International<br \/>\nZemlja porekla: Kina<\/p>\n\n    <div class=\"xs_social_share_widget xs_share_url after_content \t\tmain_content  wslu-style-1 wslu-share-box-shaped wslu-fill-colored wslu-none wslu-share-horizontal wslu-theme-font-no wslu-main_content\">\n\n\t\t\n        <ul>\n\t\t\t        <\/ul>\n    <\/div>","protected":false},"excerpt":{"rendered":"<p>Moksi silikonski posip za ma\u010dke je idealan posip za mace koje \u017eive u ku\u0107i<\/p>","protected":false},"featured_media":23215,"comment_status":"open","ping_status":"closed","template":"","meta":{"_acf_changed":false},"pwb-brand":[894],"product_cat":[770,23,765],"product_tag":[],"class_list":{"0":"post-23214","1":"product","2":"type-product","3":"status-publish","4":"has-post-thumbnail","6":"pwb-brand-moksi","7":"product_cat-higijena-macaka","8":"product_cat-macke","9":"product_cat-oprema-za-macke","11":"first","12":"instock","13":"taxable","14":"shipping-taxable","15":"purchasable","16":"product-type-variable","17":"has-default-attributes"},"acf":[],"brands":[{"id":894,"name":"Moksi","slug":"moksi"}],"_links":{"self":[{"href":"https:\/\/pawz.rs\/en\/wp-json\/wp\/v2\/product\/23214","targetHints":{"allow":["GET"]}}],"collection":[{"href":"https:\/\/pawz.rs\/en\/wp-json\/wp\/v2\/product"}],"about":[{"href":"https:\/\/pawz.rs\/en\/wp-json\/wp\/v2\/types\/product"}],"replies":[{"embeddable":true,"href":"https:\/\/pawz.rs\/en\/wp-json\/wp\/v2\/comments?post=23214"}],"wp:featuredmedia":[{"embeddable":true,"href":"https:\/\/pawz.rs\/en\/wp-json\/wp\/v2\/media\/23215"}],"wp:attachment":[{"href":"https:\/\/pawz.rs\/en\/wp-json\/wp\/v2\/media?parent=23214"}],"wp:term":[{"taxonomy":"pwb-brand","embeddable":true,"href":"https:\/\/pawz.rs\/en\/wp-json\/wp\/v2\/pwb-brand?post=23214"},{"taxonomy":"product_cat","embeddable":true,"href":"https:\/\/pawz.rs\/en\/wp-json\/wp\/v2\/product_cat?post=23214"},{"taxonomy":"product_tag","embeddable":true,"href":"https:\/\/pawz.rs\/en\/wp-json\/wp\/v2\/product_tag?post=23214"}],"curies":[{"name":"wp","href":"https:\/\/api.w.org\/{rel}","templated":true}]}}