{"id":23217,"date":"2024-04-22T20:07:43","date_gmt":"2024-04-22T18:07:43","guid":{"rendered":"https:\/\/pawz.rs\/?post_type=product&#038;p=23217"},"modified":"2025-10-02T22:13:39","modified_gmt":"2025-10-02T20:13:39","slug":"versele-laga-senegal-posip-za-macke-18-kg","status":"publish","type":"product","link":"https:\/\/pawz.rs\/en\/versele-laga-senegal-posip-za-macke-18-kg\/","title":{"rendered":"Versele-Laga Senegal Posip Za Ma\u010dke 18 kg"},"content":{"rendered":"<p><strong>Versele-Laga Senegal Posip Za Ma\u010dke 18 kg<\/strong><\/p>\n<div class=\"container\">\n<div class=\"row\">\n<div class=\"col-sm-5\">\n<div id=\"opis\" class=\"collapse show\">\n<div class=\"row\">\n<div class=\"col-sm-12\">\n<p><strong>Versele-Laga Senegal<\/strong>\u00a0je beli, laki higijenski posip za ma\u010dke napravljen od bele senegalske gline.<br \/>\nOvaj posip u kontaktu sa mokra\u0107om ili izmetom momentalno neutrali\u0161e njihove neprijatne mirise dok oko istih nabubri \u0161to omogu\u0107ava lako uklanjanje iz posude za posip.<\/p>\n<p>Razumna cena, odli\u010dan kvalitet i laka upotreba \u010dine ovaj proizvod jednim od najcenjenijih na tr\u017ei\u0161tu.<\/p>\n<p><strong>Uputstvo za upotrebu:<br \/>\n<\/strong>Staviti 4-7 cm posipa u posudu. Isprljani delovi posipa se jako brzo su\u0161e te mogu lako biti izba\u010deni iz posude.<br \/>\nRedovno protresite posudu u kojoj je posip i dopunite ga po potrebi. Radi maksimalne higijene perite posudu za posip dva puta nedeljno.<\/p>\n<p>Proizvo\u0111a\u010d: Versle-Laga, Kapellestraat 70, Deinze, Belgium<br \/>\nZemlja porekla: Belgija (EU)<\/p>\n<\/div>\n<\/div>\n<\/div>\n<\/div>\n<\/div>\n<\/div>\n<footer class=\"page-footer font-small pt-4\">\n<div class=\"container-fluid text-center text-md-left\">\n<div class=\"row\">\n<div class=\"col-md-3 mb-md-0 mb-3\"><\/div>\n<\/div>\n<\/div>\n<div class=\"footer-copyright text-center py-3\"><\/div>\n<\/footer>\n\n    <div class=\"xs_social_share_widget xs_share_url after_content \t\tmain_content  wslu-style-1 wslu-share-box-shaped wslu-fill-colored wslu-none wslu-share-horizontal wslu-theme-font-no wslu-main_content\">\n\n\t\t\n        <ul>\n\t\t\t        <\/ul>\n    <\/div>","protected":false},"excerpt":{"rendered":"<p class=\"my-3 tamnozelena2\">Versele-Laga Senegal je posip vrhunskog kvaliteta napravljen od bele senegalske gline<\/p>","protected":false},"featured_media":23218,"comment_status":"open","ping_status":"closed","template":"","meta":{"_acf_changed":false},"pwb-brand":[318],"product_cat":[23,765,770],"product_tag":[],"class_list":{"0":"post-23217","1":"product","2":"type-product","3":"status-publish","4":"has-post-thumbnail","6":"pwb-brand-versele-laga","7":"product_cat-macke","8":"product_cat-oprema-za-macke","9":"product_cat-higijena-macaka","11":"first","12":"instock","13":"taxable","14":"shipping-taxable","15":"purchasable","16":"product-type-simple"},"acf":[],"brands":[{"id":318,"name":"Versele-Laga","slug":"versele-laga"}],"_links":{"self":[{"href":"https:\/\/pawz.rs\/en\/wp-json\/wp\/v2\/product\/23217","targetHints":{"allow":["GET"]}}],"collection":[{"href":"https:\/\/pawz.rs\/en\/wp-json\/wp\/v2\/product"}],"about":[{"href":"https:\/\/pawz.rs\/en\/wp-json\/wp\/v2\/types\/product"}],"replies":[{"embeddable":true,"href":"https:\/\/pawz.rs\/en\/wp-json\/wp\/v2\/comments?post=23217"}],"wp:featuredmedia":[{"embeddable":true,"href":"https:\/\/pawz.rs\/en\/wp-json\/wp\/v2\/media\/23218"}],"wp:attachment":[{"href":"https:\/\/pawz.rs\/en\/wp-json\/wp\/v2\/media?parent=23217"}],"wp:term":[{"taxonomy":"pwb-brand","embeddable":true,"href":"https:\/\/pawz.rs\/en\/wp-json\/wp\/v2\/pwb-brand?post=23217"},{"taxonomy":"product_cat","embeddable":true,"href":"https:\/\/pawz.rs\/en\/wp-json\/wp\/v2\/product_cat?post=23217"},{"taxonomy":"product_tag","embeddable":true,"href":"https:\/\/pawz.rs\/en\/wp-json\/wp\/v2\/product_tag?post=23217"}],"curies":[{"name":"wp","href":"https:\/\/api.w.org\/{rel}","templated":true}]}}