{"id":23219,"date":"2024-04-22T17:50:45","date_gmt":"2024-04-22T15:50:45","guid":{"rendered":"https:\/\/pawz.rs\/?post_type=product&#038;p=23219"},"modified":"2025-10-02T22:14:26","modified_gmt":"2025-10-02T20:14:26","slug":"versele-laga-nature-posip-za-macke-15-kg","status":"publish","type":"product","link":"https:\/\/pawz.rs\/en\/versele-laga-nature-posip-za-macke-15-kg\/","title":{"rendered":"Versele-Laga Nature Posip Za Ma\u010dke 15 kg"},"content":{"rendered":"<p><strong>Versele-Laga Nature Posip Za Ma\u010dke 15 kg<\/strong><\/p>\n<div class=\"container\">\n<div class=\"row\">\n<div class=\"col-sm-5\">\n<div id=\"opis\" class=\"collapse show\">\n<div class=\"row\">\n<div class=\"col-sm-12\">\n<p><strong>Versele-Laga Nature <\/strong>je higijenski posip za ma\u010dke napravljen od peletirane piljevine.<\/p>\n<p>&#8211; Ekonomi\u010dan za upotrebu<br \/>\n&#8211; Mekano prijanja za ma\u010dije \u0161apice i ne lepi se za dlaku<br \/>\n&#8211; Nakon upotrebe se mo\u017ee dodati kompostu ili se upotrebiti kao humus \u0161to ga dodatno \u010dini dobrim za \u017eivotnu okolinu<\/p>\n<p><strong>Uputstvo za upotrebu:<br \/>\n<\/strong>Stavite 3-5 cm posipa u posudu. Svakoga dana uklanjajte isprljane delove posipa, protresite posudu u kojoj je posip i dopunite ga ako je neophodno.<br \/>\nZa maksimalnu higijenu operite posudu minimum jednom nedeljno.<\/p>\n<p>Proizvo\u0111a\u010d: Versle-Laga, Kapellestraat 70, Deinze, Belgium<br \/>\nZemlja porekla: Belgija (EU)<\/p>\n<\/div>\n<\/div>\n<\/div>\n<\/div>\n<\/div>\n<\/div>\n<footer class=\"page-footer font-small pt-4\">\n<div class=\"container-fluid text-center text-md-left\">\n<div class=\"row\">\n<div class=\"col-md-3 mb-md-0 mb-3\"><\/div>\n<\/div>\n<\/div>\n<div class=\"footer-copyright text-center py-3\"><\/div>\n<\/footer>\n\n    <div class=\"xs_social_share_widget xs_share_url after_content \t\tmain_content  wslu-style-1 wslu-share-box-shaped wslu-fill-colored wslu-none wslu-share-horizontal wslu-theme-font-no wslu-main_content\">\n\n\t\t\n        <ul>\n\t\t\t        <\/ul>\n    <\/div>","protected":false},"excerpt":{"rendered":"<p class=\"my-3 tamnozelena2\">Versele-Laga Nature je 100% prirodni posip od peletirane piljevine<\/p>","protected":false},"featured_media":23220,"comment_status":"open","ping_status":"closed","template":"","meta":{"_acf_changed":false},"pwb-brand":[318],"product_cat":[23,765,770],"product_tag":[],"class_list":{"0":"post-23219","1":"product","2":"type-product","3":"status-publish","4":"has-post-thumbnail","6":"pwb-brand-versele-laga","7":"product_cat-macke","8":"product_cat-oprema-za-macke","9":"product_cat-higijena-macaka","11":"first","12":"instock","13":"taxable","14":"shipping-taxable","15":"purchasable","16":"product-type-simple"},"acf":[],"brands":[{"id":318,"name":"Versele-Laga","slug":"versele-laga"}],"_links":{"self":[{"href":"https:\/\/pawz.rs\/en\/wp-json\/wp\/v2\/product\/23219","targetHints":{"allow":["GET"]}}],"collection":[{"href":"https:\/\/pawz.rs\/en\/wp-json\/wp\/v2\/product"}],"about":[{"href":"https:\/\/pawz.rs\/en\/wp-json\/wp\/v2\/types\/product"}],"replies":[{"embeddable":true,"href":"https:\/\/pawz.rs\/en\/wp-json\/wp\/v2\/comments?post=23219"}],"wp:featuredmedia":[{"embeddable":true,"href":"https:\/\/pawz.rs\/en\/wp-json\/wp\/v2\/media\/23220"}],"wp:attachment":[{"href":"https:\/\/pawz.rs\/en\/wp-json\/wp\/v2\/media?parent=23219"}],"wp:term":[{"taxonomy":"pwb-brand","embeddable":true,"href":"https:\/\/pawz.rs\/en\/wp-json\/wp\/v2\/pwb-brand?post=23219"},{"taxonomy":"product_cat","embeddable":true,"href":"https:\/\/pawz.rs\/en\/wp-json\/wp\/v2\/product_cat?post=23219"},{"taxonomy":"product_tag","embeddable":true,"href":"https:\/\/pawz.rs\/en\/wp-json\/wp\/v2\/product_tag?post=23219"}],"curies":[{"name":"wp","href":"https:\/\/api.w.org\/{rel}","templated":true}]}}