{"id":23221,"date":"2024-04-22T18:00:26","date_gmt":"2024-04-22T16:00:26","guid":{"rendered":"https:\/\/pawz.rs\/?post_type=product&#038;p=23221"},"modified":"2025-10-02T22:10:53","modified_gmt":"2025-10-02T20:10:53","slug":"versele-laga-canadian-fine-posip-za-macke-15-kg","status":"publish","type":"product","link":"https:\/\/pawz.rs\/en\/versele-laga-canadian-fine-posip-za-macke-15-kg\/","title":{"rendered":"Versele-Laga Canadian Fine Posip Za Ma\u010dke 15 kg"},"content":{"rendered":"<p><strong>Versele-Laga Canadian Fine Posip Za Ma\u010dke 15 kg<\/strong><\/p>\n<div class=\"container\">\n<div class=\"row\">\n<div class=\"col-sm-5\">\n<div id=\"opis\" class=\"collapse show\">\n<div class=\"row\">\n<div class=\"col-sm-12\">\n<p><strong>Versele-Laga Canadian Fine <\/strong>je grudvaju\u0107i posip napravljen od 100% kanadske gline.<\/p>\n<ul>\n<li>Ne pravi pra\u0161inu, ne sadr\u017ei hemijske dodatke i sinteti\u010dke mirise.<\/li>\n<li>Sa Silver Clean TM formulom koja omogu\u0107ava dugotrajnu kontrolu neprijatnih mirisa<\/li>\n<li>Ograni\u010dava razvoj bakterija i elimini\u0161e neprijatne mirise<\/li>\n<\/ul>\n<p><strong>Uputstvo za upotrebu:<br \/>\n<\/strong>Nije neophodno odr\u017eavanje na dnevnom nivou.<br \/>\nSipajte 10-14cm posipa u posudu.<\/p>\n<p>Nemojte dodavati eliminatore neprijatnih mirisa.<br \/>\n\u010cistite posudu za posip jednom nedeljno ili po potrebi.<\/p>\n<p>Dopunite posudu sa onoliko posipa koliko ste izbacili prilikom \u010di\u0161\u0107enja.<br \/>\nNe pokrivajte posudu za posip. Dr\u017eite na hladnom mestu<\/p>\n<p>Proizvo\u0111a\u010d: Versle-Laga, Kapellestraat 70, Deinze, Belgium<br \/>\nZemlja porekla: Belgija (EU)<\/p>\n<\/div>\n<\/div>\n<\/div>\n<\/div>\n<\/div>\n<\/div>\n<footer class=\"page-footer font-small pt-4\">\n<div class=\"container-fluid text-center text-md-left\">\n<div class=\"row\">\n<div class=\"col-md-3 mb-md-0 mb-3\"><\/div>\n<\/div>\n<\/div>\n<div class=\"footer-copyright text-center py-3\"><\/div>\n<\/footer>\n\n    <div class=\"xs_social_share_widget xs_share_url after_content \t\tmain_content  wslu-style-1 wslu-share-box-shaped wslu-fill-colored wslu-none wslu-share-horizontal wslu-theme-font-no wslu-main_content\">\n\n\t\t\n        <ul>\n\t\t\t        <\/ul>\n    <\/div>","protected":false},"excerpt":{"rendered":"<p class=\"my-3 tamnozelena2\">Versele-Laga Canadian Fine je grudvaju\u0107i posip premium kvaliteta napravljen od 100% kanadske gline, lako se odr\u017eava i odli\u010dno upija neprijatne mirise<\/p>","protected":false},"featured_media":23218,"comment_status":"open","ping_status":"closed","template":"","meta":{"_acf_changed":false},"pwb-brand":[318],"product_cat":[23,765,770],"product_tag":[],"class_list":{"0":"post-23221","1":"product","2":"type-product","3":"status-publish","4":"has-post-thumbnail","6":"pwb-brand-versele-laga","7":"product_cat-macke","8":"product_cat-oprema-za-macke","9":"product_cat-higijena-macaka","11":"first","12":"instock","13":"taxable","14":"shipping-taxable","15":"purchasable","16":"product-type-simple"},"acf":[],"brands":[{"id":318,"name":"Versele-Laga","slug":"versele-laga"}],"_links":{"self":[{"href":"https:\/\/pawz.rs\/en\/wp-json\/wp\/v2\/product\/23221","targetHints":{"allow":["GET"]}}],"collection":[{"href":"https:\/\/pawz.rs\/en\/wp-json\/wp\/v2\/product"}],"about":[{"href":"https:\/\/pawz.rs\/en\/wp-json\/wp\/v2\/types\/product"}],"replies":[{"embeddable":true,"href":"https:\/\/pawz.rs\/en\/wp-json\/wp\/v2\/comments?post=23221"}],"wp:featuredmedia":[{"embeddable":true,"href":"https:\/\/pawz.rs\/en\/wp-json\/wp\/v2\/media\/23218"}],"wp:attachment":[{"href":"https:\/\/pawz.rs\/en\/wp-json\/wp\/v2\/media?parent=23221"}],"wp:term":[{"taxonomy":"pwb-brand","embeddable":true,"href":"https:\/\/pawz.rs\/en\/wp-json\/wp\/v2\/pwb-brand?post=23221"},{"taxonomy":"product_cat","embeddable":true,"href":"https:\/\/pawz.rs\/en\/wp-json\/wp\/v2\/product_cat?post=23221"},{"taxonomy":"product_tag","embeddable":true,"href":"https:\/\/pawz.rs\/en\/wp-json\/wp\/v2\/product_tag?post=23221"}],"curies":[{"name":"wp","href":"https:\/\/api.w.org\/{rel}","templated":true}]}}