{"id":24106,"date":"2024-05-10T18:03:56","date_gmt":"2024-05-10T16:03:56","guid":{"rendered":"https:\/\/pawz.rs\/?post_type=product&#038;p=24106"},"modified":"2026-04-05T23:15:54","modified_gmt":"2026-04-05T21:15:54","slug":"hills-science-plan-dog-adult-large-breed-jagnjetina-i-pirinac-14-kg","status":"publish","type":"product","link":"https:\/\/pawz.rs\/en\/hills-science-plan-dog-adult-large-breed-jagnjetina-i-pirinac-14-kg\/","title":{"rendered":"Hill&#8217;s Science Plan Dog Adult Large Breed Jagnjetina I Pirina\u010d 14 kg"},"content":{"rendered":"<p><strong>Hill&#8217;s Science Plan Dog Adult Large Breed Jagnjetina I Pirina\u010d 14 kg<\/strong><\/p>\n<p>Kompletna suva hrana za pse velikih i krupnih rasa te\u017eine preko 25 kg uzrasta od 1 do 5 godina.<\/p>\n<ul>\n<li>Proizvod nije ve\u0161ta\u010dki konzerviran. Bez sinteti\u010dkih boja. Bez ve\u0161ta\u010dkih aroma.<\/li>\n<li>KLINI\u010cKI DOKAZANI antioksidansi, vitamini C i E za zdrav imuni sistem.<\/li>\n<li>Izbalansirana me\u0161avina omega-6 masnih kiselina i vitamina E hrani ko\u017eu va\u0161eg psa za zdravu, sjajnu dlaku.<\/li>\n<\/ul>\n<p>Veliki psi imaju posebne potrebe u ishrani, stoga je hrana HILL&#8217;S SCIENCE PLAN Large Breed Adult sa jagnjetinom i pirin\u010dem specijalno formulisana za energetske potrebe velikih rasa u najboljim godinama njihovog \u017eivota.<\/p>\n<p>Ova hrana sadr\u017ei visokokvalitetne, lako svarljive sastojke i proizvedena je za potpuno odrasle, velike pse i izgradnju \u010distih mi\u0161ic\u0301a. Pored visokokvalitetnih proteina, tu su glukozamin i hondroitin za zdrave zglobove i pokretljivost.<\/p>\n<p><strong>Sastojci<\/strong>:<br \/>\n\u017ditarice (lomljeni pirina\u010d 6%), ekstrakti biljnih proteina, meso i proizvodi \u017eivotinjskog porekla (jagnjetina 9%), ulja i masti, minerali, meku\u0161ci i rakovi.<\/p>\n<p><strong>Analytical composition:<\/strong><br \/>\nProteini 21,2%, Sadr\u017eaj masti 14,1%, Sirova vlakna 1,6%, Sirovi pepeo 4,8%, Omega-6 masne kiseline 3,3%, Kalcijum 0,80%, Fosfor 0,64%, Natrijum 0,24%, Kalijum 0,63%, Magnezijum 0,1%; po kg: Vitamin A 9,998IU, Vitamin D3 846IU, Vitamin E 650 mg, Vitamin C 90 mg, Beta-karoten 1,5 mg, Glukozamin 573 mg, Hondroitin sulfat 256 mg.<\/p>\n<p><strong>Dodaci (po kg):<\/strong><br \/>\n3b103 (gvo\u017e\u0111e) 86,2 mg, 3b202 (jod) 2,1 mg, 3b405 (bakar) 8,5 mg, 3b502 (mangan) 8,9 mg, 3b603 (cink) 151 mg, 3b800 (selen).<\/p>\n<p><strong>Uputstvo za hranjenje<\/strong>: Hraniti preporu\u010denu dnevnu koli\u010dinu ozna\u010denu na pakovanju; prilagodite koli\u010dinu kako biste odr\u017eali optimalnu te\u017einu.<\/p>\n<p><strong>Da li hranite prvi put ovom hranom?<br \/>\n<\/strong> Napravite postepeni prelazak na ovu hranu tokom 7 dana me\u0161anjem sve vec\u0301e koli\u010dine nove hrane u hranu koju ste koristili. Sve\u017ea voda treba uvek biti dostupna.<\/p>\n<p>Sve\u017ea voda uvek treba biti dostupna.<\/p>\n<p>Proizvo\u0111a\u010d: Hill&#8217;s Pet Nutrition EU Switzerland<br \/>\nZemlja porekla: \u0160vajcarska<\/p>\n<p>&nbsp;<\/p>\n\n    <div class=\"xs_social_share_widget xs_share_url after_content \t\tmain_content  wslu-style-1 wslu-share-box-shaped wslu-fill-colored wslu-none wslu-share-horizontal wslu-theme-font-no wslu-main_content\">\n\n\t\t\n        <ul>\n\t\t\t        <\/ul>\n    <\/div>","protected":false},"excerpt":{"rendered":"<p>Hill&#8217;s Science Plan Dog Adult Large Breed je suva hrana za odrasle pse velike rase, od 1 do 5 godina, sa ukusom jagnjetine i pirin\u010da<\/p>","protected":false},"featured_media":24107,"comment_status":"closed","ping_status":"closed","template":"","meta":{"_acf_changed":false},"pwb-brand":[916],"product_cat":[49,48,47],"product_tag":[],"class_list":{"0":"post-24106","1":"product","2":"type-product","3":"status-publish","4":"has-post-thumbnail","6":"pwb-brand-hills","7":"product_cat-granule-za-pse","8":"product_cat-hrana-za-pse","9":"product_cat-psi","11":"first","12":"instock","13":"taxable","14":"shipping-taxable","15":"purchasable","16":"product-type-simple"},"acf":[],"brands":[{"id":916,"name":"Hills","slug":"hills"}],"_links":{"self":[{"href":"https:\/\/pawz.rs\/en\/wp-json\/wp\/v2\/product\/24106","targetHints":{"allow":["GET"]}}],"collection":[{"href":"https:\/\/pawz.rs\/en\/wp-json\/wp\/v2\/product"}],"about":[{"href":"https:\/\/pawz.rs\/en\/wp-json\/wp\/v2\/types\/product"}],"replies":[{"embeddable":true,"href":"https:\/\/pawz.rs\/en\/wp-json\/wp\/v2\/comments?post=24106"}],"wp:featuredmedia":[{"embeddable":true,"href":"https:\/\/pawz.rs\/en\/wp-json\/wp\/v2\/media\/24107"}],"wp:attachment":[{"href":"https:\/\/pawz.rs\/en\/wp-json\/wp\/v2\/media?parent=24106"}],"wp:term":[{"taxonomy":"pwb-brand","embeddable":true,"href":"https:\/\/pawz.rs\/en\/wp-json\/wp\/v2\/pwb-brand?post=24106"},{"taxonomy":"product_cat","embeddable":true,"href":"https:\/\/pawz.rs\/en\/wp-json\/wp\/v2\/product_cat?post=24106"},{"taxonomy":"product_tag","embeddable":true,"href":"https:\/\/pawz.rs\/en\/wp-json\/wp\/v2\/product_tag?post=24106"}],"curies":[{"name":"wp","href":"https:\/\/api.w.org\/{rel}","templated":true}]}}