{"id":24119,"date":"2024-05-10T18:03:54","date_gmt":"2024-05-10T16:03:54","guid":{"rendered":"https:\/\/pawz.rs\/?post_type=product&#038;p=24119"},"modified":"2026-05-04T19:44:41","modified_gmt":"2026-05-04T17:44:41","slug":"hills-science-plan-dog-senior-vitality-large-beed-piletina-14-kg","status":"publish","type":"product","link":"https:\/\/pawz.rs\/en\/hills-science-plan-dog-senior-vitality-large-beed-piletina-14-kg\/","title":{"rendered":"Hill&#8217;s Science Plan Dog Senior Vitality Large Beed Piletina 14 kg"},"content":{"rendered":"<p><strong>Hill&#8217;s Science Plan Dog Senior Vitality Large Beed Piletina 14 kg<\/strong><\/p>\n<p>Kompletna hrana za odrasle pse velikih rasa od 6+ godina koja podsti\u010de njihovu svakodnevnu aktivnost.<\/p>\n<p>Proizvod nije ve\u0161ta\u010dki konzerviran. Bez sinteti\u010dkih boja. Bez ve\u0161ta\u010dkih aroma.<\/p>\n<p>Hill&#8217;s Science Plan Senior Vitality hrana za odrasle pse velikih rasa sa piletinom poma\u017ee da svaki dan bude ispunjen aktivnostima.<\/p>\n<p>Proizvedena od lako svarljivih sastojaka i sa dodatkom omega-3 i omega-6 masnih kiselina, podsti\u010de da krzno va\u0161eg ljubimca bude kvalitetno, gusto i rasko\u0161no \u010dak i kada za\u0111u u starije godine.<\/p>\n<p>Za\u0161ti\u0107ena me\u0161avina sastojaka je precizno uravnote\u017eena za <strong>podr\u0161ku funkcije mozga<\/strong> kod starijih ljubimaca, za <strong>interakciju s drugima<\/strong> and <strong>celokupnom energetskom potrebom tokom celog dana.\u00a0<\/strong><\/p>\n<p>Hrana je tako formulisana tako da u njenom ukusu u\u017eivaju svi seniori koji je probaju.<\/p>\n<p><strong>Kako poma\u017ee:\u00a0<\/strong><\/p>\n<ul>\n<li>Posebna me\u0161avina sastojaka poma\u017ee u podr\u0161ci funkcije mozga, interakciji, energije i vitalnosti<\/li>\n<li>Omega-3 &amp; -6 masne kiseline za neodoljivo krzno<\/li>\n<li>Lako svarljivi sastojci za zdravu probavu<\/li>\n<\/ul>\n<p>Sve\u017ea voda uvek treba biti dostupna.<\/p>\n<p>Proizvo\u0111a\u010d: Hill&#8217;s Pet Nutrition EU Switzerland<br \/>\nZemlja porekla: \u0160vajcarska<\/p>\n<p>&nbsp;<\/p>\n\n    <div class=\"xs_social_share_widget xs_share_url after_content \t\tmain_content  wslu-style-1 wslu-share-box-shaped wslu-fill-colored wslu-none wslu-share-horizontal wslu-theme-font-no wslu-main_content\">\n\n\t\t\n        <ul>\n\t\t\t        <\/ul>\n    <\/div>","protected":false},"excerpt":{"rendered":"<p>Hill&#8217;s Science Plan Dog Senior Vitality Large Beed je kompletna suva hrana za odrasle starije pse velike rase, sa ukusom piletine<\/p>","protected":false},"featured_media":24120,"comment_status":"closed","ping_status":"closed","template":"","meta":{"_acf_changed":false},"pwb-brand":[916],"product_cat":[47,48,49],"product_tag":[],"class_list":{"0":"post-24119","1":"product","2":"type-product","3":"status-publish","4":"has-post-thumbnail","6":"pwb-brand-hills","7":"product_cat-psi","8":"product_cat-hrana-za-pse","9":"product_cat-granule-za-pse","11":"first","12":"outofstock","13":"taxable","14":"shipping-taxable","15":"purchasable","16":"product-type-simple"},"acf":[],"brands":[{"id":916,"name":"Hills","slug":"hills"}],"_links":{"self":[{"href":"https:\/\/pawz.rs\/en\/wp-json\/wp\/v2\/product\/24119","targetHints":{"allow":["GET"]}}],"collection":[{"href":"https:\/\/pawz.rs\/en\/wp-json\/wp\/v2\/product"}],"about":[{"href":"https:\/\/pawz.rs\/en\/wp-json\/wp\/v2\/types\/product"}],"replies":[{"embeddable":true,"href":"https:\/\/pawz.rs\/en\/wp-json\/wp\/v2\/comments?post=24119"}],"wp:featuredmedia":[{"embeddable":true,"href":"https:\/\/pawz.rs\/en\/wp-json\/wp\/v2\/media\/24120"}],"wp:attachment":[{"href":"https:\/\/pawz.rs\/en\/wp-json\/wp\/v2\/media?parent=24119"}],"wp:term":[{"taxonomy":"pwb-brand","embeddable":true,"href":"https:\/\/pawz.rs\/en\/wp-json\/wp\/v2\/pwb-brand?post=24119"},{"taxonomy":"product_cat","embeddable":true,"href":"https:\/\/pawz.rs\/en\/wp-json\/wp\/v2\/product_cat?post=24119"},{"taxonomy":"product_tag","embeddable":true,"href":"https:\/\/pawz.rs\/en\/wp-json\/wp\/v2\/product_tag?post=24119"}],"curies":[{"name":"wp","href":"https:\/\/api.w.org\/{rel}","templated":true}]}}