{"id":24133,"date":"2024-05-10T18:04:14","date_gmt":"2024-05-10T16:04:14","guid":{"rendered":"https:\/\/pawz.rs\/?post_type=product&#038;p=24133"},"modified":"2026-05-04T19:44:58","modified_gmt":"2026-05-04T17:44:58","slug":"hills-science-plan-cat-adult-piletina-1-5-kg","status":"publish","type":"product","link":"https:\/\/pawz.rs\/en\/hills-science-plan-cat-adult-piletina-1-5-kg\/","title":{"rendered":"Hill&#8217;s Science Plan Cat Adult Piletina 1.5 kg"},"content":{"rendered":"<p><strong>Hill&#8217;s Science Plan Cat Adult Piletina 1.5 kg<\/strong><\/p>\n<p>Kompletna suva hrana za odrasle ma\u010dke uzrasta od 1 do 6 godina.<\/p>\n<p>Posebno formulisan da zadovolji energetske potrebe ma\u010daka u najboljim godinama njihovog \u017eivota.<\/p>\n<p>Napravljen od visokokvalitetnih, lako svarljivih sastojaka.<\/p>\n<p>Va\u0161oj odrasloj ma\u010dki je potrebna hrana koja promovi\u0161e zdravo varenje, daje sjaj dlaki, odr\u017eava mi\u0161ic\u0301e i zdrav imuni sistem.<br \/>\nHill&#8217;sAdult suva hrana za ma\u010dke napravljena je od visokokvalitetnih sastojaka i sadr\u017ei vitamin E i Omega-3 i Omega-6 masne kiseline za negu ko\u017ee.<\/p>\n<p>Ova vrhunska hrana za ma\u010dke je bogata visokokvalitetnim proteinima koji poma\u017eu va\u0161oj odrasloj ma\u010dki da odr\u017ei \u010distu mi\u0161ic\u0301nu masu. Pored toga, ove suve granule za odrasle ma\u010dke sadr\u017ee veoma va\u017ean taurin i izbalansirane minerale za zdravu funkciju srca, be\u0161ike i bubrega.<\/p>\n<p>Sve\u017ea voda treba uvek biti dostupna.<\/p>\n<p>Proizvo\u0111a\u010d: Hill&#8217;s Pet Nutrition EU Switzerland<br \/>\nZemlja porekla: \u0160vajcarska<\/p>\n<p>&nbsp;<\/p>\n<p>&nbsp;<\/p>\n\n    <div class=\"xs_social_share_widget xs_share_url after_content \t\tmain_content  wslu-style-1 wslu-share-box-shaped wslu-fill-colored wslu-none wslu-share-horizontal wslu-theme-font-no wslu-main_content\">\n\n\t\t\n        <ul>\n\t\t\t        <\/ul>\n    <\/div>","protected":false},"excerpt":{"rendered":"<p>Hill&#8217;s Science Plan Cat Adult je suva hrana za odrasle ma\u010dke, sa ukusom piletine<\/p>","protected":false},"featured_media":24134,"comment_status":"closed","ping_status":"closed","template":"","meta":{"_acf_changed":false},"pwb-brand":[916],"product_cat":[23,21,149],"product_tag":[],"class_list":{"0":"post-24133","1":"product","2":"type-product","3":"status-publish","4":"has-post-thumbnail","6":"pwb-brand-hills","7":"product_cat-macke","8":"product_cat-hrana-za-macke","9":"product_cat-granule-za-macke","11":"first","12":"outofstock","13":"taxable","14":"shipping-taxable","15":"purchasable","16":"product-type-simple"},"acf":[],"brands":[{"id":916,"name":"Hills","slug":"hills"}],"_links":{"self":[{"href":"https:\/\/pawz.rs\/en\/wp-json\/wp\/v2\/product\/24133","targetHints":{"allow":["GET"]}}],"collection":[{"href":"https:\/\/pawz.rs\/en\/wp-json\/wp\/v2\/product"}],"about":[{"href":"https:\/\/pawz.rs\/en\/wp-json\/wp\/v2\/types\/product"}],"replies":[{"embeddable":true,"href":"https:\/\/pawz.rs\/en\/wp-json\/wp\/v2\/comments?post=24133"}],"wp:featuredmedia":[{"embeddable":true,"href":"https:\/\/pawz.rs\/en\/wp-json\/wp\/v2\/media\/24134"}],"wp:attachment":[{"href":"https:\/\/pawz.rs\/en\/wp-json\/wp\/v2\/media?parent=24133"}],"wp:term":[{"taxonomy":"pwb-brand","embeddable":true,"href":"https:\/\/pawz.rs\/en\/wp-json\/wp\/v2\/pwb-brand?post=24133"},{"taxonomy":"product_cat","embeddable":true,"href":"https:\/\/pawz.rs\/en\/wp-json\/wp\/v2\/product_cat?post=24133"},{"taxonomy":"product_tag","embeddable":true,"href":"https:\/\/pawz.rs\/en\/wp-json\/wp\/v2\/product_tag?post=24133"}],"curies":[{"name":"wp","href":"https:\/\/api.w.org\/{rel}","templated":true}]}}