{"id":24140,"date":"2024-05-08T16:09:54","date_gmt":"2024-05-08T14:09:54","guid":{"rendered":"https:\/\/pawz.rs\/?post_type=product&#038;p=24140"},"modified":"2026-04-05T23:16:57","modified_gmt":"2026-04-05T21:16:57","slug":"sams-field-cat-senior-2-5-kg","status":"publish","type":"product","link":"https:\/\/pawz.rs\/en\/sams-field-cat-senior-2-5-kg\/","title":{"rendered":"Sam&#8217;s Field Cat Senior 2.5 kg"},"content":{"rendered":"<p><strong>Sam&#8217;s Field Cat Senior 2.5 kg<\/strong><\/p>\n<p>Kompletna hrana za starije ma\u010dke<\/p>\n<p>Nisko-masna i nisko-kalori\u010dna formula za upravljanje te\u017einom i prevenciju gojaznosti.<\/p>\n<p>Optimizovan sadr\u017eaj minerala za zdrave bubrege i mokra\u0107ni trakt.<\/p>\n<p>Posebna formulacija sastava koji uklju\u010duje velike koli\u010dine sve\u017eeg mesa i \u017eivotinjskih proteina u kombinaciji s vo\u0107em i povr\u0107em i ostalim funkcionalnim komponentama koji doprinosi pravilnoj probavi i efikasnoj iskoristivosti nutrijenata.<\/p>\n<ul>\n<li><strong>Turkey<\/strong>: visoko varljiv izvor proteina i esencijalnih amino kiselina za rast mi\u0161i\u0107a, zdravu dlaku i vitalnost bogatog ukusa.<\/li>\n<li><strong>Ulje lososa<\/strong>: Prirodan izvor omega- 3 masnih kiselina. Optimalan odnos masnih kiselina u telu poma\u017ee pobolj\u0161anju kvaliteta ko\u017ee i dlake.<\/li>\n<li><strong>Su\u0161ene jabuke<\/strong>: Izvor esencijalnih fermentabilnih vlakana.<\/li>\n<li><strong>Paradajz:<\/strong> Izvor likopena, najja\u010deg od antioksidanata, za pobolj\u0161anu za\u0161titu od slobodnih radikala.<\/li>\n<li><strong>\u0160argarep<\/strong>a: Prirodni izvor vitamina, minerala, dijetetskih vlakana, antioksidanata i fitonutrijenata koji poma\u017eu u pobolj\u0161anju imunolo\u0161kog sistema.<\/li>\n<li><strong>Kamilica<\/strong>: Sa antiinflamatornim i antialergijskim svojstvima, pobolj\u0161ava debljinu, sjaj i intenzitet boje dlake ma\u010dke.<\/li>\n<\/ul>\n<p><strong>Sastav<\/strong>:<br \/>\nC\u0301uretina 35%, pirina\u010d, piletina (sve\u017ee pripremljena piletina 15%), Krompir, \u017eivinska mast (konzervirana me\u0161avinom tokoferola, izvor vitamina E), su\u0161ene jabuke 6%, pulpa cvekle, pivski kvasac, lososovo ulje, pilec\u0301a d\u017eigerica, paradajz 1%, \u0161argarepa 1%, juka, minerali, zelenousne dagnje (300 mg\/kg), kolagen, prebiotici(MOS &amp; FOS 200 mg\/kg), kamilica (Matricaria chamomilla, 50 mg\/kg).<\/p>\n<p><strong>Analitiki sastojci:<br \/>\n<\/strong>\u00a0Sirovi proteini 34%, sirove masti 11,5%, Sirova vlakna 5,0%, Sirovi pepeo 6,0%, Vlaga 10%, Kalcijum 1,0%, Fosfor 0,7%,<br \/>\nNatrijum 0,7%, Magnezijum 0,05%, Omega-3 masne kiseline 0,4%, Omega-6 masne kiseline 1,45%.<\/p>\n<p><strong>Nutritivni dodaci po kg<\/strong>:<br \/>\nVitamin A 22.000 IU, vitamin D3 900 IU, vitamin E 600 mg, taurin 2.000 mg, vitamin C 300 mg, holinhlorid 2.000 mg, L-karnitin 60 mg, niacin 40 mg. Biotin 1,7 mg, vitamin B1 2,5 mg, vitamin B2 3,5 mg, vitamin B6 2 mg, vitamin B12 0,02 mg, kalcijum pantotenat 5,2 mg, folna kiselina 0,2 mg, organski mangan 55 mg, gvo\u017e\u0111e 45 mg, organski cink (amino kelat cinka kiseline hidrat) 150 mg, organski bakar (hidrat aminokiselina kelata bakra) 11 mg, jodin 3,5 mg, organski selen (organski oblik selena dobijen iz<br \/>\nSaccharomices cerevisiae CNCM I-3060, selenizovani kvasac inaktiviran) 0,20 mg.<\/p>\n<p><strong>Uputstvo za hranjenje<\/strong>:<br \/>\nHranite suvom ili delimi\u010dno navla\u017eenom hranom. Sve\u017ea voda uvek mora biti dostupna.<\/p>\n<p>Dnevne prehrambene potrebe ma\u010dke mogu se razlikovati zavisno od njene okoline, veli\u010dine, doba i nivoa aktivnosti.<\/p>\n<p>\u010cuvati na \u010distom, suvom i hladnom mestu dalje od direktne sun\u010deve svetlosti.<\/p>\n<p>Najbolje upotrebiti do, serijski broj i neto masa: otisnuti su na pakovanju.<\/p>\n<p>Proizvo\u0111a\u010d: VAFO PRAHA s.r.o., K Br\u016fdku 94, Chr\u00e1\u0161\u0165any, 252 19 Rudn\u00e1 u Prahy, \u010ce\u0161ka<br \/>\nZemlja porekla: EU.<\/p>\n\n    <div class=\"xs_social_share_widget xs_share_url after_content \t\tmain_content  wslu-style-1 wslu-share-box-shaped wslu-fill-colored wslu-none wslu-share-horizontal wslu-theme-font-no wslu-main_content\">\n\n\t\t\n        <ul>\n\t\t\t        <\/ul>\n    <\/div>","protected":false},"excerpt":{"rendered":"<p>Sam&#8217;s Field Cat Senior je kompletna hrana sa \u0107uretinom i piletinom, namenjena starijim ma\u010dkama<\/p>","protected":false},"featured_media":24141,"comment_status":"closed","ping_status":"closed","template":"","meta":{"_acf_changed":false},"pwb-brand":[917],"product_cat":[23,149,21],"product_tag":[],"class_list":{"0":"post-24140","1":"product","2":"type-product","3":"status-publish","4":"has-post-thumbnail","6":"pwb-brand-sams-field","7":"product_cat-macke","8":"product_cat-granule-za-macke","9":"product_cat-hrana-za-macke","11":"first","12":"outofstock","13":"taxable","14":"shipping-taxable","15":"purchasable","16":"product-type-simple"},"acf":[],"brands":[{"id":917,"name":"Sams Field","slug":"sams-field"}],"_links":{"self":[{"href":"https:\/\/pawz.rs\/en\/wp-json\/wp\/v2\/product\/24140","targetHints":{"allow":["GET"]}}],"collection":[{"href":"https:\/\/pawz.rs\/en\/wp-json\/wp\/v2\/product"}],"about":[{"href":"https:\/\/pawz.rs\/en\/wp-json\/wp\/v2\/types\/product"}],"replies":[{"embeddable":true,"href":"https:\/\/pawz.rs\/en\/wp-json\/wp\/v2\/comments?post=24140"}],"wp:featuredmedia":[{"embeddable":true,"href":"https:\/\/pawz.rs\/en\/wp-json\/wp\/v2\/media\/24141"}],"wp:attachment":[{"href":"https:\/\/pawz.rs\/en\/wp-json\/wp\/v2\/media?parent=24140"}],"wp:term":[{"taxonomy":"pwb-brand","embeddable":true,"href":"https:\/\/pawz.rs\/en\/wp-json\/wp\/v2\/pwb-brand?post=24140"},{"taxonomy":"product_cat","embeddable":true,"href":"https:\/\/pawz.rs\/en\/wp-json\/wp\/v2\/product_cat?post=24140"},{"taxonomy":"product_tag","embeddable":true,"href":"https:\/\/pawz.rs\/en\/wp-json\/wp\/v2\/product_tag?post=24140"}],"curies":[{"name":"wp","href":"https:\/\/api.w.org\/{rel}","templated":true}]}}