{"id":24146,"date":"2024-05-08T16:09:54","date_gmt":"2024-05-08T14:09:54","guid":{"rendered":"https:\/\/pawz.rs\/?post_type=product&#038;p=24146"},"modified":"2026-04-05T23:19:33","modified_gmt":"2026-04-05T21:19:33","slug":"sams-field-cat-adult-riba","status":"publish","type":"product","link":"https:\/\/pawz.rs\/en\/sams-field-cat-adult-riba\/","title":{"rendered":"Sam&#8217;s Field Cat Adult Riba"},"content":{"rendered":"<p><strong>Sam&#8217;s Field Cat Adult Riba<\/strong><\/p>\n<p>Kompletna superpremium suva hrana za odrasle ma\u010dke.<\/p>\n<p>Sam&#8217;s Field superpremium kompletne formule zadovoljavaju prirodne potrebe za ishranom ma\u010daka u razli\u010ditim fazama njihovog \u017eivota.<\/p>\n<p>Ova hrana je bogata nezasic\u0301enim masnim kiselinama \u014c-3 i \u014c-6 i vitaminima koji dlaku \u010dine sjajnom i kvalitetnom, a ko\u017eu zdravom.<\/p>\n<p>Specijalna formulacija kompozicije koja uklju\u010duje velike koli\u010dine sve\u017eeg mesa i \u017eivotinjskih proteina u kombinaciji sa voc\u0301em i povrc\u0301em i drugim funkcionalnim komponentama koje doprinose pravilnom varenju i efikasnom kori\u0161c\u0301enju hranljivih materija.<\/p>\n<p>Prisustvo \u017eitarica u hrani za kuc\u0301ne ljubimce, posebno u p\u0161enici, smanjuje svarljivost hrane i ote\u017eava digestivnom traktu da apsorbuje hranljive materije. Semova formula bez p\u0161enice u polju obezbe\u0111uje do\u017eivotnu zdravu ishranu i elimini\u0161e rizik od intolerancije na hranu i drugih ne\u017eeljenih efekata.<\/p>\n<p><strong>Sastojci<\/strong>:<br \/>\nBela riba 25%, losos 18% (sve\u017ee pripremljen), ri\u017ea, mast peradi (konzervirana me\u0161anim tokoferolima, izvor vitamina E), krompir, su\u0161ene jabuke 6%, pivski kvasac, lososovo ulje, pile\u0107a jetra, raj\u010dice 1%, mrkva 1%, juka, minerali, prebiotici (MOS i FOS 200 mg\/kg), kamilica (Matricaria chamomilla, 50 mg\/kg).<\/p>\n<p><strong>Analytical composition:<br \/>\n<\/strong>Sirove belan\u010devine 35%, Sirove masti 18%, Sirova vlakna 3,5%, Sirovi pepeo 6,5%, Vlaga 10%, Kalcijum 1,3%, Fosfor 1%, Natrijum 0,4%, Magnezijum 0,08%, Omega-3 masne kiseline 0,5%, Omega-6 masne kiseline 1,95%.<\/p>\n<p><strong>Dodaci\u00a0(po kg)-Prehrambeni dodaci:<\/strong><br \/>\nVitamin A 22 000 IJ, Vitamin D3 900 IJ, Vitamin E 600 mg, Taurin 2 000 mg, Vitamin C 300 mg, Kolinov Klorid 2 000 mg, L-karnitin 60 mg, Niacin 40 mg, Biotin 1,7 mg, Vitamin B1 2,5 mg, Vitamin B2 3,5 mg, Vitamin B6 2 mg, Vitamin B12 0,02 mg, Kalcijev Pantotenat 5,2 mg, Folna kiselina 0,2 mg, Organski Mangan 55 mg, Gvo\u017e\u0111e 45 mg, Organski Cink (cinkov kelat hidrata aminokiselina) 150 mg, Organski Bakar (bakreni kelat hidrata aminokiselina) 11 mg, Jod 3,5 mg, Organski Selenij (organski oblik selenija dobijen iz kvasca Saccharomyces cerevisiae CNCM I-3060, neaktivnog selenskog kvasca) 0,20 mg.<\/p>\n<p>Odabrani sastojci visokog kvaliteta:<\/p>\n<p><strong>White fish<\/strong> &#8211; visoko svarljiv izvor proteina sa esencijalnim aminokiselinama pogodan je za razvoj mi\u0161ic\u0301a, zdravlje kose i ukupnu vitalnost. Tako\u0111e je bogatog ukusa.<\/p>\n<p><strong>Lososovo ulje<\/strong> &#8211; prirodni izvor omega-3 masnih kiselina. Optimalan odnos masnih kiselina u telu poma\u017ee u pobolj\u0161anju kvaliteta ko\u017ee i kose.<\/p>\n<p><strong>Su\u0161ene jabuke<\/strong> &#8211; izvor esencijalnih fermentisanih vlakana<\/p>\n<p><strong>Paradajz<\/strong> &#8211; izvor likopena, najja\u010deg antioksidansa koji pobolj\u0161ava za\u0161titu od slobodnih radikala<\/p>\n<p><strong>\u0160argarepa <\/strong>&#8211; prirodni izvor vitamina, minerala, dijetetskih vlakana, antioksidanata i fitonutrijenata. Tako\u0111e pobolj\u0161ava imuni sistem.<\/p>\n<p><strong>Prava kamilica<\/strong> &#8211; sa antiinflamatornim i antialergijskim svojstvima, pobolj\u0161ava gustinu, sjaj i intenzitet boje ma\u010djeg krzna<\/p>\n<p>\u010cuvati na \u010distom, suvom i hladnom mestu dalje od direktne sun\u010deve svetlosti.<\/p>\n<p>Proizvo\u0111a\u010d: VAFO PRAHA s.r.o., K Br\u016fdku 94, Chr\u00e1\u0161\u0165any, 252 19 Rudn\u00e1 u Prahy, \u010ce\u0161ka<br \/>\nZemlja porekla: EU.<\/p>\n<p>&nbsp;<\/p>\n\n    <div class=\"xs_social_share_widget xs_share_url after_content \t\tmain_content  wslu-style-1 wslu-share-box-shaped wslu-fill-colored wslu-none wslu-share-horizontal wslu-theme-font-no wslu-main_content\">\n\n\t\t\n        <ul>\n\t\t\t        <\/ul>\n    <\/div>","protected":false},"excerpt":{"rendered":"<p>Sam&#8217;s Field Cat Adult je kompletna hrana za odrasle ma\u010dke sa kombinacijom dve vrste ribe, bele ribe i lososa<\/p>","protected":false},"featured_media":24300,"comment_status":"closed","ping_status":"closed","template":"","meta":{"_acf_changed":false},"pwb-brand":[917],"product_cat":[23,149,21],"product_tag":[],"class_list":{"0":"post-24146","1":"product","2":"type-product","3":"status-publish","4":"has-post-thumbnail","6":"pwb-brand-sams-field","7":"product_cat-macke","8":"product_cat-granule-za-macke","9":"product_cat-hrana-za-macke","11":"first","12":"outofstock","13":"taxable","14":"shipping-taxable","15":"purchasable","16":"product-type-variable","17":"has-default-attributes"},"acf":[],"brands":[{"id":917,"name":"Sams Field","slug":"sams-field"}],"_links":{"self":[{"href":"https:\/\/pawz.rs\/en\/wp-json\/wp\/v2\/product\/24146","targetHints":{"allow":["GET"]}}],"collection":[{"href":"https:\/\/pawz.rs\/en\/wp-json\/wp\/v2\/product"}],"about":[{"href":"https:\/\/pawz.rs\/en\/wp-json\/wp\/v2\/types\/product"}],"replies":[{"embeddable":true,"href":"https:\/\/pawz.rs\/en\/wp-json\/wp\/v2\/comments?post=24146"}],"wp:featuredmedia":[{"embeddable":true,"href":"https:\/\/pawz.rs\/en\/wp-json\/wp\/v2\/media\/24300"}],"wp:attachment":[{"href":"https:\/\/pawz.rs\/en\/wp-json\/wp\/v2\/media?parent=24146"}],"wp:term":[{"taxonomy":"pwb-brand","embeddable":true,"href":"https:\/\/pawz.rs\/en\/wp-json\/wp\/v2\/pwb-brand?post=24146"},{"taxonomy":"product_cat","embeddable":true,"href":"https:\/\/pawz.rs\/en\/wp-json\/wp\/v2\/product_cat?post=24146"},{"taxonomy":"product_tag","embeddable":true,"href":"https:\/\/pawz.rs\/en\/wp-json\/wp\/v2\/product_tag?post=24146"}],"curies":[{"name":"wp","href":"https:\/\/api.w.org\/{rel}","templated":true}]}}