{"id":24150,"date":"2024-05-19T15:20:03","date_gmt":"2024-05-19T13:20:03","guid":{"rendered":"https:\/\/pawz.rs\/?post_type=product&#038;p=24150"},"modified":"2026-04-05T23:17:10","modified_gmt":"2026-04-05T21:17:10","slug":"sams-field-cat-adult-cureci-file-sa-sargarepom","status":"publish","type":"product","link":"https:\/\/pawz.rs\/en\/sams-field-cat-adult-cureci-file-sa-sargarepom\/","title":{"rendered":"Sam&#8217;s Field Cat Adult \u0106ure\u0107i File Sa \u0160argarepom"},"content":{"rendered":"<p><strong>Sam&#8217;s Field Cat Adult \u0106ure\u0107i File Sa \u0160argarepom\u00a0<\/strong><\/p>\n<p>Kompletna vla\u017ena hrana za odrasle ma\u010dke.<\/p>\n<p>Sadr\u017ei prirodne sastojke s dodatkom vitamina i minerala.<\/p>\n<p>Uravnote\u017eena formula pru\u017ea va\u0161oj ma\u010dki idealnu prehranu.<\/p>\n<ul>\n<li>85% mesnog fileta: sadr\u017ei esencijalne aminokiseline za potporu zdravlja va\u0161e ma\u010dke.<\/li>\n<li>4% povr\u0107a: izvor vlakana va\u017enih za zdravu probavu<\/li>\n<li>Sadr\u017ei taurin &#8211; pobolj\u0161ava zdravlje srca i vid<\/li>\n<li>Sadr\u017ei vitamin E i biotin &#8211; potpora zdravlju ko\u017ee i dlake<\/li>\n<li>Bez glutena &#8211; Bez \u017eitarica: grain free formula nema negativan uticaj na digestivni sistgem va\u0161e \u00a0ma\u010dke.<\/li>\n<li>Bez dodatnih boja, konzervansa i poja\u010diva\u010da arome.<\/li>\n<li>\u0160argarepa je odli\u010dan izvor vlakana, vitamina i minerala s pozitivnim u\u010dinkom na imunitet ma\u010daka<\/li>\n<\/ul>\n<p><strong>Ingredients:<\/strong><br \/>\n85% file mesa (od \u010dega 77% piletina, 8% \u0107uretina), pile\u0107i bujon, 4% \u0161argarepa, minerali, skrob gra\u0161ka.<\/p>\n<p><strong>Analytical composition:<br \/>\n<\/strong>Sirove belan\u010devine 9,0%, Sirove masti 6,0%, Sirovi pepeo 2,0%, Vlaga 82,0%, Sirova vlakna 0,5%, Kalcijum 0,2%, Fosfor 0,2%, Natrijum 0,1%.<\/p>\n<p><strong>Dodaci (po kg)<\/strong>\u00a0<strong>&#8211; Prehrambeni dodaci:<\/strong><br \/>\nVitamin D3 (E671) 250 mg, Vitamin E (3a700) 150 mg, Taurin (3a370) 500 mg, Biotin (3a880) 0,3 mg, Cink (3b606) 15 mg, Gvo\u017e\u0111e (E1) 12 mg, Mangan (E5) 2,5 mg, Kalijum jodid (3b201) 0,8 mg, Bakar (E4) 1 mg.<br \/>\n<strong>Metaboli\u010dka energija:<\/strong> 900 kcal\/kg.<\/p>\n<p><strong>Uputstvo za hranjenje:<\/strong><br \/>\nPoslu\u017eiti na sobnoj temperaturi. Sam&#8217;s Field mokra hrana mo\u017ee poslu\u017eiti kao potpuna hrana. Kod me\u0161anja sa mokrom hranom prilagodite preporu\u010dene dnevne koli\u010dine hrane. Sve\u017ea voda uvek mora biti dostupna.<\/p>\n<div class=\"table-wrapper\">\n<table style=\"height: 152px;\" border=\"1\" width=\"504\" cellspacing=\"1\" cellpadding=\"1\">\n<tbody>\n<tr>\n<td>Telesna masa ma\u010dke (kg)<\/td>\n<td>Vre\u0107ica hrane dnevno (kom)<\/td>\n<\/tr>\n<tr>\n<td>3<\/td>\n<td>2<\/td>\n<\/tr>\n<tr>\n<td>4 &#8211; 6<\/td>\n<td>3 &#8211; 4<\/td>\n<\/tr>\n<tr>\n<td>6 &#8211; 8<\/td>\n<td>4 &#8211; 6<\/td>\n<\/tr>\n<\/tbody>\n<\/table>\n<\/div>\n<p>Proizvo\u0111a\u010d: VAFO PRAHA s.r.o., K Br\u016fdku 94, Chr\u00e1\u0161\u0165any, 252 19 Rudn\u00e1 u Prahy, \u010ce\u0161ka<br \/>\nZemlja porekla: EU.<\/p>\n\n    <div class=\"xs_social_share_widget xs_share_url after_content \t\tmain_content  wslu-style-1 wslu-share-box-shaped wslu-fill-colored wslu-none wslu-share-horizontal wslu-theme-font-no wslu-main_content\">\n\n\t\t\n        <ul>\n\t\t\t        <\/ul>\n    <\/div>","protected":false},"excerpt":{"rendered":"<p>Sam&#8217;s Field Cat Adult \u0106ure\u0107i File Sa \u0160argarepom je kompletna vla\u017ena hrana za odrasle ma\u010dke<\/p>","protected":false},"featured_media":24151,"comment_status":"closed","ping_status":"closed","template":"","meta":{"_acf_changed":false},"pwb-brand":[917],"product_cat":[21,23,150],"product_tag":[],"class_list":{"0":"post-24150","1":"product","2":"type-product","3":"status-publish","4":"has-post-thumbnail","6":"pwb-brand-sams-field","7":"product_cat-hrana-za-macke","8":"product_cat-macke","9":"product_cat-vlazna-hrana-za-macke","11":"first","12":"outofstock","13":"taxable","14":"shipping-taxable","15":"purchasable","16":"product-type-variable","17":"has-default-attributes"},"acf":[],"brands":[{"id":917,"name":"Sams Field","slug":"sams-field"}],"_links":{"self":[{"href":"https:\/\/pawz.rs\/en\/wp-json\/wp\/v2\/product\/24150","targetHints":{"allow":["GET"]}}],"collection":[{"href":"https:\/\/pawz.rs\/en\/wp-json\/wp\/v2\/product"}],"about":[{"href":"https:\/\/pawz.rs\/en\/wp-json\/wp\/v2\/types\/product"}],"replies":[{"embeddable":true,"href":"https:\/\/pawz.rs\/en\/wp-json\/wp\/v2\/comments?post=24150"}],"wp:featuredmedia":[{"embeddable":true,"href":"https:\/\/pawz.rs\/en\/wp-json\/wp\/v2\/media\/24151"}],"wp:attachment":[{"href":"https:\/\/pawz.rs\/en\/wp-json\/wp\/v2\/media?parent=24150"}],"wp:term":[{"taxonomy":"pwb-brand","embeddable":true,"href":"https:\/\/pawz.rs\/en\/wp-json\/wp\/v2\/pwb-brand?post=24150"},{"taxonomy":"product_cat","embeddable":true,"href":"https:\/\/pawz.rs\/en\/wp-json\/wp\/v2\/product_cat?post=24150"},{"taxonomy":"product_tag","embeddable":true,"href":"https:\/\/pawz.rs\/en\/wp-json\/wp\/v2\/product_tag?post=24150"}],"curies":[{"name":"wp","href":"https:\/\/api.w.org\/{rel}","templated":true}]}}