{"id":24188,"date":"2024-05-19T15:19:59","date_gmt":"2024-05-19T13:19:59","guid":{"rendered":"https:\/\/pawz.rs\/?post_type=product&#038;p=24188"},"modified":"2026-05-04T19:45:35","modified_gmt":"2026-05-04T17:45:35","slug":"sams-field-true-meat-govedina-s-bundevom-i-graskom","status":"publish","type":"product","link":"https:\/\/pawz.rs\/en\/sams-field-true-meat-govedina-s-bundevom-i-graskom\/","title":{"rendered":"Sam&#8217;s Field True Meat Govedina s Bundevom i Gra\u0161kom"},"content":{"rendered":"<p class=\"cd-title\" data-product_title=\"1\"><strong>Sam&#8217;s\u00a0Field True Meat Govedina s Bundevom i Gra\u0161kom\u00a0<\/strong><\/p>\n<p data-product_title=\"1\">Superpremium kompletna hrana za pse. Sa pravim komadi\u0107ima gove\u0111eg srca.<\/p>\n<p><strong>Sastojci<\/strong>:<br \/>\nGovedina 51%, gove\u0111a srca 15%, bundeva 4%, gra\u0161ak 4%, bra\u0161no mekinja gra\u0161ka 2%, lignoceluloza 1%, lososovo ulje 0,5%.<\/p>\n<p><strong>Analiti\u010dki sastav<\/strong>:<br \/>\nVlaga 78%, Sirove belan\u010devine 9%, Sirove masti 10%, Sirovi pepeo 2%, Sirova vlakna 0,5%, Kalcijum 0,2%, Fosfor 0,3%, Natrijum 0,25%.<\/p>\n<p><strong>Dodaci (po kg)-<\/strong><strong>Prehrambeni dodaci<\/strong>:<br \/>\nVitamin D3 (3a671) 200 IU, Vitamin E (3a700) 100 mg, Cink (3b606) 15 mg, Mangan (3b504) 3 mg, Jod (3b201) 0,75 mg, Bakar (3b406) 4 mg, Gvo\u017e\u0111e (3b106) 10 mg.<br \/>\n<strong>Tehnolo\u0161ki dodaci<\/strong>: Bra\u0161no semenki roga\u010da (E410) 5.000 mg.<\/p>\n<p><strong>Metaboli\u010dka energija<\/strong>: 1260 kcal\/kg.<\/p>\n<p><strong>Uputstvo za hranjenje<\/strong>: Poslu\u017eti na sobnoj temperaturi. Nakon otvaranja, \u010duvajte u fri\u017eideru.\u00a0Svakodnevne potrebe Va\u0161eg psa se mogu razlikovati zavisnosti od rase, sezonskih uslova i treba ih podeliti u dva obroka. Sve\u017ea voda uvek treba da bude dostupna.<\/p>\n<table style=\"width: 500px\" border=\"1\" cellspacing=\"1\" cellpadding=\"1\" align=\"left\">\n<tbody>\n<tr>\n<td><strong>Telesna masa psa (kg)<\/strong><\/td>\n<td><strong>Dnevna koli\u010dina hrane (g)<\/strong><\/td>\n<\/tr>\n<tr>\n<td>Toy rase (1-5)<\/td>\n<td>200 &#8211; 300<\/td>\n<\/tr>\n<tr>\n<td>Male rase (6-10)<\/td>\n<td>400 &#8211; 500<\/td>\n<\/tr>\n<tr>\n<td>Srednje rase (11-25)<\/td>\n<td>600 &#8211; 800<\/td>\n<\/tr>\n<tr>\n<td>Velike rase (&gt; 26)<\/td>\n<td>1000 &#8211; 1800<\/td>\n<\/tr>\n<\/tbody>\n<\/table>\n<p>&nbsp;<\/p>\n<p>&nbsp;<\/p>\n<p>&nbsp;<\/p>\n<p>&nbsp;<\/p>\n<p>\u010cuvati na hladnom i suvom mestu za\u0161ti\u0107enom od direktne sun\u010deve svetlosti.<\/p>\n<p>Proizvo\u0111a\u010d: VAFO PRAHA s.r.o., K Br\u016fdku 94, Chr\u00e1\u0161\u0165any, 252 19 Rudn\u00e1 u Prahy, \u010ce\u0161ka<br \/>\nCountry of origin: EU<\/p>\n<p>&nbsp;<\/p>\n\n    <div class=\"xs_social_share_widget xs_share_url after_content \t\tmain_content  wslu-style-1 wslu-share-box-shaped wslu-fill-colored wslu-none wslu-share-horizontal wslu-theme-font-no wslu-main_content\">\n\n\t\t\n        <ul>\n\t\t\t        <\/ul>\n    <\/div>","protected":false},"excerpt":{"rendered":"<p>Sam&#8217;s Field True Meat Govedina s Bundevom i Gra\u0161kom predstavlja kompletnu vla\u017enu hranu u konzervi za odrasle pse<\/p>","protected":false},"featured_media":24189,"comment_status":"closed","ping_status":"closed","template":"","meta":{"_acf_changed":false},"pwb-brand":[917],"product_cat":[48,47,50],"product_tag":[],"class_list":{"0":"post-24188","1":"product","2":"type-product","3":"status-publish","4":"has-post-thumbnail","6":"pwb-brand-sams-field","7":"product_cat-hrana-za-pse","8":"product_cat-psi","9":"product_cat-vlazna-hrana-za-pse","11":"first","12":"outofstock","13":"taxable","14":"shipping-taxable","15":"purchasable","16":"product-type-variable","17":"has-default-attributes"},"acf":[],"brands":[{"id":917,"name":"Sams Field","slug":"sams-field"}],"_links":{"self":[{"href":"https:\/\/pawz.rs\/en\/wp-json\/wp\/v2\/product\/24188","targetHints":{"allow":["GET"]}}],"collection":[{"href":"https:\/\/pawz.rs\/en\/wp-json\/wp\/v2\/product"}],"about":[{"href":"https:\/\/pawz.rs\/en\/wp-json\/wp\/v2\/types\/product"}],"replies":[{"embeddable":true,"href":"https:\/\/pawz.rs\/en\/wp-json\/wp\/v2\/comments?post=24188"}],"wp:featuredmedia":[{"embeddable":true,"href":"https:\/\/pawz.rs\/en\/wp-json\/wp\/v2\/media\/24189"}],"wp:attachment":[{"href":"https:\/\/pawz.rs\/en\/wp-json\/wp\/v2\/media?parent=24188"}],"wp:term":[{"taxonomy":"pwb-brand","embeddable":true,"href":"https:\/\/pawz.rs\/en\/wp-json\/wp\/v2\/pwb-brand?post=24188"},{"taxonomy":"product_cat","embeddable":true,"href":"https:\/\/pawz.rs\/en\/wp-json\/wp\/v2\/product_cat?post=24188"},{"taxonomy":"product_tag","embeddable":true,"href":"https:\/\/pawz.rs\/en\/wp-json\/wp\/v2\/product_tag?post=24188"}],"curies":[{"name":"wp","href":"https:\/\/api.w.org\/{rel}","templated":true}]}}