{"id":24200,"date":"2024-05-10T18:04:15","date_gmt":"2024-05-10T16:04:15","guid":{"rendered":"https:\/\/pawz.rs\/?post_type=product&#038;p=24200"},"modified":"2026-05-04T19:50:58","modified_gmt":"2026-05-04T17:50:58","slug":"hills-science-plan-cat-adult-sterilised-piletina","status":"publish","type":"product","link":"https:\/\/pawz.rs\/en\/hills-science-plan-cat-adult-sterilised-piletina\/","title":{"rendered":"Hill&#8217;s Science Plan Cat Adult Sterilised Piletina"},"content":{"rendered":"<p><strong>Hill&#8217;s Science Plan Cat Adult Sterilised Piletina<\/strong><\/p>\n<p>Kompletna hrana za sterilisane ma\u010dke starosti od 1 do 6 godina.<\/p>\n<p>HILL&#8217;S SCIENCE PLAN Sterilised Cat suva hrana za odrasle ma\u010dke ima jedinstvenu formulu za upravljanje te\u017einom tako da va\u0161a sterilisana ma\u010dka ostane mr\u0161ava.<br \/>\nProizvedena od visoko kvalitetnih, lako svarljivih sastojaka. Proizvod nije ve\u0161ta\u010dki konzerviran. Bez sinteti\u010dkih boja. Bez ve\u0161ta\u010dkih aroma.<\/p>\n<p>Nakon sterilizacije ma\u010dke mogu da dobiju na te\u017eini, a pored te\u017eine pove\u0107ava se verovatno\u0107a\u00a0u\u010destalosti\u00a0urinarnih problema. U isto vreme raste apetit i smanjuju se potrebe za energijom.<br \/>\n<strong>HILL&#8217;S SCIENCE PLAN Sterilised Cat<\/strong>\u00a0hrana za odrasle ma\u010dke obezbe\u0111uje unikatnu formulu za upravljanje te\u017einom tako da va\u0161a sterilisana ma\u010dka ostane mr\u0161ava.<\/p>\n<ul>\n<li>Sa dodatim L-karnitinom klini\u010dki dokazano da ma\u010dke ostaju mr\u0161ave i aktivne<\/li>\n<li>Kontrolisani nivoi minerala za zdrav urinarni sistem<\/li>\n<li>Nizak sadr\u017eaj masti i visoki nivoi L-lizina, za podr\u0161ku vitalnosti<\/li>\n<\/ul>\n<p><strong>Sastav<\/strong>:<br \/>\nKukuruz, piletina i \u0107uretina (piletina 15%; ukuno \u017eivinjskog mesa 23%), sa\u010dma od kukuruznog glutena, \u017eivotinjska mast, minerali, riblje ulje, enzim za varenje.<\/p>\n<p><strong>Analiti\u010dki sastojci<\/strong>:<br \/>\nProteini 31,9%, Sadr\u017eaj masti 9,9%, Sirova vlakna 1,2%, Sirovi pepeo 5,5%, L-lizin 2,2%, Kalcijum 0,83%, Fosfor 0,69%, Natrijum 0,37%, Kalijum 0,74%, Magnezijum 0,09%;\u00a0<strong>po kg<\/strong>: Vitamin A 7.075 IU, Vitamin D3 638 IU, Vitamin E 500 mg, Vitamin C 85 mg, Beta Karoten 1,5 mg, L-karnitin 546 mg.<\/p>\n<p><strong>Aditivi po kg<\/strong>:\u00a0<strong>Nutritivni aditivi<\/strong>:<br \/>\n3b103 (Gvo\u017e\u0111e) 71,3 mg, 3b202 (Jod) 1,8 mg, 3b405 (Bakar) 7,0 mg, 3b502 (Mangan) 7,4 mg, 3b603 (Cink) 125 mg, 3b801 (Selen) 0,2 mg, s prirodnim antioksidantima.<\/p>\n<p><strong>Uputstvo za hranjenje<\/strong>: Hraniti preporu\u010denom dnevnom koli\u010dinom ozna\u010denom na pakovanju; prilagodite koli\u010dinu kako biste odr\u017eali optimalnu te\u017einu.<\/p>\n<p><strong>Da li hranite ovom hranom prvi put?<\/strong> Napravite postepeni prelazak na ovu hranu tokom 7 dana me\u0161anjem sve vec\u0301e koli\u010dine nove hrane u pore\u0111enju sa hranom koju ste koristili. Sve\u017ea voda treba uvek biti dostupna.<\/p>\n<p>Da li je va\u0161 ljubimac iz bilo kog razloga nezadovoljan ovom hranom?<\/p>\n<p><strong>100% GARANCIJA ZADOVOLJSTVA<\/strong> za kvalitet, doslednost i ukus ili povrat novca.<\/p>\n<p>Proizvo\u0111a\u010d: Hill&#8217;s Pet Nutrition EU Switzerland<br \/>\nZemlja porekla: \u0160vajcarska<\/p>\n<p>&nbsp;<\/p>\n\n    <div class=\"xs_social_share_widget xs_share_url after_content \t\tmain_content  wslu-style-1 wslu-share-box-shaped wslu-fill-colored wslu-none wslu-share-horizontal wslu-theme-font-no wslu-main_content\">\n\n\t\t\n        <ul>\n\t\t\t        <\/ul>\n    <\/div>","protected":false},"excerpt":{"rendered":"<p>Hill&#8217;s Science Plan Cat Adult Sterilised je hrana za sterilisane odrasle ma\u010dke, sa ukusom piletine<\/p>","protected":false},"featured_media":24201,"comment_status":"closed","ping_status":"closed","template":"","meta":{"_acf_changed":false},"pwb-brand":[916],"product_cat":[23,21,149],"product_tag":[],"class_list":{"0":"post-24200","1":"product","2":"type-product","3":"status-publish","4":"has-post-thumbnail","6":"pwb-brand-hills","7":"product_cat-macke","8":"product_cat-hrana-za-macke","9":"product_cat-granule-za-macke","11":"first","12":"instock","13":"taxable","14":"shipping-taxable","15":"purchasable","16":"product-type-variable","17":"has-default-attributes"},"acf":[],"brands":[{"id":916,"name":"Hills","slug":"hills"}],"_links":{"self":[{"href":"https:\/\/pawz.rs\/en\/wp-json\/wp\/v2\/product\/24200","targetHints":{"allow":["GET"]}}],"collection":[{"href":"https:\/\/pawz.rs\/en\/wp-json\/wp\/v2\/product"}],"about":[{"href":"https:\/\/pawz.rs\/en\/wp-json\/wp\/v2\/types\/product"}],"replies":[{"embeddable":true,"href":"https:\/\/pawz.rs\/en\/wp-json\/wp\/v2\/comments?post=24200"}],"wp:featuredmedia":[{"embeddable":true,"href":"https:\/\/pawz.rs\/en\/wp-json\/wp\/v2\/media\/24201"}],"wp:attachment":[{"href":"https:\/\/pawz.rs\/en\/wp-json\/wp\/v2\/media?parent=24200"}],"wp:term":[{"taxonomy":"pwb-brand","embeddable":true,"href":"https:\/\/pawz.rs\/en\/wp-json\/wp\/v2\/pwb-brand?post=24200"},{"taxonomy":"product_cat","embeddable":true,"href":"https:\/\/pawz.rs\/en\/wp-json\/wp\/v2\/product_cat?post=24200"},{"taxonomy":"product_tag","embeddable":true,"href":"https:\/\/pawz.rs\/en\/wp-json\/wp\/v2\/product_tag?post=24200"}],"curies":[{"name":"wp","href":"https:\/\/api.w.org\/{rel}","templated":true}]}}