{"id":24205,"date":"2024-05-10T18:04:15","date_gmt":"2024-05-10T16:04:15","guid":{"rendered":"https:\/\/pawz.rs\/?post_type=product&#038;p=24205"},"modified":"2025-03-09T14:12:10","modified_gmt":"2025-03-09T13:12:10","slug":"hills-science-plan-cat-mature-tuna-1-5-kg","status":"publish","type":"product","link":"https:\/\/pawz.rs\/en\/hills-science-plan-cat-mature-tuna-1-5-kg\/","title":{"rendered":"Hill&#8217;s Science Plan Cat Mature Tuna 1.5 kg"},"content":{"rendered":"<p><strong>Hill&#8217;s Science Plan Cat Mature Tuna 1.5 kg<\/strong><\/p>\n<p>Kompletna suva hrana za odrasle ma\u010dke starije od 7 godina.<\/p>\n<p>Zdravstvena podr\u0161ka za starije ma\u010dke. Sadr\u017ei sinergijski spoj sastojaka koji osiguravaju optimalnu koli\u010dinu energije s obzirom na nivo aktivnosti.<\/p>\n<p>Proizvod nije ve\u0161ta\u010dki konzerviran. Bez sinteti\u010dkih boja. Bez ve\u0161ta\u010dkih aroma.<\/p>\n<p>Hrana za ma\u010dke podr\u017eava graciozno starenje ma\u010daka.<br \/>\nPru\u017ea sinergisti\u010dku me\u0161avinu sastojaka koja poma\u017ee u podr\u0161ci nivou energije i aktivnosti.<\/p>\n<ul>\n<li>Esencijalni taurin za zdravlje srca i uravnote\u017eeni minerali za podr\u0161ku bubrezima i be\u0161iku<\/li>\n<li>Vitamin E, Omega-3 i -6 za lepu ko\u017eu i krzno<\/li>\n<li>Lako svarljivi sastojci sa prirodnim vlaknima za zdravo varenje<\/li>\n<\/ul>\n<p><strong>Sastojci<\/strong>:<br \/>\nP\u0161enica, kukuruz, bra\u0161no od kukuruznog glutena, bra\u0161no od pilec\u0301eg i c\u0301urec\u0301eg mesa, \u017eivotinjska mast, pirin\u010dane mekinje, bra\u0161no od tunjevine (5%), minerali, laneno seme, riblje ulje, biljno ulje.<\/p>\n<p><strong>Analiti\u010dki sastav<\/strong>:<br \/>\nProteini 29,7%, Sadr\u017eaj masti 17,4%, Sirova vlakna 1,2%, Omega-3 masne kiseline 0,8%, Omega-6 masne kiseline 3,4%, Sirovi pepeo 5,1%, Kalcijum 0,75%, Fosfor 3%, Sodijum 0,62%, Kalijum 0,71%, Magnezijum 0,08%;<br \/>\nVitamin A 5,878 IJ, Vitamin D3 618 IJ, Vitamin E 800 mg, Vitamin C 90 mg, Beta-karoten 1,5 mg, Taurin 2080 mg.<\/p>\n<p><strong>Dodaci po kg:\u00a0Dodaci ishrani: <\/strong><br \/>\n3b103 (Gvo\u017e\u0111e) 52,4 mg, 3b202 (Jod) 0,8 mg, 3b405 (Bakar) 5,2 mg, 3b502 (Mangan) 5,4 mg, 3b603 (Cink) 108 mg, 3b801 (Selen) 0,1 mg.<\/p>\n<p><strong>Uputstvo za hranjenje<\/strong>:<br \/>\nHraniti preporu\u010denom dnevnom koli\u010dinom ozna\u010denom na pakovanju; prilagodite koli\u010dinu kako biste odr\u017eali optimalnu te\u017einu.<\/p>\n<p><strong>Da li hranite ovom hranom prvi put?<\/strong><br \/>\nNapravite postepeni prelazak na ovu hranu tokom 7 dana me\u0161anjem sve vec\u0301e koli\u010dine nove hrane u pore\u0111enju sa hranom koju ste koristili.<\/p>\n<p>Sve\u017ea voda treba uvek biti dostupna.<\/p>\n<p>Za\u0161tititi od vlage. \u010cuvati na hladnom i suvom mestu.<\/p>\n<p>Proizvo\u0111a\u010d: Hill&#8217;s Pet Nutrition EU Switzerland<br \/>\nZemlja porekla: \u0160vajcarska<\/p>\n<p>&nbsp;<\/p>\n\n    <div class=\"xs_social_share_widget xs_share_url after_content \t\tmain_content  wslu-style-1 wslu-share-box-shaped wslu-fill-colored wslu-none wslu-share-horizontal wslu-theme-font-no wslu-main_content\">\n\n\t\t\n        <ul>\n\t\t\t        <\/ul>\n    <\/div>","protected":false},"excerpt":{"rendered":"<p>Hill&#8217;s Science Plan Cat Mature Tuna predstavlja kompletnu hranu za starije ma\u010dke, preko 7 godina. Hrana je na bazi tune<\/p>","protected":false},"featured_media":24206,"comment_status":"closed","ping_status":"closed","template":"","meta":{"_acf_changed":false,"_aa_vp_cena":"2168.03","_aa_online_cena":"2862"},"pwb-brand":[916],"product_cat":[23,149,21],"product_tag":[],"class_list":{"0":"post-24205","1":"product","2":"type-product","3":"status-publish","4":"has-post-thumbnail","6":"pwb-brand-hills","7":"product_cat-macke","8":"product_cat-granule-za-macke","9":"product_cat-hrana-za-macke","11":"first","12":"outofstock","13":"taxable","14":"shipping-taxable","15":"purchasable","16":"product-type-simple"},"acf":[],"brands":[{"id":916,"name":"Hills","slug":"hills"}],"_links":{"self":[{"href":"https:\/\/pawz.rs\/en\/wp-json\/wp\/v2\/product\/24205","targetHints":{"allow":["GET"]}}],"collection":[{"href":"https:\/\/pawz.rs\/en\/wp-json\/wp\/v2\/product"}],"about":[{"href":"https:\/\/pawz.rs\/en\/wp-json\/wp\/v2\/types\/product"}],"replies":[{"embeddable":true,"href":"https:\/\/pawz.rs\/en\/wp-json\/wp\/v2\/comments?post=24205"}],"wp:featuredmedia":[{"embeddable":true,"href":"https:\/\/pawz.rs\/en\/wp-json\/wp\/v2\/media\/24206"}],"wp:attachment":[{"href":"https:\/\/pawz.rs\/en\/wp-json\/wp\/v2\/media?parent=24205"}],"wp:term":[{"taxonomy":"pwb-brand","embeddable":true,"href":"https:\/\/pawz.rs\/en\/wp-json\/wp\/v2\/pwb-brand?post=24205"},{"taxonomy":"product_cat","embeddable":true,"href":"https:\/\/pawz.rs\/en\/wp-json\/wp\/v2\/product_cat?post=24205"},{"taxonomy":"product_tag","embeddable":true,"href":"https:\/\/pawz.rs\/en\/wp-json\/wp\/v2\/product_tag?post=24205"}],"curies":[{"name":"wp","href":"https:\/\/api.w.org\/{rel}","templated":true}]}}