{"id":24219,"date":"2024-05-10T18:04:14","date_gmt":"2024-05-10T16:04:14","guid":{"rendered":"https:\/\/pawz.rs\/?post_type=product&#038;p=24219"},"modified":"2026-04-05T23:17:49","modified_gmt":"2026-04-05T21:17:49","slug":"hills-science-plan-cat-kitten-perfect-digestion-piletina-i-smedji-pirinac-1-5-kg","status":"publish","type":"product","link":"https:\/\/pawz.rs\/en\/hills-science-plan-cat-kitten-perfect-digestion-piletina-i-smedji-pirinac-1-5-kg\/","title":{"rendered":"Hill&#8217;s Science Plan Cat Kitten Perfect Digestion Piletina I Sme\u0111i Pirina\u010d 1.5 kg"},"content":{"rendered":"<p><strong>Hill&#8217;s Science Plan Cat Kitten Perfect Digestion Piletina I Sme\u0111i Pirina\u010d 1.5 kg<\/strong><\/p>\n<p>Kompletna hrana za ma\u010dic\u0301e od 3 nedelje do 12 meseci kao i\u00a0za skotne ma\u010dke ili ma\u010dke dojilje.<\/p>\n<p>Precizno izbalansirana ishrana sa <strong>ActivBiome+ <\/strong>prebioti\u010dkom me\u0161avinom, aktivno doprinosi odr\u017eavanju probavnog zdravlja i op\u0161teg blagostanja kako bi pomogli va\u0161em ljubimcu da se osec\u0301a najbolje.<\/p>\n<p>Svaka ma\u010dka ima \u010ditav ekosistem u svom telu\u00a0&#8211; mikrobiom creva, pun mnogobrojnih\u00a0po\u017eeljnih i nepo\u017eeljnih bakterija jedinstvenih za va\u0161eg ljubimca.<\/p>\n<p>Sa pravim hranljivim sastojcima koji poma\u017eu u balansiranju njihovog mikrobioma, zapravo mo\u017eete uticati ne samo na njihovo probavno zdravlje, vec\u0301 i na njihovo op\u0161te blagostanje.<\/p>\n<p>Zato smo razvili suvu hranu za ma\u010dke Science Plan Kitten Perfect Digestion sa na\u0161om revolucionarnom me\u0161avinom prebiotika, <strong>ActivBiome+<\/strong>.<\/p>\n<p>Neguje jedinstveni mikrobiom va\u0161e ma\u010dke i poma\u017ee joj da ostvari svoj puni potencijal.<\/p>\n<p><strong>Sastav<\/strong>:<br \/>\nPiletina i c\u0301uretina (piletina 27%; ukupna \u017eivina 42%), kukuruz, \u017eivotinjska mast, sme\u0111i pirina\u010d (4%), pivarski pirina\u010d, je\u010dam, ovas, minerali, mlevena ljuska oraha, biljno ulje, su\u0161ena pulpa cvekle, laneno seme, su\u0161ena pulpa citrusa, celuloza, riblje ulje, suve brusnice. ActivBiome+ prebiotik me\u0161avina (4%): Mlevena ljuska oraha, su\u0161ena pulpa cvekle, laneno seme, su\u0161ena pulpa citrusa, suve brusnice.<\/p>\n<p><strong>Analiti\u010dki sastojci<\/strong>:<br \/>\nProteini 36,6%, Udeo masti 22,8%, Sirova vlakna 2,4%, Sirovi pepeo 7,6%, Kalcijum 1,3%, Fosfor 1,1%, Natrijum 0,47%, Kalijum 1,0%, Magnezijum 0,11%,\u00a0<strong>po kg<\/strong>: Vitamin A 9,159 IU, Vitamin D3 755 IU, Vitamin E 600 mg, Vitamin C 90 mg, Beta karoten 1,5 mg.<\/p>\n<p><strong>Aditivi po kg:\u00a0Nutritivni aditivi: <\/strong><br \/>\n3b103 (Gvo\u017e\u0111e) 61,3 mg, 3b202 (Jod) 1,5 mg, 3b405 (Bakar) 6,0 mg, 3b502 (Mangan) 6,3 mg, 3b603 (Cink) 107 mg, 3b801 (Selen) 0,1 mg, s prirodnim antioksidantima.<\/p>\n<ul>\n<li>100% uravnote\u017eena ishrana sa visokokvalitetnim proteinima za podr\u0161ku optimalnom rastu<\/li>\n<li>Sa <strong>Activbiome+<\/strong>, Hill&#8217;s-ovom ekskluzivnom me\u0161avinom prebiotika koja poma\u017ee da se hrani jedinstveni mikrobiom creva za zdrav digestivni trakt<\/li>\n<li>Sa sme\u0111im pirin\u010dem, ne\u017ean za male stomake koji podr\u017eavaju proces odvikavanja od dojenja<\/li>\n<\/ul>\n<p>Sve\u017ea voda treba uvek biti dostupna.<\/p>\n<p>Proizvo\u0111a\u010d: Hill&#8217;s Pet Nutrition EU Switzerland<br \/>\nZemlja porekla: \u0160vajcarska<\/p>\n<p>&nbsp;<\/p>\n\n    <div class=\"xs_social_share_widget xs_share_url after_content \t\tmain_content  wslu-style-1 wslu-share-box-shaped wslu-fill-colored wslu-none wslu-share-horizontal wslu-theme-font-no wslu-main_content\">\n\n\t\t\n        <ul>\n\t\t\t        <\/ul>\n    <\/div>","protected":false},"excerpt":{"rendered":"<p>Hill&#8217;s Science Plan Cat Kitten Perfect Digestion predstavlja kompletnu suvu hranu za ma\u010di\u0107e od 3 nedelje do 12 meseci. Hrana je pogodna i za ma\u010dke koje su skotne i koje su u laktaciji.<\/p>","protected":false},"featured_media":24220,"comment_status":"closed","ping_status":"closed","template":"","meta":{"_acf_changed":false},"pwb-brand":[916],"product_cat":[23,149,21],"product_tag":[],"class_list":{"0":"post-24219","1":"product","2":"type-product","3":"status-publish","4":"has-post-thumbnail","6":"pwb-brand-hills","7":"product_cat-macke","8":"product_cat-granule-za-macke","9":"product_cat-hrana-za-macke","11":"first","12":"outofstock","13":"taxable","14":"shipping-taxable","15":"purchasable","16":"product-type-simple"},"acf":[],"brands":[{"id":916,"name":"Hills","slug":"hills"}],"_links":{"self":[{"href":"https:\/\/pawz.rs\/en\/wp-json\/wp\/v2\/product\/24219","targetHints":{"allow":["GET"]}}],"collection":[{"href":"https:\/\/pawz.rs\/en\/wp-json\/wp\/v2\/product"}],"about":[{"href":"https:\/\/pawz.rs\/en\/wp-json\/wp\/v2\/types\/product"}],"replies":[{"embeddable":true,"href":"https:\/\/pawz.rs\/en\/wp-json\/wp\/v2\/comments?post=24219"}],"wp:featuredmedia":[{"embeddable":true,"href":"https:\/\/pawz.rs\/en\/wp-json\/wp\/v2\/media\/24220"}],"wp:attachment":[{"href":"https:\/\/pawz.rs\/en\/wp-json\/wp\/v2\/media?parent=24219"}],"wp:term":[{"taxonomy":"pwb-brand","embeddable":true,"href":"https:\/\/pawz.rs\/en\/wp-json\/wp\/v2\/pwb-brand?post=24219"},{"taxonomy":"product_cat","embeddable":true,"href":"https:\/\/pawz.rs\/en\/wp-json\/wp\/v2\/product_cat?post=24219"},{"taxonomy":"product_tag","embeddable":true,"href":"https:\/\/pawz.rs\/en\/wp-json\/wp\/v2\/product_tag?post=24219"}],"curies":[{"name":"wp","href":"https:\/\/api.w.org\/{rel}","templated":true}]}}