{"id":24237,"date":"2024-05-19T15:19:56","date_gmt":"2024-05-19T13:19:56","guid":{"rendered":"https:\/\/pawz.rs\/?post_type=product&#038;p=24237"},"modified":"2026-04-05T23:19:04","modified_gmt":"2026-04-05T21:19:04","slug":"sams-field-true-meat-curetina-sa-lososom-i-brusnicom","status":"publish","type":"product","link":"https:\/\/pawz.rs\/en\/sams-field-true-meat-curetina-sa-lososom-i-brusnicom\/","title":{"rendered":"Sam&#8217;s Field True Meat \u0106uretina Sa Lososom I Brusnicom"},"content":{"rendered":"<p><strong>Sam&#8217;s Field True Meat \u0106uretina Sa Lososom I Brusnicom\u00a0<\/strong><\/p>\n<p>Superpremium kompletna vla\u017ena hrana za pse, namenjena za odrasle pse.<\/p>\n<p>Bez \u017eitarica &#8211; smanjuje rizik od intolerancije na hranu.<\/p>\n<p><strong>Sastav<\/strong>:<br \/>\n\u0106ure\u0107e meso i organi 45%, losos 10%, brusnice 2%, bra\u0161no gra\u0161ka 1%, lignoceluloza 1%, laneno ulje 1%.<\/p>\n<p><strong>Analiti\u010dki sastav<\/strong>:<br \/>\nSirovi proteini 8,8%, Sirove masti 9,7%, Sirova vlaknina 3,0%, Sirovi pepeo 2,2%, Vlaga 78%, Natrijum 0,4%, Kalcijum 0,2%, Fosfor 0,2%, Omega-3 0,15%, Omega-6 0,9%.<\/p>\n<p><strong>Nutritivni dodaci po 1 kg<\/strong>:<br \/>\nVitamin D3 (3a671) 200 IU, Vitamin E (3a700) 100 mg, Biotin (3a880) 0,5 mg, Cink (3b606) 12 mg, Mangan (3b504) 3 mg, Gvo\u017e\u0111e (3b106) 10 mg, Bakar (3b406) 4 mg, Jod (3b201) 0,7 mg, Taurin (3a370) 800 mg.<\/p>\n<p><strong>Tehnolo\u0161ki dodaci<\/strong>:<br \/>\nBra\u0161no semenki roga\u010de (E410) 4.000 mg.<br \/>\nSadr\u017ei prirodne antioksidanse: ekstrakti tokoferola iz biljnog ulja (1b306(i)) i ekstrakt ruzmarina.<\/p>\n<p><strong>Uputstvo za hranjenje<\/strong>:<br \/>\nZa najbolji ukus slu\u017eite na sobnoj temperaturi.<\/p>\n<p>Sam&#8217;s Field vre\u0107ica mo\u017ee se poslu\u017eiti kao potpuna hrana, preliv ili neodoljiva u\u017eina. Pobrinite se da va\u0161 pas uvek ima na raspolaganju \u010diniju sa sve\u017eom vodom.<\/p>\n<p>Nakon otvaranja \u010duvati u hladnjaku i potro\u0161iti u roku od 3 dana.<\/p>\n<p>\u010cuvati na hladnom i suvom mestu za\u0161ti\u0107enom od direktne sun\u010deve svetlosti.<\/p>\n<p>Proizvo\u0111a\u010d: VAFO PRAHA s.r.o., K Br\u016fdku 94, Chr\u00e1\u0161\u0165any, 252 19 Rudn\u00e1 u Prahy, \u010ce\u0161ka<br \/>\nZemlja porekla: EU.<\/p>\n<p>&nbsp;<\/p>\n\n    <div class=\"xs_social_share_widget xs_share_url after_content \t\tmain_content  wslu-style-1 wslu-share-box-shaped wslu-fill-colored wslu-none wslu-share-horizontal wslu-theme-font-no wslu-main_content\">\n\n\t\t\n        <ul>\n\t\t\t        <\/ul>\n    <\/div>","protected":false},"excerpt":{"rendered":"<p>Sam&#8217;s Field True Meat \u0106uretina Sa Lososom I Brusnicom je kompletna vla\u017ena hrana, namenjena odraslim psima svih rasa<\/p>","protected":false},"featured_media":24238,"comment_status":"closed","ping_status":"closed","template":"","meta":{"_acf_changed":false,"_aa_vp_cena":"","_aa_online_cena":""},"pwb-brand":[917],"product_cat":[47,48,50],"product_tag":[],"class_list":{"0":"post-24237","1":"product","2":"type-product","3":"status-publish","4":"has-post-thumbnail","6":"pwb-brand-sams-field","7":"product_cat-psi","8":"product_cat-hrana-za-pse","9":"product_cat-vlazna-hrana-za-pse","11":"first","12":"outofstock","13":"taxable","14":"shipping-taxable","15":"purchasable","16":"product-type-variable","17":"has-default-attributes"},"acf":[],"brands":[{"id":917,"name":"Sams Field","slug":"sams-field"}],"_links":{"self":[{"href":"https:\/\/pawz.rs\/en\/wp-json\/wp\/v2\/product\/24237","targetHints":{"allow":["GET"]}}],"collection":[{"href":"https:\/\/pawz.rs\/en\/wp-json\/wp\/v2\/product"}],"about":[{"href":"https:\/\/pawz.rs\/en\/wp-json\/wp\/v2\/types\/product"}],"replies":[{"embeddable":true,"href":"https:\/\/pawz.rs\/en\/wp-json\/wp\/v2\/comments?post=24237"}],"wp:featuredmedia":[{"embeddable":true,"href":"https:\/\/pawz.rs\/en\/wp-json\/wp\/v2\/media\/24238"}],"wp:attachment":[{"href":"https:\/\/pawz.rs\/en\/wp-json\/wp\/v2\/media?parent=24237"}],"wp:term":[{"taxonomy":"pwb-brand","embeddable":true,"href":"https:\/\/pawz.rs\/en\/wp-json\/wp\/v2\/pwb-brand?post=24237"},{"taxonomy":"product_cat","embeddable":true,"href":"https:\/\/pawz.rs\/en\/wp-json\/wp\/v2\/product_cat?post=24237"},{"taxonomy":"product_tag","embeddable":true,"href":"https:\/\/pawz.rs\/en\/wp-json\/wp\/v2\/product_tag?post=24237"}],"curies":[{"name":"wp","href":"https:\/\/api.w.org\/{rel}","templated":true}]}}