{"id":24247,"date":"2024-05-08T16:11:40","date_gmt":"2024-05-08T14:11:40","guid":{"rendered":"https:\/\/pawz.rs\/?post_type=product&#038;p=24247"},"modified":"2026-05-04T19:46:39","modified_gmt":"2026-05-04T17:46:39","slug":"sams-field-puppy-all-size-grain-free-jagnjetina-13-kg","status":"publish","type":"product","link":"https:\/\/pawz.rs\/en\/sams-field-puppy-all-size-grain-free-jagnjetina-13-kg\/","title":{"rendered":"Sam&#8217;s Field Puppy All Size Grain Free Jagnjetina 13 kg"},"content":{"rendered":"<p><strong>Sam&#8217;s Field Puppy All Size Grain Free Jagnjetina 13 kg<\/strong><\/p>\n<p>Kompletna superpremium suva hrana za \u0161tence rasa svih veli\u010dina (do 12 meseci starosti), tako\u0111e pogodna za gravidne kuje i kuje koje doje.<\/p>\n<p>Preventivna formula za celi \u017eivot: kombinacija 73% jagnjetine, pirin\u010da, povr\u0107a i vo\u0107a za zdravlje va\u0161eg psa.<\/p>\n<p>Nizak udeo \u017eitarica &#8211; smanjuje opasnost od intolerancije na hranu. Bez boja \/ konzervansa \/ GMO \/ soje.<\/p>\n<ul>\n<li><strong>HIPOALERGENA FORMULA<\/strong> &#8211; lako svarljiva<\/li>\n<li><strong>MOS + FOS<\/strong>\u00a0&#8211; potpora ja\u010danju imuniteta<\/li>\n<li><strong>MOJAVE JUKA<\/strong> &#8211; za potporu probave<\/li>\n<li><strong>CHONDROPROTECTION<\/strong> &#8211; za\u0161tita hrskavice (hondroprotekcija)<\/li>\n<\/ul>\n<p><strong>Sastav<\/strong>:<br \/>\nJagnjetina iz slobodnog uzgoja (30%), pirina\u010d (30%), gove\u0111a i svinjska mast (10%), hidrolizirane belan\u010devine \u017eivine (8%), gra\u0161ak (6%), pivski kvasac (4%), pulpa su\u0161ene jabuke (4%), bundeva (3%), lososovo ulje (2%), hidrolizirana jetra \u017eivine (2%), su\u0161eni spana\u0107 (0,5%), bra\u0161no od gra\u0161ka (0,401%), glukozamin (0,026%), kondroitin sulfat (0,02%), frukto-oligosaharidi (0,02%), manan-oligosaharidi (0,015%), Mojave juka (0,01%), su\u0161ena kamilica (0,008%).<\/p>\n<p><strong>Analiti\u010dki sastav<\/strong>:<br \/>\nSirovi proteini 30,0%, Sirove masti 17,0%, Vlaga 10,0%, Sirovi pepeo 7,5%, Sirova vlaknina 2,0%, Kalcij 1,4%, Fosfor 1,1%, Natrij 0,3%, Omega-3 masne kiseline 0,3%, Omega-6 masne kiseline 2,1%, Lizin 1,2%, Metionin 0,4%, Treonin 1,0%, Triptofan 0,4%, Arginin 1,5%.<\/p>\n<p><strong>Nutritivni dodaci po 1 kg<\/strong>:<br \/>\nVitamin A (3a672a) 20.000 IJ, Vitamin D3 (3a671) 1.500 IJ, Vitamin E (3a700) 500 mg, Vitamin C (3a312) 260 mg, Vitamin B1 (3a821) 6,5 mg, Vitamin B2 (3a825i) 8 mg, Vitamin B6 (3a831) 6 mg, Vitamin B12 0,06 mg, Niacinamid (3a315) 28 mg, Kalcij-D-pantotenat (3a841) 15 mg, Biotin (3a880) 0,85 mg, Folna kiselina (3a316) 0,75 mg, Kolin klorid (3a890) 2.000 mg, Bakar (3b406) 15 mg, Cink (3b606) 85 mg, \u017deljezo (3b106) 70 mg, Mangan (3b504) 35 mg, Jod (3b201) 0,7 mg, Selen (3b810) 0,2 mg.<\/p>\n<p>Sadr\u017ei prirodne antioksidanse: ekstrakti tokoferola iz biljnog ulja (1b306 (i)), askorbil palmitat (1b304) i ekstrakt ru\u017emarina.<br \/>\n<strong>Metaboli\u010dka energija<\/strong>: 3.900 kcal\/kg.<\/p>\n<p><strong>Uputstvo za hranjenje<\/strong>:<br \/>\nSve\u017ea voda uvek treba biti dostupna.<\/p>\n<p>Preporu\u010dene dnevne koli\u010dine nazna\u010dene su u gornjoj tablici.<\/p>\n<p>Dnevne hranidbene potrebe va\u0161eg psa mogu se razlikovati zbog okoline gde boravi, veli\u010dini, starosti i fizi\u010dkom optere\u0107enju. Dnevnu koli\u010dinu mo\u017eete podeliti na dva ili tri obroka.<\/p>\n<p>Proizvo\u0111a\u010d: VAFO PRAHA s.r.o., K Br\u016fdku 94, Chr\u00e1\u0161\u0165any, 252 19 Rudn\u00e1 u Prahy, \u010ce\u0161ka<br \/>\nZemlja porekla: EU.<\/p>\n<p>&nbsp;<\/p>\n<p>&nbsp;<\/p>\n<p>&nbsp;<\/p>\n\n    <div class=\"xs_social_share_widget xs_share_url after_content \t\tmain_content  wslu-style-1 wslu-share-box-shaped wslu-fill-colored wslu-none wslu-share-horizontal wslu-theme-font-no wslu-main_content\">\n\n\t\t\n        <ul>\n\t\t\t        <\/ul>\n    <\/div>","protected":false},"excerpt":{"rendered":"<p>Sam&#8217;s Field Puppy All Size Grain Free je kompletna suva hrana za \u0161tence pasa svih rasa, sa niskim udelom \u017eitarica, a sa ukusom jagnjetine<\/p>","protected":false},"featured_media":24248,"comment_status":"closed","ping_status":"closed","template":"","meta":{"_acf_changed":false},"pwb-brand":[917],"product_cat":[49,48,47],"product_tag":[],"class_list":{"0":"post-24247","1":"product","2":"type-product","3":"status-publish","4":"has-post-thumbnail","6":"pwb-brand-sams-field","7":"product_cat-granule-za-pse","8":"product_cat-hrana-za-pse","9":"product_cat-psi","11":"first","12":"instock","13":"taxable","14":"shipping-taxable","15":"purchasable","16":"product-type-simple"},"acf":[],"brands":[{"id":917,"name":"Sams Field","slug":"sams-field"}],"_links":{"self":[{"href":"https:\/\/pawz.rs\/en\/wp-json\/wp\/v2\/product\/24247","targetHints":{"allow":["GET"]}}],"collection":[{"href":"https:\/\/pawz.rs\/en\/wp-json\/wp\/v2\/product"}],"about":[{"href":"https:\/\/pawz.rs\/en\/wp-json\/wp\/v2\/types\/product"}],"replies":[{"embeddable":true,"href":"https:\/\/pawz.rs\/en\/wp-json\/wp\/v2\/comments?post=24247"}],"wp:featuredmedia":[{"embeddable":true,"href":"https:\/\/pawz.rs\/en\/wp-json\/wp\/v2\/media\/24248"}],"wp:attachment":[{"href":"https:\/\/pawz.rs\/en\/wp-json\/wp\/v2\/media?parent=24247"}],"wp:term":[{"taxonomy":"pwb-brand","embeddable":true,"href":"https:\/\/pawz.rs\/en\/wp-json\/wp\/v2\/pwb-brand?post=24247"},{"taxonomy":"product_cat","embeddable":true,"href":"https:\/\/pawz.rs\/en\/wp-json\/wp\/v2\/product_cat?post=24247"},{"taxonomy":"product_tag","embeddable":true,"href":"https:\/\/pawz.rs\/en\/wp-json\/wp\/v2\/product_tag?post=24247"}],"curies":[{"name":"wp","href":"https:\/\/api.w.org\/{rel}","templated":true}]}}