{"id":24252,"date":"2024-05-08T16:11:43","date_gmt":"2024-05-08T14:11:43","guid":{"rendered":"https:\/\/pawz.rs\/?post_type=product&#038;p=24252"},"modified":"2026-05-04T19:46:44","modified_gmt":"2026-05-04T17:46:44","slug":"sams-field-dog-medium-adult-gluten-free-govedina-i-teletina-13-kg","status":"publish","type":"product","link":"https:\/\/pawz.rs\/en\/sams-field-dog-medium-adult-gluten-free-govedina-i-teletina-13-kg\/","title":{"rendered":"Sam&#8217;s Field Dog Medium Adult Gluten Free Govedina I Teletina 13 kg"},"content":{"rendered":"<p><strong>Sam&#8217;s Field Dog Medium Adult Gluten Free Govedina I Teletina 13 kg<\/strong><\/p>\n<p>Kompletna suva hrana za odrasle pse srednjih rasa<\/p>\n<p>Bez glutena &#8211; smanjuje rizik od netolerancije na hranu.<\/p>\n<p>Preventivna formula za ceo \u017eivot: kombinacija (70%) Govedine, Teletine, Vo\u0107a i Povr\u0107a za pobolj\u0161anje zdravlja va\u0161eg psa.<\/p>\n<ul>\n<li><strong>Zdravlje zglobova i hrskavice<\/strong> &#8211; sadr\u017ei glukozamin + kondroitin za pravilan razvoj zglobova i hrskavice<\/li>\n<li><strong>Zdrav metabolizam<\/strong> &#8211; prebiotici (mannan-oligosaharidi i frukto-oligosaharidi) za zdravlje creva<\/li>\n<li><strong>Visoka svarljivost<\/strong> \u2013 visok udeo hranljivih materija za odli\u010dno varenje<\/li>\n<li><strong>Imunitet<\/strong> &#8211; prirodni izvori vitamina i antioksidanasa za pobolj\u0161anje imuniteta<\/li>\n<\/ul>\n<p><strong>Prehrana bez glutena pogodna za srednje velikih rasa<\/strong>:<\/p>\n<p>Bigl &#8211; Pudla &#8211; \u0160etlandski ov\u010dar &#8211; Koker \u0160panijel &#8211; Australski ov\u010dar &#8211; Engleski \u0160pringer \u0160panijel &#8211; Baset &#8211; Collies, Border Collies &#8211; Perzijski hrt &#8211; Shar-pei &#8211; Bul Terijer &#8211; Portugalski Vodeni Pas &#8211; Mali engleski hrt &#8211; Chow Chows &#8211; Stafordski Bul Terijer &#8211; Basenji &#8211; Klamber \u0160panijel<\/p>\n<p><strong>Izbor superpremium sastojaka pru\u017ea slede\u0107e benefite za dobrobit va\u0161eg psa<\/strong>:<\/p>\n<ul>\n<li><strong>Govedina, Teletina<\/strong> &#8211; Prirodni izvor proteina bogatih aminokiselina i ostalih hranjivih sastojaka koji hrane mi\u0161i\u0107e, pobolj\u0161avaju kvalitet i sjaj dlake te poma\u017eu odr\u017eati optimalnu fizi\u010dku kondiciju. Govedina i teletina su biolo\u0161ki i nutritivno vrlo vredni izvori mesa, a palatabilnost teletine posebno je omiljena kod pasa.<\/li>\n<li><strong>Pirina\u010d i Krompir<\/strong> \u2013 Sadr\u017ei vlakna u krompiru koja poma\u017ee u spre\u010davanju zatvora i promovi\u0161e pravilnost za zdrav probavni trakt. Pirina\u010d je odli\u010dan izvor vitamina i minerala, koji pru\u017eaju osnovu za zdravlje imuniteta i pove\u0107anje metabolizma.<\/li>\n<li><strong>Lososovo ulje<\/strong> &#8211; prirodni izvod omega-3 masnih kiselina. Optimalni odnos masnih kiselina u telu poma\u017ee pobolj\u0161anju zdravlja ko\u017ee i dlake.<\/li>\n<li><strong>Brokoli, Spana\u0107<\/strong> &#8211; prirodni izvori minerala, kao \u0161to su kalcijum, magnezijum i fosfor, podr\u017eavaju razvoj jakih kostiju i zdravih zuba i kand\u017ei.<\/li>\n<li><strong>Tikvica i zeleni gra\u0161ak<\/strong> &#8211; bogat antioksidansima, usporava starenje i poja\u010dava imunolo\u0161ki sastav.<\/li>\n<li><strong>Su\u0161ena pulpa repe<\/strong> &#8211; prirodni izvor vlakna za zdravo varenje, tako\u0111e sadr\u017ei antioksidanse i vitamine, koji poma\u017eu odr\u017eati zdravu funkcije jetre i \u0161tite telo od slobodnih radikala.<\/li>\n<li><strong>ekstrakt Yucca schidigera<\/strong> &#8211; podr\u017eava zdrav metabolizam, pobolj\u0161ava \u010dvrstu stolicu i smanjuje njen miris.<\/li>\n<\/ul>\n<p>\u010cuvati na hladnom i suvom mestu.<\/p>\n<p>Proizvo\u0111a\u010d: VAFO PRAHA s.r.o., K Br\u016fdku 94, Chr\u00e1\u0161\u0165any, 252 19 Rudn\u00e1 u Prahy, \u010ce\u0161ka<br \/>\nZemlja porekla: EU.<\/p>\n\n    <div class=\"xs_social_share_widget xs_share_url after_content \t\tmain_content  wslu-style-1 wslu-share-box-shaped wslu-fill-colored wslu-none wslu-share-horizontal wslu-theme-font-no wslu-main_content\">\n\n\t\t\n        <ul>\n\t\t\t        <\/ul>\n    <\/div>","protected":false},"excerpt":{"rendered":"<p>Sam&#8217;s Field Dog Medium Adult je hrana namenjena odraslim psima srednjih rasa, sa ukusom govedine i teletine<\/p>","protected":false},"featured_media":24253,"comment_status":"closed","ping_status":"closed","template":"","meta":{"_acf_changed":false},"pwb-brand":[917],"product_cat":[49,48,47],"product_tag":[209],"class_list":{"0":"post-24252","1":"product","2":"type-product","3":"status-publish","4":"has-post-thumbnail","6":"pwb-brand-sams-field","7":"product_cat-granule-za-pse","8":"product_cat-hrana-za-pse","9":"product_cat-psi","10":"product_tag-bez-glutena","12":"first","13":"instock","14":"taxable","15":"shipping-taxable","16":"purchasable","17":"product-type-simple"},"acf":[],"brands":[{"id":917,"name":"Sams Field","slug":"sams-field"}],"_links":{"self":[{"href":"https:\/\/pawz.rs\/en\/wp-json\/wp\/v2\/product\/24252","targetHints":{"allow":["GET"]}}],"collection":[{"href":"https:\/\/pawz.rs\/en\/wp-json\/wp\/v2\/product"}],"about":[{"href":"https:\/\/pawz.rs\/en\/wp-json\/wp\/v2\/types\/product"}],"replies":[{"embeddable":true,"href":"https:\/\/pawz.rs\/en\/wp-json\/wp\/v2\/comments?post=24252"}],"wp:featuredmedia":[{"embeddable":true,"href":"https:\/\/pawz.rs\/en\/wp-json\/wp\/v2\/media\/24253"}],"wp:attachment":[{"href":"https:\/\/pawz.rs\/en\/wp-json\/wp\/v2\/media?parent=24252"}],"wp:term":[{"taxonomy":"pwb-brand","embeddable":true,"href":"https:\/\/pawz.rs\/en\/wp-json\/wp\/v2\/pwb-brand?post=24252"},{"taxonomy":"product_cat","embeddable":true,"href":"https:\/\/pawz.rs\/en\/wp-json\/wp\/v2\/product_cat?post=24252"},{"taxonomy":"product_tag","embeddable":true,"href":"https:\/\/pawz.rs\/en\/wp-json\/wp\/v2\/product_tag?post=24252"}],"curies":[{"name":"wp","href":"https:\/\/api.w.org\/{rel}","templated":true}]}}