{"id":24274,"date":"2024-05-10T18:04:01","date_gmt":"2024-05-10T16:04:01","guid":{"rendered":"https:\/\/pawz.rs\/?post_type=product&#038;p=24274"},"modified":"2026-04-05T23:19:21","modified_gmt":"2026-04-05T21:19:21","slug":"hills-science-plan-perfect-digestion-medium-adult-piletina-i-smedji-pirinac-14-kg","status":"publish","type":"product","link":"https:\/\/pawz.rs\/en\/hills-science-plan-perfect-digestion-medium-adult-piletina-i-smedji-pirinac-14-kg\/","title":{"rendered":"Hill&#8217;s Science Plan Perfect Digestion Medium Adult Piletina I Sme\u0111i Pirina\u010d 14 kg"},"content":{"rendered":"<p><strong>Hill&#8217;s Science Plan Perfect Digestion Medium Adult Piletina I Sme\u0111i Pirina\u010d 14 kg<\/strong><\/p>\n<p>Kompletna hrana za ku\u0107ne ljubimce, za odrasle pse starije od godine dana, telesne te\u017eine od 11 do 25 kg.<\/p>\n<p>Precizno uravnote\u017eena prehrana s<strong> ActivBiome+ tehnologijom sastojaka<\/strong> (4%) za potporu zdravlja probave i mikrobioma.<\/p>\n<p>Proizvod nije ve\u0161ta\u010dki konzervisan. Bez sinteti\u010dkih boja. Bez ve\u0161ta\u010dkih ukusa.<\/p>\n<ul>\n<li>Sadr\u017ei <strong>ActivBiome+<\/strong>, ekskluzivnu me\u0161avinu prebiotika fabrike Hill&#8217;s koja je pokazala da ubrzano hrani jedinstveni crevni mikrobiom va\u0161eg ljubimca<\/li>\n<li>Pospe\u0161uje kvalitet stolice i njenu redovnost jedinstvenom me\u0161avinom prebiotika<\/li>\n<li>Ukusna hrana koja sadr\u017ei ovas i je\u010dam i na taj na\u010din pru\u017ea prehrambenu uravnote\u017eenost koja doprinosi celokupnom zdravlju va\u0161eg ljubimca kako bi se ose\u0107ao odli\u010dno<\/li>\n<li>KLINI\u010cKI DOKAZANI antioksidansi, Vitamini C i E za zdrav imunolo\u0161ki sastav.<\/li>\n<\/ul>\n<p><strong>Sastojci<\/strong>:<br \/>\nP\u0161enica, kukuruz, pile\u0107e (5%) i \u0107ure\u0107e bra\u0161no (ukupno \u017eivine 9%), \u017eivotinjska mast, kukuruzno glutensko bra\u0161no, mesni koncentrat, pivarski trop od pirin\u010da, sme\u0111i pirina\u010d (4%), je\u010dam (3,2%), ovas (3,2%), mlevena ljuska pekan oraha, minerali, su\u0161eni repini rezanci, semenke lana, su\u0161ena pulpa citrusa, su\u0161ene brusnice.<\/p>\n<p><strong>Analiti\u010dki sasta<\/strong>v:<br \/>\nBelan\u010devine 18,4%, Sadr\u017eaj masti 11,8%, Sirova vlakna 2,6%, Sirovi pepeo 4,6%, Kalcijum 0,70%, Fosfor 0,55%, Natrijum 0,22%, Kalijum 0,68%, Magnezijum 0,09%; Po kg: Vitamin A 10.027 IJ, Vitamin D3 730 IJ, Vitamin E 550 mg, Vitamin C 90 mg, Beta-karoten 1,5 mg.<\/p>\n<p><strong>Dodaci\u00a0(po kg)-Prehrambeni dodaci:<\/strong><br \/>\n3b103 (Gvo\u017e\u0111e) 76,4 mg, 3b202 (Jod) 1,9 mg, 3b405 (Bakar) 7,5 mg, 3b502 (Mangan) 7,9 mg, 3b603 (Cink) 134 mg, 3b801 (Selen) 0,2 mg<\/p>\n<p><strong>Uputstva za hranjenje<\/strong>:<br \/>\nHranite preporu\u010denom dnevnom koli\u010dinom ozna\u010denom na pakovanju; prilagodite koli\u010dinu kako bi se odr\u017eala optimalna te\u017eina.<\/p>\n<p><strong>Hranite li prvi put ovom hranom?<br \/>\n<\/strong>Napravite postepeni prelaz na ovu hranu kroz 7 dana me\u0161aju\u0107i sve ve\u0107u koli\u010dinu nove hrane u odnosu na hranu koju ste koristili.<\/p>\n<p>Sve\u017ea voda uvek treba biti dostupna.<\/p>\n<p>Proizvo\u0111a\u010d: Hill&#8217;s Pet Nutrition EU Switzerland<br \/>\nZemlja porekla: \u0160vajcarska<\/p>\n<p>&nbsp;<\/p>\n\n    <div class=\"xs_social_share_widget xs_share_url after_content \t\tmain_content  wslu-style-1 wslu-share-box-shaped wslu-fill-colored wslu-none wslu-share-horizontal wslu-theme-font-no wslu-main_content\">\n\n\t\t\n        <ul>\n\t\t\t        <\/ul>\n    <\/div>","protected":false},"excerpt":{"rendered":"<p>Hill&#8217;s Science Plan Perfect Digestion Medium Adult je potpuna hrana za odrasle pse srednje rase, koja podr\u017eava zdravlje digestivnog sistema<\/p>","protected":false},"featured_media":24275,"comment_status":"closed","ping_status":"closed","template":"","meta":{"_acf_changed":false},"pwb-brand":[916],"product_cat":[49,48,47],"product_tag":[],"class_list":{"0":"post-24274","1":"product","2":"type-product","3":"status-publish","4":"has-post-thumbnail","6":"pwb-brand-hills","7":"product_cat-granule-za-pse","8":"product_cat-hrana-za-pse","9":"product_cat-psi","11":"first","12":"instock","13":"taxable","14":"shipping-taxable","15":"purchasable","16":"product-type-simple"},"acf":[],"brands":[{"id":916,"name":"Hills","slug":"hills"}],"_links":{"self":[{"href":"https:\/\/pawz.rs\/en\/wp-json\/wp\/v2\/product\/24274","targetHints":{"allow":["GET"]}}],"collection":[{"href":"https:\/\/pawz.rs\/en\/wp-json\/wp\/v2\/product"}],"about":[{"href":"https:\/\/pawz.rs\/en\/wp-json\/wp\/v2\/types\/product"}],"replies":[{"embeddable":true,"href":"https:\/\/pawz.rs\/en\/wp-json\/wp\/v2\/comments?post=24274"}],"wp:featuredmedia":[{"embeddable":true,"href":"https:\/\/pawz.rs\/en\/wp-json\/wp\/v2\/media\/24275"}],"wp:attachment":[{"href":"https:\/\/pawz.rs\/en\/wp-json\/wp\/v2\/media?parent=24274"}],"wp:term":[{"taxonomy":"pwb-brand","embeddable":true,"href":"https:\/\/pawz.rs\/en\/wp-json\/wp\/v2\/pwb-brand?post=24274"},{"taxonomy":"product_cat","embeddable":true,"href":"https:\/\/pawz.rs\/en\/wp-json\/wp\/v2\/product_cat?post=24274"},{"taxonomy":"product_tag","embeddable":true,"href":"https:\/\/pawz.rs\/en\/wp-json\/wp\/v2\/product_tag?post=24274"}],"curies":[{"name":"wp","href":"https:\/\/api.w.org\/{rel}","templated":true}]}}