{"id":24288,"date":"2024-05-10T18:03:57","date_gmt":"2024-05-10T16:03:57","guid":{"rendered":"https:\/\/pawz.rs\/?post_type=product&#038;p=24288"},"modified":"2026-04-05T23:19:24","modified_gmt":"2026-04-05T21:19:24","slug":"hills-science-plan-dog-senior-vitality-medium-mature-piletina-14-kg","status":"publish","type":"product","link":"https:\/\/pawz.rs\/en\/hills-science-plan-dog-senior-vitality-medium-mature-piletina-14-kg\/","title":{"rendered":"Hill&#8217;s Science Plan Dog Senior Vitality Medium Mature Piletina 14 kg"},"content":{"rendered":"<p><strong>Hill&#8217;s Science Plan Dog Senior Vitality Medium Mature Piletina 14 kg<\/strong><\/p>\n<p>Kompletna suva hrana za ku\u0107ne ljubimce formulisana za odrasle pse srednje veli\u010dine starije od 7 godina koja olak\u0161ava njihove svakdnevne aktivnosti i kretanje.<\/p>\n<p>Nije ve\u0161ta\u010dki konzervirano. Nema ve\u0161ta\u010dkih boja. Nema ve\u0161ta\u010dkih ukusa.<\/p>\n<ul>\n<li>Poma\u017ee da se unaprede svakodnevne sposobnosti Va\u0161eg psa za ve\u0107om aktivno\u0161\u0107u<\/li>\n<li>Posebna me\u0161avina sastojaka poma\u017ee u podr\u0161ci zdravlja mozga, interakciji, energiji i vitalnosti<\/li>\n<li>Omega 3 i omega 6 masne kiseline za rasko\u0161no krzno &amp; lako svarljivi sastojci za zdravu probavu<\/li>\n<li>Klini\u010dki dokazani antioksidanti, Vitamin C+E, za zdrav imuni sistem<\/li>\n<\/ul>\n<p><strong>Sastojci<\/strong>:<br \/>\nkukuruz, pivski pirina\u010d (24%), piletina (8%) i \u0107ure\u0107e meso (ukupni udeo \u017eivine 13%), zob, varivo, osu\u0161eno celo jaje, biljno ulje, \u017eivotinjska mast, laneno seme, minerali, su\u0161ena pulpa repe, osu\u0161ena \u0161argarepa, osu\u0161ena pulpa paradajza, osu\u0161ena pulpa citrusa, riblje ulje, osu\u0161eni spana\u0107.<\/p>\n<p><strong>Analiti\u010dki sastav<\/strong>:<br \/>\nProtein\u00a019,8%, Sadr\u017eaj masti 12,7%, Sirova vlakna 1,6%, Omega-3 masne kiseline 0,8%, Omega-6 masne kiseline 3,6%, Sirovi pepeo 4,9%, Kalcijum 0,82%, Fosfor 0,57%, Natrijum 0,18%, Kalijum 0,73%, Magnezijum 0,08%;<br \/>\n<strong>po kg<\/strong>: Vitamin A 9193 IU, Vitamin D3 928 IU, Vitamin E 1300 mg, Vitamin C 350 mg, Beta-karoten 1,5 mg.<\/p>\n<p><strong>Dodaci\u00a0(po kg):<\/strong><br \/>\n3b103 (Gvo\u017e\u0111e) 84,1 mg, 3b202 (Jod) 1,3 mg, 3b405 (Bakar) 8,3 mg, 3b502 (Mangan) 87 mg, 3b603 (Cink) 174 mg, 3b801 (Selen) 0,2 mg.<\/p>\n<p><strong>Uputstvo za hranjenje<\/strong>:<br \/>\nHraniti preporu\u010denom dnevnom koli\u010dinom ozna\u010denom na pakovanju; prilagoditi koli\u010dinu da bi se odr\u017eala optimalna te\u017eina.<\/p>\n<p><strong>Hranite li prvi put ovom hranom?<br \/>\n<\/strong>Me\u0161ajte ve\u0107e koli\u010dine nove hrane sa manjim koli\u010dinama prethodne hrane u periodu od 7dana.<\/p>\n<p>Sve\u017ea voda uvek treba biti dostupna.<\/p>\n<p>Proizvo\u0111a\u010d: Hill&#8217;s Pet Nutrition EU Switzerland<br \/>\nZemlja porekla: \u0160vajcarska<\/p>\n<p>&nbsp;<\/p>\n\n    <div class=\"xs_social_share_widget xs_share_url after_content \t\tmain_content  wslu-style-1 wslu-share-box-shaped wslu-fill-colored wslu-none wslu-share-horizontal wslu-theme-font-no wslu-main_content\">\n\n\t\t\n        <ul>\n\t\t\t        <\/ul>\n    <\/div>","protected":false},"excerpt":{"rendered":"<p>Hill&#8217;s Science Plan Dog Senior Vitality Medium Mature je hrana namenjena starijim psima srednje rase, preko 7 godina<\/p>","protected":false},"featured_media":24289,"comment_status":"closed","ping_status":"closed","template":"","meta":{"_acf_changed":false},"pwb-brand":[916],"product_cat":[49,48,47],"product_tag":[],"class_list":{"0":"post-24288","1":"product","2":"type-product","3":"status-publish","4":"has-post-thumbnail","6":"pwb-brand-hills","7":"product_cat-granule-za-pse","8":"product_cat-hrana-za-pse","9":"product_cat-psi","11":"first","12":"instock","13":"taxable","14":"shipping-taxable","15":"purchasable","16":"product-type-simple"},"acf":[],"brands":[{"id":916,"name":"Hills","slug":"hills"}],"_links":{"self":[{"href":"https:\/\/pawz.rs\/en\/wp-json\/wp\/v2\/product\/24288","targetHints":{"allow":["GET"]}}],"collection":[{"href":"https:\/\/pawz.rs\/en\/wp-json\/wp\/v2\/product"}],"about":[{"href":"https:\/\/pawz.rs\/en\/wp-json\/wp\/v2\/types\/product"}],"replies":[{"embeddable":true,"href":"https:\/\/pawz.rs\/en\/wp-json\/wp\/v2\/comments?post=24288"}],"wp:featuredmedia":[{"embeddable":true,"href":"https:\/\/pawz.rs\/en\/wp-json\/wp\/v2\/media\/24289"}],"wp:attachment":[{"href":"https:\/\/pawz.rs\/en\/wp-json\/wp\/v2\/media?parent=24288"}],"wp:term":[{"taxonomy":"pwb-brand","embeddable":true,"href":"https:\/\/pawz.rs\/en\/wp-json\/wp\/v2\/pwb-brand?post=24288"},{"taxonomy":"product_cat","embeddable":true,"href":"https:\/\/pawz.rs\/en\/wp-json\/wp\/v2\/product_cat?post=24288"},{"taxonomy":"product_tag","embeddable":true,"href":"https:\/\/pawz.rs\/en\/wp-json\/wp\/v2\/product_tag?post=24288"}],"curies":[{"name":"wp","href":"https:\/\/api.w.org\/{rel}","templated":true}]}}