{"id":24295,"date":"2024-05-08T16:11:44","date_gmt":"2024-05-08T14:11:44","guid":{"rendered":"https:\/\/pawz.rs\/?post_type=product&#038;p=24295"},"modified":"2026-04-05T23:20:43","modified_gmt":"2026-04-05T21:20:43","slug":"sams-filed-senior-dog-light-jagnjetina-i-pirinac","status":"publish","type":"product","link":"https:\/\/pawz.rs\/en\/sams-filed-senior-dog-light-jagnjetina-i-pirinac\/","title":{"rendered":"Sam&#8217;s Field Senior Dog Light Jagnjetina i Pirina\u010d"},"content":{"rendered":"<p><strong>Sam&#8217;s Field Senior Dog Light Jagnjetina i Pirina\u010d<\/strong><\/p>\n<p>Kompletna premium hrana za starije pse.<br \/>\nHipoalergena formula za pse koji imaju problema s prekomernom telesnom masom.<\/p>\n<p>Preventivna formula za celi \u017eivot: kombinacija mesa, vo\u0107a i povr\u0107a za zdravlje va\u0161eg psa.<br \/>\nBez glutena &#8211; nizak udeo \u017eitarica &#8211; bez opasnosti od netolerancije na hranu.<\/p>\n<p><strong>Napredna prehrana za Va\u0161eg psa<\/strong>:<\/p>\n<ul>\n<li><strong>Visoka razina energije<\/strong> &#8211; osim \u0161to je hipoalergena, jagnjetina je izvor visokoprobavljivih belan\u010devina koje pru\u017eaju esencijalne aminokiseline va\u017enih za rast mi\u0161i\u0107a, kvalitet dlake i odr\u017eavanje kondicije. Pirina\u010d je kao ugljenohidrat, izvor energije. Ova celovita \u017eitarica bogata je vlaknima, vitaminima i masnim kiselinama. Sertifikovana je kao &#8220;GMO free&#8221; sastojak. Krompir u prera\u0111enom obliku izvrstan je izvor energije s niskim glikemijskim indeksom. Pru\u017ea energiju koja se u\u010dinkovito koristi u telu.<\/li>\n<li><strong>Imunitet<\/strong> &#8211; vo\u0107e i povr\u0107e za ja\u010danje imuniteta. Su\u0161ene jabuke esencijalan su izvor fermentibilnih prebioti\u010dkih vlakana. Raj\u010dica je izvor likopena, antioksidativna funkcija nudi za\u0161titu od delovanja slobodnih radikala. \u0160argarepa je prirodni izvor vitamina, minerala, dijetetskih vlakana, antioksidanata i fitonutrijenata.<\/li>\n<li><strong>Zdravlje ko\u017ee i dlake<\/strong> &#8211; lososovo ulje prirodan je izvor Omega-3 masnih kiselina. Optimalni udeo masnih kiselina u telu poma\u017ee pobolj\u0161ati kvalitet ko\u017ee i dlake.<\/li>\n<\/ul>\n<p><strong>Sastojci<\/strong>:<br \/>\nJagnjetina, pirina\u010d, krompir, mast peradi (konzervirano me\u0161anim tokoferolima, izvor vitamina E), lososovo ulje, prirodne arome, su\u0161ena jabuka, pivski kvasci, raj\u010dica, ekstrakt od juke, \u0161argarepa, minerali, DL-metionin, L-lizin, mananoligosaharid, fruktooligosaharidi, probiotici.<\/p>\n<p><strong>Analiti\u010dki sastav<\/strong>:<br \/>\nSirove belan\u010devine 24,0%, Sirove masti 9,0%, Sirova vlakna 3,5%, Sirovi pepeo 6,7%, Vlaga 10,0%, Kalcijum 1,5%, Fosfor 1,1%.<\/p>\n<p><strong>Dodaci (po kg):<\/strong><br \/>\nVitamin A 20 000 IJ, Vitamin D3 1 900 IJ, Vitamin E 500 mg, Vitamin B1 4,5 mg, Vitamin B2 6,0 mg, Vitamin B6 5,0 mg, Vitamin B12 0,05 mg, Niacin 26 mg, Kalcij Pantotenat 13 mg, Biotin 0,78 mg, Folna kiselina 0,65 mg, Kolin Klorid 780 mg, Organski Cink 107 mg, Organski Bakar 18 mg, Jod 0,84 mg, Organski Selen 0,2 mg.<\/p>\n<p>Proizvo\u0111a\u010d: VAFO PRAHA s.r.o., K Br\u016fdku 94, Chr\u00e1\u0161\u0165any, 252 19 Rudn\u00e1 u Prahy, \u010ce\u0161ka<br \/>\nZemlja porekla: EU.<\/p>\n<p>&nbsp;<\/p>\n\n    <div class=\"xs_social_share_widget xs_share_url after_content \t\tmain_content  wslu-style-1 wslu-share-box-shaped wslu-fill-colored wslu-none wslu-share-horizontal wslu-theme-font-no wslu-main_content\">\n\n\t\t\n        <ul>\n\t\t\t        <\/ul>\n    <\/div>","protected":false},"excerpt":{"rendered":"<p>Sam&#8217;s Field Senior Dog Light predstavlja kompletnu hranu za starije pse, kao i pse koji imaju problem sa prekomernom telesnom te\u017einom<\/p>","protected":false},"featured_media":24296,"comment_status":"closed","ping_status":"closed","template":"","meta":{"_acf_changed":false,"_aa_vp_cena":"","_aa_online_cena":""},"pwb-brand":[917],"product_cat":[49,48,47],"product_tag":[],"class_list":{"0":"post-24295","1":"product","2":"type-product","3":"status-publish","4":"has-post-thumbnail","6":"pwb-brand-sams-field","7":"product_cat-granule-za-pse","8":"product_cat-hrana-za-pse","9":"product_cat-psi","11":"first","12":"outofstock","13":"taxable","14":"shipping-taxable","15":"purchasable","16":"product-type-variable","17":"has-default-attributes"},"acf":[],"brands":[{"id":917,"name":"Sams Field","slug":"sams-field"}],"_links":{"self":[{"href":"https:\/\/pawz.rs\/en\/wp-json\/wp\/v2\/product\/24295","targetHints":{"allow":["GET"]}}],"collection":[{"href":"https:\/\/pawz.rs\/en\/wp-json\/wp\/v2\/product"}],"about":[{"href":"https:\/\/pawz.rs\/en\/wp-json\/wp\/v2\/types\/product"}],"replies":[{"embeddable":true,"href":"https:\/\/pawz.rs\/en\/wp-json\/wp\/v2\/comments?post=24295"}],"wp:featuredmedia":[{"embeddable":true,"href":"https:\/\/pawz.rs\/en\/wp-json\/wp\/v2\/media\/24296"}],"wp:attachment":[{"href":"https:\/\/pawz.rs\/en\/wp-json\/wp\/v2\/media?parent=24295"}],"wp:term":[{"taxonomy":"pwb-brand","embeddable":true,"href":"https:\/\/pawz.rs\/en\/wp-json\/wp\/v2\/pwb-brand?post=24295"},{"taxonomy":"product_cat","embeddable":true,"href":"https:\/\/pawz.rs\/en\/wp-json\/wp\/v2\/product_cat?post=24295"},{"taxonomy":"product_tag","embeddable":true,"href":"https:\/\/pawz.rs\/en\/wp-json\/wp\/v2\/product_tag?post=24295"}],"curies":[{"name":"wp","href":"https:\/\/api.w.org\/{rel}","templated":true}]}}