{"id":24318,"date":"2024-05-01T15:50:04","date_gmt":"2024-05-01T13:50:04","guid":{"rendered":"https:\/\/pawz.rs\/?post_type=product&#038;p=24318"},"modified":"2025-03-09T14:10:34","modified_gmt":"2025-03-09T13:10:34","slug":"hills-science-plan-dog-performance-adult-piletina-14-kg","status":"publish","type":"product","link":"https:\/\/pawz.rs\/en\/hills-science-plan-dog-performance-adult-piletina-14-kg\/","title":{"rendered":"Hill&#8217;s Science Plan Dog Performance Adult Piletina 14 kg"},"content":{"rendered":"<p><strong>Hill&#8217;s Science Plan Dog Performance Adult Piletina 14 kg<\/strong><\/p>\n<p>Kompletna hrana za radne pse ( stariji od godinu dana).<\/p>\n<p>Sadr\u017ei ta\u010dno izbalansiran unos proteina, vitamina i minerala sa dodatnom energijom.<\/p>\n<p>Nema dodatih boja i ve\u0161ta\u010dkih ukusa.<\/p>\n<p><strong>Sastav<\/strong>:<br \/>\nBra\u0161no od kukuruznog, pilec\u0301eg i c\u0301urec\u0301eg mesa, \u017eivotinjska mast, dehidrirana pulpa cvekle, biljno ulje, hidrolizat, laneno seme, minerali, jaja u prahu.<\/p>\n<p><strong>Analiti\u010dki sastav<\/strong>:<br \/>\nSirovi proteini 28,2%, Sadr\u017eaj masti 24,1%, Sirova vlakna 1,6%, Sirovi pepeo 5,6%, Kalcijum 0,95%, Fosfor 0,70%, Natrijum 0,36%, Kalijum 0,75%, Magnezijum 0,08%; Po kg: Vit. A 6 345 IU, Vit. D3 513 IU, vit. E 350 mg, vit. D 90 mg, Beta-karoten 1,5 mg,<\/p>\n<p><strong>Dodaci\u00a0(po kg):<\/strong><br \/>\n3b103 (gvo\u017e\u0111e) 87,3 mg, 3b202 (jod) 3,8 mg, 3b405 (bakar) 8,6 mg, 3b502 (mangan) 9,0 mg, 3b603 (cink;) sa prirodnim antioksidansima.<\/p>\n<p><strong>Uputstvo za hranjenje:<\/strong> Hraniti preporu\u010denom dnevnom koli\u010dinom prema veli\u010dini va\u0161eg ljubimca. Prilagodite koli\u010dinu hrane kako bi odr\u017eali idealnu telesnu masu.<\/p>\n<p><strong>Hranite li prvi put ovom hranom?<\/strong><br \/>\nNapravite postepeni prelaz na ovu hranu kroz 7 dana me\u0161aju\u0107i sve ve\u0107u koli\u010dinu nove hrane u hranu koju ste koristili.<\/p>\n<p>Sve\u017ea voda uvek mora biti dostupna.<\/p>\n<p>Proizvo\u0111a\u010d: Hill&#8217;s Pet Nutrition EU Switzerland<br \/>\nZemlja porekla: \u0160vajcarska<\/p>\n\n    <div class=\"xs_social_share_widget xs_share_url after_content \t\tmain_content  wslu-style-1 wslu-share-box-shaped wslu-fill-colored wslu-none wslu-share-horizontal wslu-theme-font-no wslu-main_content\">\n\n\t\t\n        <ul>\n\t\t\t        <\/ul>\n    <\/div>","protected":false},"excerpt":{"rendered":"<p>Hill&#8217;s Science Plan Dog Performance Adult je hrana sa ukusom piletina, namenjena odraslim radnim, aktivnim psima<\/p>","protected":false},"featured_media":24319,"comment_status":"closed","ping_status":"closed","template":"","meta":{"_acf_changed":false},"pwb-brand":[916],"product_cat":[47,48,49],"product_tag":[],"class_list":{"0":"post-24318","1":"product","2":"type-product","3":"status-publish","4":"has-post-thumbnail","6":"pwb-brand-hills","7":"product_cat-psi","8":"product_cat-hrana-za-pse","9":"product_cat-granule-za-pse","11":"first","12":"outofstock","13":"taxable","14":"shipping-taxable","15":"purchasable","16":"product-type-simple"},"acf":[],"brands":[{"id":916,"name":"Hills","slug":"hills"}],"_links":{"self":[{"href":"https:\/\/pawz.rs\/en\/wp-json\/wp\/v2\/product\/24318","targetHints":{"allow":["GET"]}}],"collection":[{"href":"https:\/\/pawz.rs\/en\/wp-json\/wp\/v2\/product"}],"about":[{"href":"https:\/\/pawz.rs\/en\/wp-json\/wp\/v2\/types\/product"}],"replies":[{"embeddable":true,"href":"https:\/\/pawz.rs\/en\/wp-json\/wp\/v2\/comments?post=24318"}],"wp:featuredmedia":[{"embeddable":true,"href":"https:\/\/pawz.rs\/en\/wp-json\/wp\/v2\/media\/24319"}],"wp:attachment":[{"href":"https:\/\/pawz.rs\/en\/wp-json\/wp\/v2\/media?parent=24318"}],"wp:term":[{"taxonomy":"pwb-brand","embeddable":true,"href":"https:\/\/pawz.rs\/en\/wp-json\/wp\/v2\/pwb-brand?post=24318"},{"taxonomy":"product_cat","embeddable":true,"href":"https:\/\/pawz.rs\/en\/wp-json\/wp\/v2\/product_cat?post=24318"},{"taxonomy":"product_tag","embeddable":true,"href":"https:\/\/pawz.rs\/en\/wp-json\/wp\/v2\/product_tag?post=24318"}],"curies":[{"name":"wp","href":"https:\/\/api.w.org\/{rel}","templated":true}]}}