{"id":24323,"date":"2024-05-10T18:04:19","date_gmt":"2024-05-10T16:04:19","guid":{"rendered":"https:\/\/pawz.rs\/?post_type=product&#038;p=24323"},"modified":"2026-05-04T19:47:09","modified_gmt":"2026-05-04T17:47:09","slug":"hspc-cat-adult-piletina","status":"publish","type":"product","link":"https:\/\/pawz.rs\/en\/hspc-cat-adult-piletina\/","title":{"rendered":"Hill&#8217;s Science Plan Cat Adult Piletina"},"content":{"rendered":"<p><strong>Hill&#8217;s Science Plan Cat Adult Piletina<\/strong><\/p>\n<p>Hill&#8217;s Science Plan Adult Piletina\u00a0(piletina 18%; ukupna \u017eivina 28%) je kompletna suva hrana za ma\u010dke\u00a0uzrasta od 1 do 6 godina.<\/p>\n<p>Posebno formulisan da zadovolji energetske potrebe ma\u010daka u najboljim godinama njihovog \u017eivota.<\/p>\n<p>Napravljen od visokokvalitetnih, lako svarljivih sastojaka.<\/p>\n<ul>\n<li>Podr\u0161ka imunolo\u0161kom sistemu i zdravom varenju kod odraslih ma\u010daka<\/li>\n<li>Visokokvalitetni proteini za izgradnju mi\u0161ic\u0301a<\/li>\n<li>Taurin je neophodan za zdravlje srca i mineralnu ravnote\u017eu za podr\u0161ku funkcije bubrega i be\u0161ike<\/li>\n<li>Vitamin E, Omega-3 i Omega-6 masne kiseline za lepu kosu i ko\u017eu<\/li>\n<li>KLINI\u010cKI DOKAZANI antioksidansi, VITAMINI C i E za zdrav imuni sistem<\/li>\n<li>Bez konzervansa, ve\u0161ta\u010dkih boja i poja\u010diva\u010da ukusa<\/li>\n<\/ul>\n<p><strong>Sastojci<\/strong>:<br \/>\n\u017ditarice, meso i proizvodi \u017eivotinjskog porekla (piletina 18%), ulja i masti (riblje ulje 0,6%), ekstrakti biljnih proteina, minerali, biljni proizvodi.<\/p>\n<p><strong>Analytical composition:<br \/>\n<\/strong>Sirovi proteini 32,7%, Sadr\u017eaj masti 20,2%, Sirova vlakna 1,4%, Sirovi pepeo 5,3%, Omega-3 masne kiseline 0,5%, Omega-6 masne kiseline 3,2%, Kalcijum 0,77%, Fosfor 0,70,3% Sodijum Kalijum 0,81%, magnezijum 0,08%; po kg: Vitamin A 7,241 IU, Vitamin D3 598 IU, Vitamin E 600 mg, Vitamin C 100 mg, Beta-karoten 1,5 mg, Taurin 2,001 mg.<\/p>\n<p><strong>Supplements per kg:<\/strong><br \/>\nDodaci ishrani: 3b103 (gvo\u017e\u0111e) 91,2 mg, 3b202 (jod) 4,0 mg, 3b405 (bakar) 9,0 mg, 3b502 (mangan) 9,4 mg, 3b603 (cink) sa prirodnim antioksidansima 141 mg.<\/p>\n<p>Sve\u017ea voda uvek mora biti dostupna.<br \/>\n\u010cuvati od vlage, na suvom i hladnom mestu.<\/p>\n<p>Proizvo\u0111a\u010d: Hill&#8217;s Pet Nutrition EU Switzerland<br \/>\nZemlja porekla: \u0160vajcarska<\/p>\n<p>&nbsp;<\/p>\n\n    <div class=\"xs_social_share_widget xs_share_url after_content \t\tmain_content  wslu-style-1 wslu-share-box-shaped wslu-fill-colored wslu-none wslu-share-horizontal wslu-theme-font-no wslu-main_content\">\n\n\t\t\n        <ul>\n\t\t\t        <\/ul>\n    <\/div>","protected":false},"excerpt":{"rendered":"<p>Hill&#8217;s Science Plan Cat Adult Piletina predstavlja kompletnu hranu za odrasle ma\u010dke, na bazi piletine<\/p>","protected":false},"featured_media":24324,"comment_status":"closed","ping_status":"closed","template":"","meta":{"_acf_changed":false},"pwb-brand":[916],"product_cat":[23,21,149],"product_tag":[],"class_list":{"0":"post-24323","1":"product","2":"type-product","3":"status-publish","4":"has-post-thumbnail","6":"pwb-brand-hills","7":"product_cat-macke","8":"product_cat-hrana-za-macke","9":"product_cat-granule-za-macke","11":"first","12":"outofstock","13":"taxable","14":"shipping-taxable","15":"purchasable","16":"product-type-variable","17":"has-default-attributes"},"acf":[],"brands":[{"id":916,"name":"Hills","slug":"hills"}],"_links":{"self":[{"href":"https:\/\/pawz.rs\/en\/wp-json\/wp\/v2\/product\/24323","targetHints":{"allow":["GET"]}}],"collection":[{"href":"https:\/\/pawz.rs\/en\/wp-json\/wp\/v2\/product"}],"about":[{"href":"https:\/\/pawz.rs\/en\/wp-json\/wp\/v2\/types\/product"}],"replies":[{"embeddable":true,"href":"https:\/\/pawz.rs\/en\/wp-json\/wp\/v2\/comments?post=24323"}],"wp:featuredmedia":[{"embeddable":true,"href":"https:\/\/pawz.rs\/en\/wp-json\/wp\/v2\/media\/24324"}],"wp:attachment":[{"href":"https:\/\/pawz.rs\/en\/wp-json\/wp\/v2\/media?parent=24323"}],"wp:term":[{"taxonomy":"pwb-brand","embeddable":true,"href":"https:\/\/pawz.rs\/en\/wp-json\/wp\/v2\/pwb-brand?post=24323"},{"taxonomy":"product_cat","embeddable":true,"href":"https:\/\/pawz.rs\/en\/wp-json\/wp\/v2\/product_cat?post=24323"},{"taxonomy":"product_tag","embeddable":true,"href":"https:\/\/pawz.rs\/en\/wp-json\/wp\/v2\/product_tag?post=24323"}],"curies":[{"name":"wp","href":"https:\/\/api.w.org\/{rel}","templated":true}]}}