{"id":24335,"date":"2024-05-10T18:04:19","date_gmt":"2024-05-10T16:04:19","guid":{"rendered":"https:\/\/pawz.rs\/?post_type=product&#038;p=24335"},"modified":"2026-04-05T23:26:19","modified_gmt":"2026-04-05T21:26:19","slug":"hspc-kitten-tuna","status":"publish","type":"product","link":"https:\/\/pawz.rs\/en\/hspc-kitten-tuna\/","title":{"rendered":"Hill&#8217;s Science Plan Kitten Tuna"},"content":{"rendered":"<p class=\"cd-title\" data-product_title=\"1\"><strong>Hill&#8217;s Science Plan Kitten Tuna<\/strong><\/p>\n<p>Kompletna suva hrana za ma\u010di\u0107e starosti od 3 nedelje do 12 meseci i za gravidne ma\u010dke i ma\u010dke koje doje.<br \/>\nPosebno formulisana hrana kako bi se osigurale sve potrebe ma\u010di\u0107a za njihov razvoj, kako bi mogli da narastu do svog punog potencijala.<\/p>\n<ul>\n<li>Potpora imunolo\u0161kom sastavu i pravilnom rastu ma\u010di\u0107a<\/li>\n<li>KLINI\u010cKI DOKAZANI antioksidansi, VItamini C i E za zdrav imunolo\u0161ki sastav<\/li>\n<li>DHA iz ribljeg ulja za zdrav razvoj mozga i o\u010diju<\/li>\n<li>Uravnote\u017eeni nivoi minerala za jake kosti i zdrave zube<\/li>\n<li>Visoko kvalitetne belan\u010devine za izgradnju vitkih mi\u0161i\u0107a<\/li>\n<li>Bez konzervansa, ve\u0161ta\u010dkih boja i poja\u010diva\u010da arome<\/li>\n<\/ul>\n<p>&nbsp;<\/p>\n<p><strong>Uputstvo za hranjenje<\/strong>:<\/p>\n<ul>\n<li><strong>Za ma\u010di\u0107e<\/strong>: na po\u010detku hranite preporu\u010denim dnevnim koli\u010dinama; prilagodite koli\u010dinu kako bi odr\u017eali idealnu telesnu te\u017einu. Ako niste sigurni &#8211; pitajte Va\u0161eg veterinara.<\/li>\n<li><strong>Za odbijanje od sisanja<\/strong>: granule hrane prelijte toplom vodom, pustite neka omek\u0161aju te ih izme\u0161ajte u pastu. Postepeno smanjujte koli\u010dinu dodate vode sve dok ma\u010de ne po\u010dne da jede suve granule.<\/li>\n<li><strong>Za gravidne ma\u010dke i ma\u010dke koje doje<\/strong>: dnevnu koli\u010dinu hrane podelite u 2 do 4 obroka \/ hrana neka u svakom trenutku bude dostupna.<\/li>\n<\/ul>\n<p>&nbsp;<\/p>\n<p><strong>Hranite li prvi put ovom hranom?<\/strong><br \/>\nNapravite postepeni prelaz na ovu hranu kroz 7 dana me\u0161aju\u0107i sve ve\u0107u koli\u010dinu nove hrane u hranu koju ste koristili.<\/p>\n<p>Sve\u017ea voda uvek treba biti dostupna.<\/p>\n<p>Proizvo\u0111a\u010d: Hill&#8217;s Pet Nutrition EU Switzerland<br \/>\nZemlja porekla: \u0160vajcarska<\/p>\n<p>&nbsp;<\/p>\n\n    <div class=\"xs_social_share_widget xs_share_url after_content \t\tmain_content  wslu-style-1 wslu-share-box-shaped wslu-fill-colored wslu-none wslu-share-horizontal wslu-theme-font-no wslu-main_content\">\n\n\t\t\n        <ul>\n\t\t\t        <\/ul>\n    <\/div>","protected":false},"excerpt":{"rendered":"<p>Hill&#8217;s Science Plan Kitten je suva hrana namenjena ma\u010di\u0107ima, kao i gravidnim ma\u010dkama i ma\u010dkama koje doje. Hrana je na bazi tune<\/p>","protected":false},"featured_media":24336,"comment_status":"closed","ping_status":"closed","template":"","meta":{"_acf_changed":false},"pwb-brand":[916],"product_cat":[23,149,21],"product_tag":[],"class_list":{"0":"post-24335","1":"product","2":"type-product","3":"status-publish","4":"has-post-thumbnail","6":"pwb-brand-hills","7":"product_cat-macke","8":"product_cat-granule-za-macke","9":"product_cat-hrana-za-macke","11":"first","12":"outofstock","13":"taxable","14":"shipping-taxable","15":"purchasable","16":"product-type-variable","17":"has-default-attributes"},"acf":[],"brands":[{"id":916,"name":"Hills","slug":"hills"}],"_links":{"self":[{"href":"https:\/\/pawz.rs\/en\/wp-json\/wp\/v2\/product\/24335","targetHints":{"allow":["GET"]}}],"collection":[{"href":"https:\/\/pawz.rs\/en\/wp-json\/wp\/v2\/product"}],"about":[{"href":"https:\/\/pawz.rs\/en\/wp-json\/wp\/v2\/types\/product"}],"replies":[{"embeddable":true,"href":"https:\/\/pawz.rs\/en\/wp-json\/wp\/v2\/comments?post=24335"}],"wp:featuredmedia":[{"embeddable":true,"href":"https:\/\/pawz.rs\/en\/wp-json\/wp\/v2\/media\/24336"}],"wp:attachment":[{"href":"https:\/\/pawz.rs\/en\/wp-json\/wp\/v2\/media?parent=24335"}],"wp:term":[{"taxonomy":"pwb-brand","embeddable":true,"href":"https:\/\/pawz.rs\/en\/wp-json\/wp\/v2\/pwb-brand?post=24335"},{"taxonomy":"product_cat","embeddable":true,"href":"https:\/\/pawz.rs\/en\/wp-json\/wp\/v2\/product_cat?post=24335"},{"taxonomy":"product_tag","embeddable":true,"href":"https:\/\/pawz.rs\/en\/wp-json\/wp\/v2\/product_tag?post=24335"}],"curies":[{"name":"wp","href":"https:\/\/api.w.org\/{rel}","templated":true}]}}