{"id":24379,"date":"2024-05-10T18:04:18","date_gmt":"2024-05-10T16:04:18","guid":{"rendered":"https:\/\/pawz.rs\/?post_type=product&#038;p=24379"},"modified":"2026-04-05T23:19:54","modified_gmt":"2026-04-05T21:19:54","slug":"hspc-cat-adult-jagnjetina","status":"publish","type":"product","link":"https:\/\/pawz.rs\/en\/hspc-cat-adult-jagnjetina\/","title":{"rendered":"Hill&#8217;s Science Plan Cat Adult Jagnjetina"},"content":{"rendered":"<p><strong>Hill&#8217;s Science Plan Cat Adult Jagnjetina<\/strong><\/p>\n<p>Kompletna suva hrana za odrasle ma\u010dke uzrasta od 1 do 6 godina.<br \/>\nPosebno formulisan da zadovolji energetske potrebe ma\u010daka u najboljim godinama njihovog \u017eivota.<br \/>\nNapravljen od visokokvalitetnih, lako svarljivih sastojaka.<\/p>\n<ul>\n<li>Podr\u0161ka imunolo\u0161kom sistemu i zdravom varenju kod odraslih ma\u010daka<\/li>\n<li>Visokokvalitetni proteini za izgradnju mi\u0161ic\u0301a<\/li>\n<li>Taurin je neophodan za zdravlje srca i mineralnu ravnote\u017eu za podr\u0161ku funkcije bubrega i be\u0161ike<\/li>\n<li>Vitamin E, Omega-3 i Omega-6 masne kiseline za lepu kosu i ko\u017eu<\/li>\n<li>KLINI\u010cKI DOKAZANI antioksidansi, VITAMINI C i E za zdrav imuni sistem<\/li>\n<li>Bez konzervansa, ve\u0161ta\u010dkih boja i poja\u010diva\u010da ukusa<\/li>\n<\/ul>\n<p><strong>Sastojci<\/strong>:<br \/>\nPirina\u010d, bra\u0161no kukuruznog glutena, bra\u0161no mesa peradi, kukuruz, \u017eivotinjska mast, bra\u0161no mesa jagnjetine, minerali, dehidrirana repina pulpa, riblje ulje.<\/p>\n<p><strong>Analiti\u010dki sastojci:<\/strong><br \/>\nSirove belan\u010devine 31,9%, sirove masti 20,0%, sirova vlakna 0,94%, sirov pepeo 5,4%, Omega -3 masne kiseline 3,22%, kalcijum 0,82%, fosfor 0,73%, natrijum 0,37%, kalijum 0,70%, Magnezijum 0,06%; po kg: Vit. E 650 mg, Vit. C 70 mg, Beta-karoten 1.5 mg.<\/p>\n<p><strong>Dodaci po kg<\/strong>:<br \/>\nE672 (vit.A) 26,598 IU, E671 (vit.D3) 1,400 IU, E1 (gvo\u017e\u0111e) 264 mg, E2 (jod) 2,6 mg, E4 (bakar) 33,5 mg, E5 (Mangan) 11,6 mg, E6 (cink) 224 mg, E8 (selen) 0,5 mg s prirodnim antioksidansima.<\/p>\n<p><strong>Uputstva za hranjenje:<\/strong><br \/>\nHraniti preporu\u010dene dnevne koli\u010dine ozna\u010dene na pakovanju; prilagodite da biste odr\u017eali optimalnu te\u017einu.<\/p>\n<p><strong>Hranite li prvi put ovom hranom?<\/strong><br \/>\nNapravite postepeni prelazak na ovu hranu tokom 7 dana me\u0161anjem sve vec\u0301e koli\u010dine nove hrane u pore\u0111enju sa hranom koju ste koristili.<\/p>\n<p>Sve\u017ea voda treba uvek biti dostupna.<\/p>\n<p>Proizvo\u0111a\u010d: Hill&#8217;s Pet Nutrition EU Switzerland<br \/>\nZemlja porekla: \u0160vajcarska<\/p>\n\n    <div class=\"xs_social_share_widget xs_share_url after_content \t\tmain_content  wslu-style-1 wslu-share-box-shaped wslu-fill-colored wslu-none wslu-share-horizontal wslu-theme-font-no wslu-main_content\">\n\n\t\t\n        <ul>\n\t\t\t        <\/ul>\n    <\/div>","protected":false},"excerpt":{"rendered":"<p>Hill&#8217;s Science Plan Cat Adult Jagnjetina predstavlja kompletnu hranu za odrasle ma\u010dke, sa ukusom jagnjetine i pirin\u010da<\/p>","protected":false},"featured_media":24380,"comment_status":"closed","ping_status":"closed","template":"","meta":{"_acf_changed":false},"pwb-brand":[916],"product_cat":[23,149,21],"product_tag":[],"class_list":{"0":"post-24379","1":"product","2":"type-product","3":"status-publish","4":"has-post-thumbnail","6":"pwb-brand-hills","7":"product_cat-macke","8":"product_cat-granule-za-macke","9":"product_cat-hrana-za-macke","11":"first","12":"outofstock","13":"taxable","14":"shipping-taxable","15":"purchasable","16":"product-type-variable","17":"has-default-attributes"},"acf":[],"brands":[{"id":916,"name":"Hills","slug":"hills"}],"_links":{"self":[{"href":"https:\/\/pawz.rs\/en\/wp-json\/wp\/v2\/product\/24379","targetHints":{"allow":["GET"]}}],"collection":[{"href":"https:\/\/pawz.rs\/en\/wp-json\/wp\/v2\/product"}],"about":[{"href":"https:\/\/pawz.rs\/en\/wp-json\/wp\/v2\/types\/product"}],"replies":[{"embeddable":true,"href":"https:\/\/pawz.rs\/en\/wp-json\/wp\/v2\/comments?post=24379"}],"wp:featuredmedia":[{"embeddable":true,"href":"https:\/\/pawz.rs\/en\/wp-json\/wp\/v2\/media\/24380"}],"wp:attachment":[{"href":"https:\/\/pawz.rs\/en\/wp-json\/wp\/v2\/media?parent=24379"}],"wp:term":[{"taxonomy":"pwb-brand","embeddable":true,"href":"https:\/\/pawz.rs\/en\/wp-json\/wp\/v2\/pwb-brand?post=24379"},{"taxonomy":"product_cat","embeddable":true,"href":"https:\/\/pawz.rs\/en\/wp-json\/wp\/v2\/product_cat?post=24379"},{"taxonomy":"product_tag","embeddable":true,"href":"https:\/\/pawz.rs\/en\/wp-json\/wp\/v2\/product_tag?post=24379"}],"curies":[{"name":"wp","href":"https:\/\/api.w.org\/{rel}","templated":true}]}}