{"id":24391,"date":"2024-05-10T18:04:14","date_gmt":"2024-05-10T16:04:14","guid":{"rendered":"https:\/\/pawz.rs\/?post_type=product&#038;p=24391"},"modified":"2025-03-09T14:09:05","modified_gmt":"2025-03-09T13:09:05","slug":"hills-science-plan-cat-sterilised-mature-7-piletina-300-g","status":"publish","type":"product","link":"https:\/\/pawz.rs\/en\/hills-science-plan-cat-sterilised-mature-7-piletina-300-g\/","title":{"rendered":"Hill&#8217;s Science Plan Cat Sterilised Mature 7+ Piletina 300 g"},"content":{"rendered":"<p><strong>Hill&#8217;s Science Plan Cat Sterilised Mature 7+ Piletina 300 g<\/strong><\/p>\n<p>Kompletna suva hrana za odrasle sterilisane ma\u010dke starije od 7 godina.<\/p>\n<p>Precizno izbalansirana ishrana formulisana da zadovolji potrebe sterilisanih ma\u010daka, sa klini\u010dki dokazanim antioksidansima i jedinstvenom Hill&#8217;s-ovom formulom za kontrolu te\u017eine.<\/p>\n<ul>\n<li>Podr\u0161ka za zdravu telesnu te\u017einu i zdravu funkciju bubrega kod sterilisanih ma\u010daka<\/li>\n<li>Hill-ova jedinstvena formula za odr\u017eavanje te\u017eine sa dodatkom L-karnitina, klini\u010dki dokazano poma\u017ee ma\u010dkama da ostanu vitke i aktivne<\/li>\n<li>Kontrolisani nivoi minerala za zdrav urinarni sistem<\/li>\n<li>Sa malo masti i visokim sadr\u017eajem L-lizina za odr\u017eavanje vitalnosti<\/li>\n<li>KLINI\u010cKI DOKAZANI antioksidansi, VITAMINI C i E za zdrav imuni sistem<\/li>\n<li>Bez konzervansa, ve\u0161ta\u010dkih boja i poja\u010diva\u010da ukusa<\/li>\n<\/ul>\n<p><strong>Sastojci<\/strong>:<br \/>\nkukuruz, seme pirin\u010da, bra\u0161no od piletine i c\u0301uretine, bra\u0161no od kukuruznog glutena, minerali, riblje ulje, \u017eivotinjska mast, biljno ulje.<\/p>\n<p><strong>Analiti\u010dki sastav<\/strong>:<br \/>\nProteini 31,5%, Sadr\u017eaj masti 9,3%, Sirova vlakna 0,90%, L-lizin 2,1%, Sirovi pepeo 5,6%, Kalcijum 0,86%, Fosfor 0,63%, Natrijum 0,32%, Kalijum 0,81%, Magnezijum 0. Po kg: Vitamin A 6,022 IJ, Vitamin D3 596 IJ, Vitamin E 550 mg, Vitamin C 90 mg, Beta-karoten 1,5 mg, L-karnitin 525 mg.<\/p>\n<p><strong>Docaci (po kg):<\/strong><br \/>\n3b103 (gvo\u017e\u0111e) 45,4 mg, 3b202 (jod) 0,7 mg, 3b405 (bakar) 4,5 mg, 3b502 (mangan) 4,7 mg, 3b603 (cink.9 mg) 93 mg 93 0,1 mg.<\/p>\n<p><strong>Uputstva za hranjenje:<\/strong><br \/>\nHraniti preporu\u010dene dnevne koli\u010dine ozna\u010dene na pakovanju; prilagodite da biste odr\u017eali optimalnu te\u017einu.<\/p>\n<p><strong>Hranite li prvi put ovom hranom?<\/strong> Napravite postepeni prelazak na ovu hranu tokom 7 dana me\u0161anjem sve vec\u0301e koli\u010dine nove hrane u pore\u0111enju sa hranom koju ste koristili.<\/p>\n<p>Sve\u017ea voda treba uvek biti dostupna.<\/p>\n<p>Proizvo\u0111a\u010d: Hill&#8217;s Pet Nutrition EU Switzerland<br \/>\nZemlja porekla: \u0160vajcarska<\/p>\n<p>&nbsp;<\/p>\n\n    <div class=\"xs_social_share_widget xs_share_url after_content \t\tmain_content  wslu-style-1 wslu-share-box-shaped wslu-fill-colored wslu-none wslu-share-horizontal wslu-theme-font-no wslu-main_content\">\n\n\t\t\n        <ul>\n\t\t\t        <\/ul>\n    <\/div>","protected":false},"excerpt":{"rendered":"<p>Hill&#8217;s Science Plan Cat Sterilised Mature je kompletna suva hrana za odrasle sterilisane ma\u010dke, preko 7 godina<\/p>","protected":false},"featured_media":24392,"comment_status":"closed","ping_status":"closed","template":"","meta":{"_acf_changed":false},"pwb-brand":[916],"product_cat":[23,21,149],"product_tag":[],"class_list":{"0":"post-24391","1":"product","2":"type-product","3":"status-publish","4":"has-post-thumbnail","6":"pwb-brand-hills","7":"product_cat-macke","8":"product_cat-hrana-za-macke","9":"product_cat-granule-za-macke","11":"first","12":"outofstock","13":"taxable","14":"shipping-taxable","15":"purchasable","16":"product-type-simple"},"acf":[],"brands":[{"id":916,"name":"Hills","slug":"hills"}],"_links":{"self":[{"href":"https:\/\/pawz.rs\/en\/wp-json\/wp\/v2\/product\/24391","targetHints":{"allow":["GET"]}}],"collection":[{"href":"https:\/\/pawz.rs\/en\/wp-json\/wp\/v2\/product"}],"about":[{"href":"https:\/\/pawz.rs\/en\/wp-json\/wp\/v2\/types\/product"}],"replies":[{"embeddable":true,"href":"https:\/\/pawz.rs\/en\/wp-json\/wp\/v2\/comments?post=24391"}],"wp:featuredmedia":[{"embeddable":true,"href":"https:\/\/pawz.rs\/en\/wp-json\/wp\/v2\/media\/24392"}],"wp:attachment":[{"href":"https:\/\/pawz.rs\/en\/wp-json\/wp\/v2\/media?parent=24391"}],"wp:term":[{"taxonomy":"pwb-brand","embeddable":true,"href":"https:\/\/pawz.rs\/en\/wp-json\/wp\/v2\/pwb-brand?post=24391"},{"taxonomy":"product_cat","embeddable":true,"href":"https:\/\/pawz.rs\/en\/wp-json\/wp\/v2\/product_cat?post=24391"},{"taxonomy":"product_tag","embeddable":true,"href":"https:\/\/pawz.rs\/en\/wp-json\/wp\/v2\/product_tag?post=24391"}],"curies":[{"name":"wp","href":"https:\/\/api.w.org\/{rel}","templated":true}]}}