{"id":24394,"date":"2024-05-10T18:04:15","date_gmt":"2024-05-10T16:04:15","guid":{"rendered":"https:\/\/pawz.rs\/?post_type=product&#038;p=24394"},"modified":"2026-04-05T23:19:46","modified_gmt":"2026-04-05T21:19:46","slug":"hills-science-plan-cat-mature-piletina-1-5-kg","status":"publish","type":"product","link":"https:\/\/pawz.rs\/en\/hills-science-plan-cat-mature-piletina-1-5-kg\/","title":{"rendered":"Hill&#8217;s Science Plan Cat Mature Piletina 1.5 kg"},"content":{"rendered":"<p><strong>Hill&#8217;s Science Plan Cat Mature Piletina 1.5 kg<\/strong><\/p>\n<p>Kompletna suva hrana za odrasle ma\u010dke starije od 7 godina.<\/p>\n<p>Potpora zdravlju starijim ma\u010dkama.<\/p>\n<p>Sadr\u017ei sinergijsku me\u0161avinu sastojaka koji osiguravaju optimalnu koli\u010dinu energije u skladu sa nivoom aktivnosti.<\/p>\n<ul>\n<li>Potpora optimalnoj koli\u010dini energije, imunolo\u0161kom sastavu i zdravlju vitalnih organa kod starijih ma\u010daka<\/li>\n<li>Neophodan taurin za zdravlje srca i uravnote\u017eenost minerala za potporu rada bubrega i mokra\u0107ne be\u0161ike<\/li>\n<li>Lako svarljivi sastojci sa prirodnim vlaknima za zdravo funkcionisanje probave<\/li>\n<li>Vitamin E, Omega-3 i Omega-6 masne kiseline za prekrasnu dlaku i ko\u017eu<\/li>\n<li>KLINI\u010cKI DOKAZANI antioksidansi, VItamini C i E za zdrav imunolo\u0161ki sistem<\/li>\n<li>Bez konzervansa, ve\u0161ta\u010dkih boja i poja\u010diva\u010da arome<\/li>\n<\/ul>\n<p><strong>Sastojci<\/strong>:<br \/>\nBra\u0161no mesa piletine i \u0107uretine, p\u0161enica, kukuruz, kukuruzno glutensko bra\u0161no, \u017eivotinjska mast, ri\u017eine mekinje, minerali, semenke lana, riblje ulje, biljno ulje.<\/p>\n<p><strong>Analiti\u010dki satav<\/strong>:<br \/>\nBelan\u010devine 30,8%, Udeo masti 17,3%, Sirova vlaknina 1,2%, Omega-3 masne kiseline 0,7%, Omega-6 masne kiseline 3,3%, Sirovi pepeo 5,2%, Kalcijum 0,72%, Fosfor 0,64%, Natrijum 0,33%, Kalijum 0,72%, Magnezijum 0,08%;<br \/>\nVitamin A 5.975 IJ, Vitamin D3 575 IJ, Vitamin E 800 mg, Vitamin C 90 mg, Beta-karoten 1,5 mg, Taurin 1977 mg.<\/p>\n<p><strong>Dodaci (po kg):<\/strong><br \/>\n3b103 (Gvo\u017e\u0111e) 82,1 mg, 3b202 (Jod) 1,3 mg, 3b405 (Bakar) 8,1 mg, 3b502 (Mangan) 8,5 mg, 3b603 (Cink) 170 mg, 3b801 (Selen) 0,2 mg<\/p>\n<p><strong>Uputstva za hranjenje<\/strong>:<br \/>\nHranite preporu\u010denim dnevnim koli\u010dinama ozna\u010denim na pakovanju; prilagodite kako bi se odr\u017eala optimalna te\u017eina.<\/p>\n<p><strong>Hranite li prvi put ovom hranom<\/strong>?<br \/>\nNapravite postepeni prelaz na ovu hranu kroz 7 dana me\u0161aju\u0107i sve ve\u0107u koli\u010dinu nove hrane u odnosu na hranu koju ste koristili.<\/p>\n<p>Sve\u017ea voda uvek treba biti dostupna.<\/p>\n<p>Proizvo\u0111a\u010d: Hill&#8217;s Pet Nutrition EU Switzerland<br \/>\nZemlja porekla: \u0160vajcarska<\/p>\n<p>&nbsp;<\/p>\n<p>&nbsp;<\/p>\n\n    <div class=\"xs_social_share_widget xs_share_url after_content \t\tmain_content  wslu-style-1 wslu-share-box-shaped wslu-fill-colored wslu-none wslu-share-horizontal wslu-theme-font-no wslu-main_content\">\n\n\t\t\n        <ul>\n\t\t\t        <\/ul>\n    <\/div>","protected":false},"excerpt":{"rendered":"<p>Hill&#8217;s Science Plan Cat Mature je kompletna hrana za starije ma\u010dke, preko 7 godina, sa piletinom<\/p>","protected":false},"featured_media":24395,"comment_status":"closed","ping_status":"closed","template":"","meta":{"_acf_changed":false},"pwb-brand":[916],"product_cat":[23,149,21],"product_tag":[],"class_list":{"0":"post-24394","1":"product","2":"type-product","3":"status-publish","4":"has-post-thumbnail","6":"pwb-brand-hills","7":"product_cat-macke","8":"product_cat-granule-za-macke","9":"product_cat-hrana-za-macke","11":"first","12":"instock","13":"taxable","14":"shipping-taxable","15":"purchasable","16":"product-type-simple"},"acf":[],"brands":[{"id":916,"name":"Hills","slug":"hills"}],"_links":{"self":[{"href":"https:\/\/pawz.rs\/en\/wp-json\/wp\/v2\/product\/24394","targetHints":{"allow":["GET"]}}],"collection":[{"href":"https:\/\/pawz.rs\/en\/wp-json\/wp\/v2\/product"}],"about":[{"href":"https:\/\/pawz.rs\/en\/wp-json\/wp\/v2\/types\/product"}],"replies":[{"embeddable":true,"href":"https:\/\/pawz.rs\/en\/wp-json\/wp\/v2\/comments?post=24394"}],"wp:featuredmedia":[{"embeddable":true,"href":"https:\/\/pawz.rs\/en\/wp-json\/wp\/v2\/media\/24395"}],"wp:attachment":[{"href":"https:\/\/pawz.rs\/en\/wp-json\/wp\/v2\/media?parent=24394"}],"wp:term":[{"taxonomy":"pwb-brand","embeddable":true,"href":"https:\/\/pawz.rs\/en\/wp-json\/wp\/v2\/pwb-brand?post=24394"},{"taxonomy":"product_cat","embeddable":true,"href":"https:\/\/pawz.rs\/en\/wp-json\/wp\/v2\/product_cat?post=24394"},{"taxonomy":"product_tag","embeddable":true,"href":"https:\/\/pawz.rs\/en\/wp-json\/wp\/v2\/product_tag?post=24394"}],"curies":[{"name":"wp","href":"https:\/\/api.w.org\/{rel}","templated":true}]}}