{"id":24400,"date":"2024-05-10T18:04:14","date_gmt":"2024-05-10T16:04:14","guid":{"rendered":"https:\/\/pawz.rs\/?post_type=product&#038;p=24400"},"modified":"2026-04-05T23:19:47","modified_gmt":"2026-04-05T21:19:47","slug":"hills-science-plan-cat-perfect-weight-piletina-1-5-kg","status":"publish","type":"product","link":"https:\/\/pawz.rs\/en\/hills-science-plan-cat-perfect-weight-piletina-1-5-kg\/","title":{"rendered":"Hill&#8217;s Science Plan Cat Perfect Weight Piletina 1.5 kg"},"content":{"rendered":"<p><strong>Hill&#8217;s Science Plan Cat Perfect Weight Piletina 1.5 kg<\/strong><\/p>\n<p>Kompletna suva hrana za odrasle ma\u010dke starije od godinu dana koje su malo gojazne ili imaju tendenciju da dobiju na te\u017eini.<\/p>\n<p>Ova hrana se preporu\u010duje i za manje aktivne ma\u010dke i za sterilisane ma\u010dke.<\/p>\n<p>Specijalna formula sa visokim udelom piletine i niskim udelom masti i kalorija. Bez ve\u0161ta\u010dkih konzervansa, poja\u010diva\u010da ukusa i boja.<\/p>\n<p><strong>Napredna ishrana sa osnovnim prednostima za va\u0161u ma\u010dku:<\/strong><\/p>\n<ul>\n<li>Prebioti\u010dka vlakna podr\u017eavaju unos hranljivih materija i uravnote\u017eenu crevnu floru<\/li>\n<li>Stimuli\u0161e metaboli\u010dku aktivnost i poma\u017ee u razgradnji nagomilanih masnih naslaga<\/li>\n<li>Sa visokim udelom piletine i niskim udelom masti i kalorija<\/li>\n<li>Klini\u010dki dokazani antioksidansi sa dodatkom vitamina E i C za podr\u0161ku zdravom imunolo\u0161kom sistemu<\/li>\n<\/ul>\n<p><strong>Sastav<\/strong>:<br \/>\nBra\u0161no od pilec\u0301eg i c\u0301urec\u0301eg mesa, pivarski pirina\u010d, bra\u0161no od kukuruznog glutena, komina su\u0161enog paradajza, su\u0161ena pulpa cvekle, laneno seme, \u017eivotinjska mast, kokosovo ulje, minerali, su\u0161ena \u0161argarepa.<\/p>\n<p><strong>Analytical composition:<\/strong><br \/>\nProteini 37,0%, sadr\u017eaj masti 13,0%, Sirova vlakna 8,9%, Sirovi pepeo 6,1%, Kalcijum 0,92%, Fosfor 0,72%, Natrijum 0,37%, Kalijum 0,71%, Magnezijum 0,09%; po kg: Vitamin A 8,482IU, Vitamin D3 762IU, Vitamin E 950mg, Vitamin C 125mg, Beta-karoten 1,5mg.<\/p>\n<p><strong>Dodaci po KG: Nutritivni aditivi:<br \/>\n<\/strong>3b103 (gvo\u017e\u0111e) 55,7mg, 3b202 (jod) 0,9mg, 3b405 (bakar) 5,5mg, 3b502 (mangan) 5,8mg, 3b603 (Zing1,0mg) sa prirodnim antioksidansom<\/p>\n<p><strong>UPUTSTVO ZA HRANJENJE:<br \/>\n<\/strong>Hranite preporu\u010denu dnevnu koli\u010dinu prema veli\u010dini va\u0161eg ljubimca.<\/p>\n<p>Prilagodite koli\u010dinu hrane da biste odr\u017eali idealnu telesnu te\u017einu.<\/p>\n<p><strong>Da li hranite prvi put ovom hranom?<br \/>\n<\/strong>Napravite postepeni prelazak na ovu hranu tokom 7 dana me\u0161anjem sve vec\u0301e koli\u010dine nove hrane u hranu koju ste koristili.<\/p>\n<p>Sve\u017ea voda mora uvek biti dostupna.<\/p>\n<p>Proizvo\u0111a\u010d: Hill&#8217;s Pet Nutrition EU Switzerland<br \/>\nZemlja porekla: \u0160vajcarska<\/p>\n\n    <div class=\"xs_social_share_widget xs_share_url after_content \t\tmain_content  wslu-style-1 wslu-share-box-shaped wslu-fill-colored wslu-none wslu-share-horizontal wslu-theme-font-no wslu-main_content\">\n\n\t\t\n        <ul>\n\t\t\t        <\/ul>\n    <\/div>","protected":false},"excerpt":{"rendered":"<p>Hill&#8217;s Science Plan Cat Perfect Weight je suva hrana za odrasle ma\u010dke, naro\u010dito one koje su gojazne ili imaju sklonost ka ve\u0107oj telesnoj te\u017eini. Hrana je sa ukusom piletine<\/p>","protected":false},"featured_media":24401,"comment_status":"closed","ping_status":"closed","template":"","meta":{"_acf_changed":false},"pwb-brand":[916],"product_cat":[23,149,21],"product_tag":[],"class_list":{"0":"post-24400","1":"product","2":"type-product","3":"status-publish","4":"has-post-thumbnail","6":"pwb-brand-hills","7":"product_cat-macke","8":"product_cat-granule-za-macke","9":"product_cat-hrana-za-macke","11":"first","12":"instock","13":"taxable","14":"shipping-taxable","15":"purchasable","16":"product-type-simple"},"acf":[],"brands":[{"id":916,"name":"Hills","slug":"hills"}],"_links":{"self":[{"href":"https:\/\/pawz.rs\/en\/wp-json\/wp\/v2\/product\/24400","targetHints":{"allow":["GET"]}}],"collection":[{"href":"https:\/\/pawz.rs\/en\/wp-json\/wp\/v2\/product"}],"about":[{"href":"https:\/\/pawz.rs\/en\/wp-json\/wp\/v2\/types\/product"}],"replies":[{"embeddable":true,"href":"https:\/\/pawz.rs\/en\/wp-json\/wp\/v2\/comments?post=24400"}],"wp:featuredmedia":[{"embeddable":true,"href":"https:\/\/pawz.rs\/en\/wp-json\/wp\/v2\/media\/24401"}],"wp:attachment":[{"href":"https:\/\/pawz.rs\/en\/wp-json\/wp\/v2\/media?parent=24400"}],"wp:term":[{"taxonomy":"pwb-brand","embeddable":true,"href":"https:\/\/pawz.rs\/en\/wp-json\/wp\/v2\/pwb-brand?post=24400"},{"taxonomy":"product_cat","embeddable":true,"href":"https:\/\/pawz.rs\/en\/wp-json\/wp\/v2\/product_cat?post=24400"},{"taxonomy":"product_tag","embeddable":true,"href":"https:\/\/pawz.rs\/en\/wp-json\/wp\/v2\/product_tag?post=24400"}],"curies":[{"name":"wp","href":"https:\/\/api.w.org\/{rel}","templated":true}]}}