{"id":24405,"date":"2024-05-10T18:04:17","date_gmt":"2024-05-10T16:04:17","guid":{"rendered":"https:\/\/pawz.rs\/?post_type=product&#038;p=24405"},"modified":"2026-05-04T19:47:06","modified_gmt":"2026-05-04T17:47:06","slug":"hspc-cat-adult-sensitive-skin-stomach","status":"publish","type":"product","link":"https:\/\/pawz.rs\/en\/hspc-cat-adult-sensitive-skin-stomach\/","title":{"rendered":"Hill&#8217;s Science Plan Cat Sensitive Stomach &amp; Skin Adult Piletina"},"content":{"rendered":"<p><strong>Hill&#8217;s Science Plan Cat Sensitive Stomach &amp; Skin Adult Piletina<\/strong><\/p>\n<p>Kompletna suva hrana za odrasle ma\u010dke starije od godinu dana.<br \/>\nVisoko svarljiva formula sa dodatkom vlakana za odr\u017eavanje zdravlja ko\u017ee i dlake. Bez dodataka konzervansa, ve\u0161ta\u010dkih boja i poja\u010diva\u010da ukusa.<\/p>\n<p><strong>Sastojci<\/strong>:<br \/>\nSeme pirin\u010da, bra\u0161no od pilec\u0301eg mesa (15%), bra\u0161no od c\u0301urec\u0301eg mesa (ukupno \u017eivinsko meso 24%), bra\u0161no od kukuruznog glutena, kukuruz, \u017eivotinjska mast, su\u0161eno celo jaje, su\u0161ena pulpa cvekle (2,5%), minerali, biljno ulje, lan semena.<\/p>\n<p><strong>Analytical composition:<\/strong><br \/>\nSirovi proteini 32,7%, Sadr\u017eaj masti 18,7%, Sirova vlakna 1,1%, Omega-6 masne kiseline 3,6%, Sirovi pepeo 5,3%, Kalcijum 0,8%, Fosfor 0,65%, Natrijum 0,31%, Kalijum 0,69%, Magnezijum 0,69% 0,06%; Po kg: Vitamin A 5,733 IJ, Vitamin D3 569 IJ, Vitamin E 600 mg, Vitamin C 90 mg, Beta-karoten 1,5 mg.<\/p>\n<p><strong>Aditivi (po kg)-Dodaci u hrani:<\/strong><br \/>\n3b103 (gvo\u017e\u0111e) 54,1 mg, 3b202 (jod) 1,3 mg, 3b405 (bakar) 5,3 mg, 3b502 (mangan) 5,6 mg, 3b603 (cink.7 mg) 18 94 0,1 mg.<\/p>\n<p><strong>Uputstva za hranjenje<\/strong>: Davati preporu\u010denu dnevnu koli\u010dinu ozna\u010denu na pakovanju. Prilagodite dnevnu koli\u010dinu hrane kako biste odr\u017eali optimalnu te\u017einu ma\u010dke.<\/p>\n<p><strong>Da li hranite ovu hranu prvi put?<br \/>\n<\/strong>Napravite postepeni prelazak na ovu hranu tokom 7 dana me\u0161anjem sve vec\u0301e koli\u010dine nove hrane u pore\u0111enju sa hranom koju ste koristili.<\/p>\n<p>Sve\u017ea voda treba uvek biti dostupna.<\/p>\n<p>Proizvo\u0111a\u010d: Hill&#8217;s Pet Nutrition EU Switzerland<br \/>\nZemlja porekla: \u0160vajcarska<\/p>\n<p>&nbsp;<\/p>\n\n    <div class=\"xs_social_share_widget xs_share_url after_content \t\tmain_content  wslu-style-1 wslu-share-box-shaped wslu-fill-colored wslu-none wslu-share-horizontal wslu-theme-font-no wslu-main_content\">\n\n\t\t\n        <ul>\n\t\t\t        <\/ul>\n    <\/div>","protected":false},"excerpt":{"rendered":"<p>Hill&#8217;s Science Plan Cat Sensitive Stomach &amp; Skin Adult je kompletna hrana za odrasle ma\u010dke, naro\u010dito ma\u010dke koje imaju osetljiv stomak. Hrana je na bazi piletine<\/p>","protected":false},"featured_media":24406,"comment_status":"closed","ping_status":"closed","template":"","meta":{"_acf_changed":false},"pwb-brand":[916],"product_cat":[23,21,149],"product_tag":[],"class_list":{"0":"post-24405","1":"product","2":"type-product","3":"status-publish","4":"has-post-thumbnail","6":"pwb-brand-hills","7":"product_cat-macke","8":"product_cat-hrana-za-macke","9":"product_cat-granule-za-macke","11":"first","12":"outofstock","13":"taxable","14":"shipping-taxable","15":"purchasable","16":"product-type-variable","17":"has-default-attributes"},"acf":[],"brands":[{"id":916,"name":"Hills","slug":"hills"}],"_links":{"self":[{"href":"https:\/\/pawz.rs\/en\/wp-json\/wp\/v2\/product\/24405","targetHints":{"allow":["GET"]}}],"collection":[{"href":"https:\/\/pawz.rs\/en\/wp-json\/wp\/v2\/product"}],"about":[{"href":"https:\/\/pawz.rs\/en\/wp-json\/wp\/v2\/types\/product"}],"replies":[{"embeddable":true,"href":"https:\/\/pawz.rs\/en\/wp-json\/wp\/v2\/comments?post=24405"}],"wp:featuredmedia":[{"embeddable":true,"href":"https:\/\/pawz.rs\/en\/wp-json\/wp\/v2\/media\/24406"}],"wp:attachment":[{"href":"https:\/\/pawz.rs\/en\/wp-json\/wp\/v2\/media?parent=24405"}],"wp:term":[{"taxonomy":"pwb-brand","embeddable":true,"href":"https:\/\/pawz.rs\/en\/wp-json\/wp\/v2\/pwb-brand?post=24405"},{"taxonomy":"product_cat","embeddable":true,"href":"https:\/\/pawz.rs\/en\/wp-json\/wp\/v2\/product_cat?post=24405"},{"taxonomy":"product_tag","embeddable":true,"href":"https:\/\/pawz.rs\/en\/wp-json\/wp\/v2\/product_tag?post=24405"}],"curies":[{"name":"wp","href":"https:\/\/api.w.org\/{rel}","templated":true}]}}