{"id":24407,"date":"2024-05-10T18:04:15","date_gmt":"2024-05-10T16:04:15","guid":{"rendered":"https:\/\/pawz.rs\/?post_type=product&#038;p=24407"},"modified":"2026-05-04T19:47:05","modified_gmt":"2026-05-04T17:47:05","slug":"hills-science-plan-oral-care-cat-adult-piletina-1-5-kg","status":"publish","type":"product","link":"https:\/\/pawz.rs\/en\/hills-science-plan-oral-care-cat-adult-piletina-1-5-kg\/","title":{"rendered":"Hill&#8217;s Science Plan Oral Care Cat Adult Piletina 1.5 kg"},"content":{"rendered":"<p><strong>Hill&#8217;s Science Plan Oral Care Cat Adult Piletina 1.5 kg<\/strong><\/p>\n<p>Kompletna\u00a0suva hrana za odrasle ma\u010dke starije od godinu dana.<\/p>\n<p><strong>Potpora dentalnoj higijeni.<\/strong><\/p>\n<ul>\n<li>Jedinstvena granula za oralnu negu sa inovativnom teksturom napravljenom da deluje kao \u010detkica za zube sa svakim zalogajem.<\/li>\n<li>Klini\u010dki dokazana tehnologija smanjuje nakupljanje plaka i kamenca<\/li>\n<li>Tehnologija isprepletenih vlakana \u010disti zube i osve\u017eava dah svakim zalogajem<\/li>\n<li>KLINI\u010cKI DOKAZANI antioksidansi, VITAMINI C i E za zdrav imuni sistem<\/li>\n<li>Bez konzervansa, ve\u0161ta\u010dkih boja i poja\u010diva\u010da ukusa<\/li>\n<\/ul>\n<p><strong>Sastojci<\/strong>:<br \/>\nKukuruz, bra\u0161no mesa piletine i \u0107uretine, pirina\u010d, celuloza, \u017eivotinjska mast, bra\u0161no mekinja gra\u0161ka, hidrolizat, celo dehidrirano jaje, biljno ulje, minerali, semenke lana.<\/p>\n<p><strong>Analytical composition:<\/strong><br \/>\nSirove belan\u010devine 22,3 %,\u00a0sirove\u00a0masti\u00a0 14,1%, Sirova vlakna 9,7%,\u00a0 Sirovi\u00a0pepeo\u00a0 4,3%, Kalcijum 0,64%,\u00a0 Fosfor\u00a00,58%, Natrijum\u00a0 0,24%, Kalijum\u00a00,66%,Magnezijum\u00a00,08%; po kg: Vitamin E 600 mg, Vitamin C 70 mg, Beta-karoten 1,5 mg.<\/p>\n<p><strong>Dodaci\u00a0(po kg):<\/strong><br \/>\nE672 (Vitamin A)\u00a0 39,786 IU, E671 (Vitamin D3) 1,671 IU, E1 (gvo\u017e\u0111e) 176 mg, E2 (jod) 1,8 mg, E4 (bakar) 22,3 mg, E5 (magnezijum) 7,7 mg, E6 (cink) 150 mg, E8 (selen) 0,4 mg, sa prirodnim\u00a0 antioksidansima.<\/p>\n<p><strong>Uputstva za hranjenje<\/strong>:<br \/>\nHraniti preporu\u010dene dnevne koli\u010dine ozna\u010dene na pakovanju; prilagodite da biste odr\u017eali optimalnu te\u017einu.<\/p>\n<p><strong>Hranite il prvi put ovom hranom?<br \/>\n<\/strong> Napravite postepeni prelazak na ovu hranu tokom 7 dana me\u0161anjem sve vec\u0301e koli\u010dine nove hrane u pore\u0111enju sa hranom koju ste koristili.<\/p>\n<p>Sve\u017ea voda treba uvek biti dostupna.<\/p>\n<p>Za\u0161tititi od vlage. \u010cuvati na hladnom i suvom mestu.<\/p>\n<p><strong>*100% garancija kvaliteta, konzistencije i ukusa.<\/strong><\/p>\n<p>Proizvedeno u EU.<\/p>\n<p>&nbsp;<\/p>\n\n    <div class=\"xs_social_share_widget xs_share_url after_content \t\tmain_content  wslu-style-1 wslu-share-box-shaped wslu-fill-colored wslu-none wslu-share-horizontal wslu-theme-font-no wslu-main_content\">\n\n\t\t\n        <ul>\n\t\t\t        <\/ul>\n    <\/div>","protected":false},"excerpt":{"rendered":"<p>Hill&#8217;s Science Plan Oral Care Cat Adult je kompletna hrana za odrasle ma\u010dke, granule koje pru\u017eaju oralnu negu. Hrana je sa ukusom piletine<\/p>","protected":false},"featured_media":24408,"comment_status":"closed","ping_status":"closed","template":"","meta":{"_acf_changed":false},"pwb-brand":[916],"product_cat":[23,21,149],"product_tag":[],"class_list":{"0":"post-24407","1":"product","2":"type-product","3":"status-publish","4":"has-post-thumbnail","6":"pwb-brand-hills","7":"product_cat-macke","8":"product_cat-hrana-za-macke","9":"product_cat-granule-za-macke","11":"first","12":"outofstock","13":"taxable","14":"shipping-taxable","15":"purchasable","16":"product-type-simple"},"acf":[],"brands":[{"id":916,"name":"Hills","slug":"hills"}],"_links":{"self":[{"href":"https:\/\/pawz.rs\/en\/wp-json\/wp\/v2\/product\/24407","targetHints":{"allow":["GET"]}}],"collection":[{"href":"https:\/\/pawz.rs\/en\/wp-json\/wp\/v2\/product"}],"about":[{"href":"https:\/\/pawz.rs\/en\/wp-json\/wp\/v2\/types\/product"}],"replies":[{"embeddable":true,"href":"https:\/\/pawz.rs\/en\/wp-json\/wp\/v2\/comments?post=24407"}],"wp:featuredmedia":[{"embeddable":true,"href":"https:\/\/pawz.rs\/en\/wp-json\/wp\/v2\/media\/24408"}],"wp:attachment":[{"href":"https:\/\/pawz.rs\/en\/wp-json\/wp\/v2\/media?parent=24407"}],"wp:term":[{"taxonomy":"pwb-brand","embeddable":true,"href":"https:\/\/pawz.rs\/en\/wp-json\/wp\/v2\/pwb-brand?post=24407"},{"taxonomy":"product_cat","embeddable":true,"href":"https:\/\/pawz.rs\/en\/wp-json\/wp\/v2\/product_cat?post=24407"},{"taxonomy":"product_tag","embeddable":true,"href":"https:\/\/pawz.rs\/en\/wp-json\/wp\/v2\/product_tag?post=24407"}],"curies":[{"name":"wp","href":"https:\/\/api.w.org\/{rel}","templated":true}]}}