{"id":24411,"date":"2024-05-10T18:04:16","date_gmt":"2024-05-10T16:04:16","guid":{"rendered":"https:\/\/pawz.rs\/?post_type=product&#038;p=24411"},"modified":"2026-05-04T19:50:57","modified_gmt":"2026-05-04T17:50:57","slug":"hspc-cat-adult-hairball-indoor","status":"publish","type":"product","link":"https:\/\/pawz.rs\/en\/hspc-cat-adult-hairball-indoor\/","title":{"rendered":"Hill&#8217;s Science Plan Cat Adult Hairball Indoor"},"content":{"rendered":"<p><strong>Hill&#8217;s Science Plan Cat Adult Hairball Indoor<\/strong><\/p>\n<p>Kompletna suva hrana za ma\u010dke uzrasta od 1 do 6 godina (piletina 41%, ukupno \u017eivine 63%)\u00a0koja spre\u010dava formiranje bezoara (nakupina dlake-hairball).<br \/>\nOva formula osigurava preciznu nutricionisti\u010dku ravnote\u017eu; proteina, vitamina i minerala, vrlo probavljive sastojke.<\/p>\n<ul>\n<li>Napredna tehnologija vlakana za smanjenje nakupljanja dlaka<\/li>\n<li>Malo masti i kalorija za idealnu telesnu te\u017einu<\/li>\n<li>Visokokvalitetni proteini za vitke mi\u0161ic\u0301e<\/li>\n<li>KLINI\u010cKI DOKAZANI antioksidansi, VITAMINI C i E za zdrav imuni sistem<\/li>\n<li>Bez konzervansa, ve\u0161ta\u010dkih boja i poja\u010diva\u010da ukusa<\/li>\n<\/ul>\n<p><strong>Sastojci<\/strong>:<br \/>\nBra\u0161no mesa peradi i \u0107uretine, kukuruz, \u017eivotinjska mat, bra\u0161no kukuruznog glutena, pirina\u010d, minerali,biljno ulje, hidrolizat.<\/p>\n<p><strong>Analytical composition:<br \/>\n<\/strong>Sirove belan\u010devine 30,6%, sirove masti 19,7%, sirova vlakna 7,4%, sirov pepeo 5,5%, Omega -6 masne kiseline 3,57%, kalcijum 0,88%, fosfor 0,68%, natrijum 0,36%, kalijum 0,70%, Magnezijum 0,07%; po kg: Vit. E 750 mg, Vit. C 90 mg, Beta-karoten 1.5 mg.<\/p>\n<p><strong>Dodaci\u00a0( po kg):<\/strong><br \/>\nE672 (vit.A) 25,261 IU, E671 (vit.D3) 1,330 IU, E1 (gvo\u017e\u0111e) 176 mg, E2 (jod) 1,8 mg, E4 (bakar) 22,3 mg, E5 (Mangan) 7,7 mg, E6 (cink) 150 mg, E8 (selen) 0,4 mg s prirodnim antioksidansima.<\/p>\n<p><strong>Uputstvo za hranjenje:<br \/>\n<\/strong> Hraniti preporu\u010denom dnevnom koli\u010dinom prema veli\u010dini va\u0161eg ljubimca. Prilagodite koli\u010dinu hrane kako bi odr\u017eali idealnu telesnu te\u017einu.<\/p>\n<p><strong>Hranite li prvi put ovom hranom?<br \/>\n<\/strong>Napravite postepeni prelaz na ovu hranu kroz 7 dana me\u0161aju\u0107i sve ve\u0107u koli\u010dinu nove hrane u hranu koju ste koristili.<\/p>\n<p>Sve\u017ea voda uvek mora biti dostupna.<br \/>\n\u010cuvati od vlage, na suvom i hladnom mestu.<\/p>\n<p>Proizvo\u0111a\u010d: Hill&#8217;s Pet Nutrition EU Switzerland<br \/>\nZemlja porekla: \u0160vajcarska<\/p>\n<p>&nbsp;<\/p>\n<p>&nbsp;<\/p>\n\n    <div class=\"xs_social_share_widget xs_share_url after_content \t\tmain_content  wslu-style-1 wslu-share-box-shaped wslu-fill-colored wslu-none wslu-share-horizontal wslu-theme-font-no wslu-main_content\">\n\n\t\t\n        <ul>\n\t\t\t        <\/ul>\n    <\/div>","protected":false},"excerpt":{"rendered":"<p>Hill&#8217;s Science Plan Cat Adult Hairball Indoor je hrana namenjena odraslim ma\u010dkama koja obezbe\u0111uje lak\u0161e izbacivanje dlake iz organizma<\/p>","protected":false},"featured_media":24412,"comment_status":"closed","ping_status":"closed","template":"","meta":{"_acf_changed":false},"pwb-brand":[916],"product_cat":[23,21,149],"product_tag":[],"class_list":{"0":"post-24411","1":"product","2":"type-product","3":"status-publish","4":"has-post-thumbnail","6":"pwb-brand-hills","7":"product_cat-macke","8":"product_cat-hrana-za-macke","9":"product_cat-granule-za-macke","11":"first","12":"outofstock","13":"taxable","14":"shipping-taxable","15":"purchasable","16":"product-type-variable","17":"has-default-attributes"},"acf":[],"brands":[{"id":916,"name":"Hills","slug":"hills"}],"_links":{"self":[{"href":"https:\/\/pawz.rs\/en\/wp-json\/wp\/v2\/product\/24411","targetHints":{"allow":["GET"]}}],"collection":[{"href":"https:\/\/pawz.rs\/en\/wp-json\/wp\/v2\/product"}],"about":[{"href":"https:\/\/pawz.rs\/en\/wp-json\/wp\/v2\/types\/product"}],"replies":[{"embeddable":true,"href":"https:\/\/pawz.rs\/en\/wp-json\/wp\/v2\/comments?post=24411"}],"wp:featuredmedia":[{"embeddable":true,"href":"https:\/\/pawz.rs\/en\/wp-json\/wp\/v2\/media\/24412"}],"wp:attachment":[{"href":"https:\/\/pawz.rs\/en\/wp-json\/wp\/v2\/media?parent=24411"}],"wp:term":[{"taxonomy":"pwb-brand","embeddable":true,"href":"https:\/\/pawz.rs\/en\/wp-json\/wp\/v2\/pwb-brand?post=24411"},{"taxonomy":"product_cat","embeddable":true,"href":"https:\/\/pawz.rs\/en\/wp-json\/wp\/v2\/product_cat?post=24411"},{"taxonomy":"product_tag","embeddable":true,"href":"https:\/\/pawz.rs\/en\/wp-json\/wp\/v2\/product_tag?post=24411"}],"curies":[{"name":"wp","href":"https:\/\/api.w.org\/{rel}","templated":true}]}}