{"id":24442,"date":"2024-05-10T18:04:06","date_gmt":"2024-05-10T16:04:06","guid":{"rendered":"https:\/\/pawz.rs\/?post_type=product&#038;p=24442"},"modified":"2026-05-04T19:50:59","modified_gmt":"2026-05-04T17:50:59","slug":"hills-science-plan-dog-small-mini-adult-jagnjetina-i-pirinac","status":"publish","type":"product","link":"https:\/\/pawz.rs\/en\/hills-science-plan-dog-small-mini-adult-jagnjetina-i-pirinac\/","title":{"rendered":"Hill&#8217;s Science Plan Dog Small &amp; Mini Adult Jagnjetina I Pirina\u010d"},"content":{"rendered":"<p><strong>Hill&#8217;s Science Plan Dog Small &amp; Mini Adult Jagnjetina I Pirina\u010d<\/strong><\/p>\n<p>Potpuna suva hrana za odrasle pse malih i minijaturnih rasa starosti od 1. do 6. godine, telesne te\u017eine do 10 kg.<\/p>\n<p>Specijalna mala granula i precizno prilago\u0111ena prehrana za potrebe malih pasa.<\/p>\n<p>Prilago\u0111ena prehrana za jedinstvene potrebe malih pasa u najboljim godinama njihovog \u017eivota.<\/p>\n<ul>\n<li>Lako svarljivi sastojci za zdravu probavu<\/li>\n<li>Hranjiva me\u0161avina Omega-6 i Vitamina E za zdravu ko\u017eu i sjajnu dlaku<\/li>\n<li>Visokokvalitetne belan\u010devine za vitke mi\u0161i\u0107e<\/li>\n<li>Sadr\u017ei specijalno prilago\u0111en Small&amp;Mini antioksidant za dugoro\u010dnu podr\u0161ku imunitetu<\/li>\n<li>Klini\u010dki dokazani antioksidansi, VItamini C i E za zdrav imunolo\u0161ki sastav<\/li>\n<li>Bez ve\u0161ta\u010dkih konzervanasa, poja\u010diva\u010da ukusa, boja<\/li>\n<\/ul>\n<p><strong>Sastav<\/strong>:<br \/>\nKukuruz, sme\u0111i pirina\u010d, pivski pirina\u010d, p\u0161enica, kukuruzno glutensko bra\u0161no, bra\u0161no mesa jagnjetine, je\u010dam, zob, \u017eivotinjska mat, sojino bra\u0161no, biljno ulje, semenke lana, su\u0161ena komina paradajza, su\u0161ena pulpa citrusa, spana\u0107 u prahu.<\/p>\n<p><strong>Analiti\u010dki sastojci<\/strong>:<br \/>\nProteini 22,3%, Udeo masti 14,2%, Sirova vlakna 1,7%, Omega-6 masne kiseline 3,4%, Sirovi pepeo 5,3%, Kalcijum 0,78%, Fosfor 0,69%, Natrijum 0,30%, Kalijum 0,75%, Magnezijum 0,10%;\u00a0Vitamin A 11.290 IJ, Vitamin D3 773 IJ, Vitamin E 690 mg, Vitamin C 105 mg, Beta-karoten 1,5 mg.<\/p>\n<p><strong>Dodaci po kg<\/strong>:<br \/>\n3b103 (Gvo\u017e\u0111e) 83,7 mg, 3b202 (Jod) 1,3 mg, 3b405 (Bakar) 8,3 mg, 3b502 (Mangan) 8,7 mg, 3b603 (Cink) 173 mg, 3b801 (Selen) 0,2 mg.<\/p>\n<p><strong>Uputstva za hranjenje<\/strong>:<br \/>\nHraniti preporu\u010denom dnevnom koli\u010dinom; prilagodite koli\u010dinu hrane kako bi odr\u017eali idealnu telesnu te\u017einu.<\/p>\n<p>Hranite li prvi put ovom hranom?<\/p>\n<p>Napravite postepeni prelaz na ovu hranu kroz 7 dana me\u0161aju\u0107i sve ve\u0107u koli\u010dinu nove hrane s hranom koju ste koristili.<\/p>\n<p>Sve\u017ea voda uvek treba biti dostupna.<\/p>\n<p>Proizvo\u0111a\u010d: Hill&#8217;s Pet Nutrition EU Switzerland<br \/>\nZemlja porekla: \u0160vajcarska<\/p>\n<p>&nbsp;<\/p>\n\n    <div class=\"xs_social_share_widget xs_share_url after_content \t\tmain_content  wslu-style-1 wslu-share-box-shaped wslu-fill-colored wslu-none wslu-share-horizontal wslu-theme-font-no wslu-main_content\">\n\n\t\t\n        <ul>\n\t\t\t        <\/ul>\n    <\/div>","protected":false},"excerpt":{"rendered":"<p>Hill&#8217;s Science Plan Dog Small &amp; Mini Adult je kompletna hrana za odrasle pse mini rase, ukus jagnjetine<\/p>","protected":false},"featured_media":24443,"comment_status":"closed","ping_status":"closed","template":"","meta":{"_acf_changed":false},"pwb-brand":[916],"product_cat":[47,48,49],"product_tag":[],"class_list":{"0":"post-24442","1":"product","2":"type-product","3":"status-publish","4":"has-post-thumbnail","6":"pwb-brand-hills","7":"product_cat-psi","8":"product_cat-hrana-za-pse","9":"product_cat-granule-za-pse","11":"first","12":"instock","13":"taxable","14":"shipping-taxable","15":"purchasable","16":"product-type-variable","17":"has-default-attributes"},"acf":[],"brands":[{"id":916,"name":"Hills","slug":"hills"}],"_links":{"self":[{"href":"https:\/\/pawz.rs\/en\/wp-json\/wp\/v2\/product\/24442","targetHints":{"allow":["GET"]}}],"collection":[{"href":"https:\/\/pawz.rs\/en\/wp-json\/wp\/v2\/product"}],"about":[{"href":"https:\/\/pawz.rs\/en\/wp-json\/wp\/v2\/types\/product"}],"replies":[{"embeddable":true,"href":"https:\/\/pawz.rs\/en\/wp-json\/wp\/v2\/comments?post=24442"}],"wp:featuredmedia":[{"embeddable":true,"href":"https:\/\/pawz.rs\/en\/wp-json\/wp\/v2\/media\/24443"}],"wp:attachment":[{"href":"https:\/\/pawz.rs\/en\/wp-json\/wp\/v2\/media?parent=24442"}],"wp:term":[{"taxonomy":"pwb-brand","embeddable":true,"href":"https:\/\/pawz.rs\/en\/wp-json\/wp\/v2\/pwb-brand?post=24442"},{"taxonomy":"product_cat","embeddable":true,"href":"https:\/\/pawz.rs\/en\/wp-json\/wp\/v2\/product_cat?post=24442"},{"taxonomy":"product_tag","embeddable":true,"href":"https:\/\/pawz.rs\/en\/wp-json\/wp\/v2\/product_tag?post=24442"}],"curies":[{"name":"wp","href":"https:\/\/api.w.org\/{rel}","templated":true}]}}