{"id":24461,"date":"2024-05-10T18:04:05","date_gmt":"2024-05-10T16:04:05","guid":{"rendered":"https:\/\/pawz.rs\/?post_type=product&#038;p=24461"},"modified":"2026-04-05T23:20:18","modified_gmt":"2026-04-05T21:20:18","slug":"hills-science-plan-puppy-small-mini-piletina","status":"publish","type":"product","link":"https:\/\/pawz.rs\/en\/hills-science-plan-puppy-small-mini-piletina\/","title":{"rendered":"Hill&#8217;s Science Plan Puppy Small &amp; Mini Piletina"},"content":{"rendered":"<p><strong>Hill&#8217;s Science Plan Puppy Small &amp; Mini Piletina<\/strong><\/p>\n<p>Visoko kvalitetna i kompletna hrana za \u0161tenad malih rasa uzrasta od 4. nedelje do 12. meseca, i za skotne kuje i kuje dojilje.<\/p>\n<p>Prilago\u0111ena ishrana za jedinstvene potrebe \u0161tenaca malih pasa, tako da oni dobiju najbolji po\u010detak u \u017eivotu i rastu do svog punog potencijala.<\/p>\n<p>Specijalno napravljen od na\u0161eg najmanjeg kroketa.<\/p>\n<ul>\n<li>DHA iz ribljeg ulja za zdrav razvoj mozga i o\u010diju<\/li>\n<li>Izbalansirani minerali za jake kosti i zube<\/li>\n<li>Visokokvalitetni sastojci i ne\u017ena vlakna za osetljivi stomak va\u0161eg \u0161teneta<\/li>\n<li>Nije ve\u0161ta\u010dki o\u010duvan. Bez sinteti\u010dkih boja. Bez ve\u0161ta\u010dkih aroma.<\/li>\n<\/ul>\n<p><strong>Sastav<\/strong>:<br \/>\nPile\u0107e i \u0107ure\u0107e bra\u0161no, kukuruz, p\u0161enica, \u017eivotinjska mast, pivski pirina\u010d, kukuruzno glutensko bra\u0161no, su\u0161ena pulpa repe, minerali, riblje ulje, laneno seme, su\u0161eni mesni dio paradajza, su\u0161ena pulpa citrusa, su\u0161eni spana\u0107.<\/p>\n<p><strong>Analiti\u010dki sastojci<\/strong>:<br \/>\nProtein 27,2%, Sadr\u017eaj masti 17,7%, Sirova vlakna 1,5%, DHA 0,16%, Sirov pepeo 7,0%, Kalcijum 1,3%, Fosfor 1,0%, Natrijum 0,49%, Kalijum 0,78%, Magnezijum 0,09%;\u00a0<strong>po kg<\/strong>: Vitamin A 10,791IU, Vitamin D3 757IU, Vitamin E 690 mg, Vitamin C 105 mg, Beta karoten 1,5 mg.<\/p>\n<p><strong>Aditivi po kg<\/strong>:<br \/>\n3b103 (Gvo\u017e\u0111e) 67,5 mg, 3b202 (Jod) 1,1 mg, 3b405 (Bakar) 6,7 mg, 3b502 (Mangan) 7,0 mg, 3b603 (Cink) 140 mg, 3b801 (Selen) 0,1 mg, s prirodnim antioksidantima.<\/p>\n<p><strong>Uputstva za hranjenje<\/strong>:<\/p>\n<ul>\n<li><strong>Za \u0161tence<\/strong>: Hranite preporu\u010denom dnevnom koli\u010dinom ozna\u010denom na pakovanju; prilagodite koli\u010dinu kako bi se odr\u017eala optimalna te\u017eina. Ako niste sigurni &#8211; pitajte svog veterinara.<\/li>\n<li><strong>Za odlu\u010divanje \u0161tenaca<\/strong>: Dodajte toplu vodu u griz, pustiti da se natopi, pome\u0161ati u pastu. Postepeno smanjite dodatu vodu sve dok \u0161tene ne pojede suve granule.<\/li>\n<li><strong>Za gravidne kuje<\/strong>: Hraniti 2-4 obroka dnevno.<\/li>\n<li><strong>Za kuje koje doje<\/strong>: Neka hrana bude dostupna u svakom trenutku. Hranite li prvi put ovom hranom? Napravite postepeni prelaz na ovu hranu kroz 7 dana me\u0161aju\u0107i sve ve\u0107u koli\u010dinu nove hrane u odnosu na hranu koju ste koristili.<\/li>\n<\/ul>\n<p><strong>Hranite li prvi put ovom hranom?<br \/>\n<\/strong>Napravite postepeni prelaz na ovu hranu kroz 7 dana me\u0161aju\u0107i sve ve\u0107u koli\u010dinu nove hrane u hranu koju ste koristili.<\/p>\n<p>Sve\u017ea voda uvek treba biti dostupna.<\/p>\n<p>Proizvo\u0111a\u010d: Hill&#8217;s Pet Nutrition EU Switzerland<br \/>\nZemlja porekla: \u0160vajcarska<\/p>\n<p>&nbsp;<\/p>\n\n    <div class=\"xs_social_share_widget xs_share_url after_content \t\tmain_content  wslu-style-1 wslu-share-box-shaped wslu-fill-colored wslu-none wslu-share-horizontal wslu-theme-font-no wslu-main_content\">\n\n\t\t\n        <ul>\n\t\t\t        <\/ul>\n    <\/div>","protected":false},"excerpt":{"rendered":"<p>Hill&#8217;s Science Plan Puppy Small &amp; Mini je hrana namenjena \u0161tencima male rase, od 4 nedelje do 12 meseci, ukus piletine<\/p>","protected":false},"featured_media":24462,"comment_status":"closed","ping_status":"closed","template":"","meta":{"_acf_changed":false},"pwb-brand":[916],"product_cat":[49,48,47],"product_tag":[],"class_list":{"0":"post-24461","1":"product","2":"type-product","3":"status-publish","4":"has-post-thumbnail","6":"pwb-brand-hills","7":"product_cat-granule-za-pse","8":"product_cat-hrana-za-pse","9":"product_cat-psi","11":"first","12":"outofstock","13":"taxable","14":"shipping-taxable","15":"purchasable","16":"product-type-variable","17":"has-default-attributes"},"acf":[],"brands":[{"id":916,"name":"Hills","slug":"hills"}],"_links":{"self":[{"href":"https:\/\/pawz.rs\/en\/wp-json\/wp\/v2\/product\/24461","targetHints":{"allow":["GET"]}}],"collection":[{"href":"https:\/\/pawz.rs\/en\/wp-json\/wp\/v2\/product"}],"about":[{"href":"https:\/\/pawz.rs\/en\/wp-json\/wp\/v2\/types\/product"}],"replies":[{"embeddable":true,"href":"https:\/\/pawz.rs\/en\/wp-json\/wp\/v2\/comments?post=24461"}],"wp:featuredmedia":[{"embeddable":true,"href":"https:\/\/pawz.rs\/en\/wp-json\/wp\/v2\/media\/24462"}],"wp:attachment":[{"href":"https:\/\/pawz.rs\/en\/wp-json\/wp\/v2\/media?parent=24461"}],"wp:term":[{"taxonomy":"pwb-brand","embeddable":true,"href":"https:\/\/pawz.rs\/en\/wp-json\/wp\/v2\/pwb-brand?post=24461"},{"taxonomy":"product_cat","embeddable":true,"href":"https:\/\/pawz.rs\/en\/wp-json\/wp\/v2\/product_cat?post=24461"},{"taxonomy":"product_tag","embeddable":true,"href":"https:\/\/pawz.rs\/en\/wp-json\/wp\/v2\/product_tag?post=24461"}],"curies":[{"name":"wp","href":"https:\/\/api.w.org\/{rel}","templated":true}]}}