{"id":24476,"date":"2024-05-10T18:04:12","date_gmt":"2024-05-10T16:04:12","guid":{"rendered":"https:\/\/pawz.rs\/?post_type=product&#038;p=24476"},"modified":"2026-05-04T19:47:13","modified_gmt":"2026-05-04T17:47:13","slug":"hills-science-plan-dog-perfect-weight-small-mini-adult-piletina-1-5-kg","status":"publish","type":"product","link":"https:\/\/pawz.rs\/en\/hills-science-plan-dog-perfect-weight-small-mini-adult-piletina-1-5-kg\/","title":{"rendered":"Hill&#8217;s Science Plan Dog Perfect Weight Small &amp; Mini Adult Piletina 1.5 kg"},"content":{"rendered":"<p><strong>Hill&#8217;s Science Plan Dog Perfect Weight Small &amp; Mini Adult Piletina 1.5 kg<\/strong><\/p>\n<p>Kompletna suva hrana za kuc\u0301ne ljubimce, za odrasle pse malih rasa, te\u017eine do 10 kg, starije od godinu dana, malo gojazne ili sklone debljanju.<\/p>\n<p>Klini\u010dki dokazana ishrana za postizanje i odr\u017eavanje zdrave te\u017eine.<\/p>\n<p>Formula sa visokim sadr\u017eajem proteina i vlakana obogac\u0301ena L-karnitinom i kokosovim uljem poma\u017ee u odr\u017eavanju metabolizma va\u0161eg psa.<\/p>\n<ul>\n<li>Bezbedan i efikasan gubitak te\u017eine sa vidljivim rezultatima<\/li>\n<li>Zdravo odr\u017eavanje te\u017eine i dugoro\u010dna podr\u0161ka te\u017eine<\/li>\n<li>Prebioti\u010dka vlakna za ne\u017eno varenje<\/li>\n<li>KLINI\u010cKI DOKAZANI antioksidansi, VITAMIN C+E za zdrav imuni sistem<\/li>\n<li>Proizvod nije ve\u0161ta\u010dki konzerviran. Bez sinteti\u010dkih boja. Bez ve\u0161ta\u010dkih aroma.<\/li>\n<\/ul>\n<p><strong>Ingredients:<\/strong><br \/>\nP\u0161enica, kukuruzno glutensko bra\u0161no, kukuruzno, pilec\u0301e i c\u0301urec\u0301e bra\u0161no, bra\u0161no od mekinja gra\u0161ka, celuloza, mesni koncentrat, su\u0161ena paradajz komina, \u017eivotinjska mast, laneno seme, su\u0161ena repa, kokosovo ulje, minerali, su\u0161ena \u0161argarepa.<\/p>\n<p><strong>Analytical composition: <\/strong><br \/>\nProteini 25,4%, Sadr\u017eaj masti 11,3%, Sirova vlakna 12,1%, Sirovi pepeo 5,2%, Kalcijum 0,75%, Fosfor 0,61%, Natrijum 0,28%, Kalijum 0,78%, Magnezijum 0,12%; po kg: Vitamin A 11,662 IJ, Vitamin D3 776 IJ, Vitamin E 690 mg, Vitamin C 105 mg, Beta-karoten 1,5 mg, L-karnitin 377 mg.<\/p>\n<p><strong>Aditivi (po kg):<\/strong>3b103 (gvo\u017e\u0111e) 75,3 mg, 3b202 (jod) 1,2 mg, 3b405 (bakar) 7,4 mg, 3b502 (mangan) 7,8 mg, 3b603 (cink) (01 mg15 mg) 0. mg .<\/p>\n<p><strong>Uputstva za hranjenje:<\/strong><br \/>\nHraniti preporu\u010denu dnevnu koli\u010dinu; prilagodite koli\u010dinu kako biste odr\u017eali optimalnu te\u017einu.<\/p>\n<p><strong>Da li hranite prvi put ovom hranom? <\/strong><br \/>\nNapravite postepeni prelazak na ovu hranu tokom 7 dana me\u0161anjem sve vec\u0301e koli\u010dine nove hrane u pore\u0111enju sa hranom koju ste koristili.<\/p>\n<p>Sve\u017ea voda treba uvek biti dostupna.<\/p>\n<p>Proizvo\u0111a\u010d: Hill&#8217;s Pet Nutrition EU Switzerland<br \/>\nZemlja porekla: \u0160vajcarska<\/p>\n<p>&nbsp;<\/p>\n\n    <div class=\"xs_social_share_widget xs_share_url after_content \t\tmain_content  wslu-style-1 wslu-share-box-shaped wslu-fill-colored wslu-none wslu-share-horizontal wslu-theme-font-no wslu-main_content\">\n\n\t\t\n        <ul>\n\t\t\t        <\/ul>\n    <\/div>","protected":false},"excerpt":{"rendered":"<p>Hill&#8217;s Science Plan Dog Perfect Weight Small &amp; Mini Adult je hrana namenjena odraslim psima male rase, koji su skloni gojenju<\/p>","protected":false},"featured_media":24477,"comment_status":"closed","ping_status":"closed","template":"","meta":{"_acf_changed":false},"pwb-brand":[916],"product_cat":[47,48,49],"product_tag":[],"class_list":{"0":"post-24476","1":"product","2":"type-product","3":"status-publish","4":"has-post-thumbnail","6":"pwb-brand-hills","7":"product_cat-psi","8":"product_cat-hrana-za-pse","9":"product_cat-granule-za-pse","11":"first","12":"instock","13":"taxable","14":"shipping-taxable","15":"purchasable","16":"product-type-simple"},"acf":[],"brands":[{"id":916,"name":"Hills","slug":"hills"}],"_links":{"self":[{"href":"https:\/\/pawz.rs\/en\/wp-json\/wp\/v2\/product\/24476","targetHints":{"allow":["GET"]}}],"collection":[{"href":"https:\/\/pawz.rs\/en\/wp-json\/wp\/v2\/product"}],"about":[{"href":"https:\/\/pawz.rs\/en\/wp-json\/wp\/v2\/types\/product"}],"replies":[{"embeddable":true,"href":"https:\/\/pawz.rs\/en\/wp-json\/wp\/v2\/comments?post=24476"}],"wp:featuredmedia":[{"embeddable":true,"href":"https:\/\/pawz.rs\/en\/wp-json\/wp\/v2\/media\/24477"}],"wp:attachment":[{"href":"https:\/\/pawz.rs\/en\/wp-json\/wp\/v2\/media?parent=24476"}],"wp:term":[{"taxonomy":"pwb-brand","embeddable":true,"href":"https:\/\/pawz.rs\/en\/wp-json\/wp\/v2\/pwb-brand?post=24476"},{"taxonomy":"product_cat","embeddable":true,"href":"https:\/\/pawz.rs\/en\/wp-json\/wp\/v2\/product_cat?post=24476"},{"taxonomy":"product_tag","embeddable":true,"href":"https:\/\/pawz.rs\/en\/wp-json\/wp\/v2\/product_tag?post=24476"}],"curies":[{"name":"wp","href":"https:\/\/api.w.org\/{rel}","templated":true}]}}