{"id":24478,"date":"2024-05-10T18:04:02","date_gmt":"2024-05-10T16:04:02","guid":{"rendered":"https:\/\/pawz.rs\/?post_type=product&#038;p=24478"},"modified":"2026-04-05T23:26:20","modified_gmt":"2026-04-05T21:26:20","slug":"hills-science-plan-dog-sensitive-stomach-skin-adult-small-mini-piletina","status":"publish","type":"product","link":"https:\/\/pawz.rs\/en\/hills-science-plan-dog-sensitive-stomach-skin-adult-small-mini-piletina\/","title":{"rendered":"Hill&#8217;s Science Plan Dog Sensitive Stomach &amp; Skin Adult Small &amp; Mini Piletina"},"content":{"rendered":"<p><strong>Hill&#8217;s Science Plan Dog Sensitive Stomach &amp; Skin Adult Small &amp; Mini Piletina<\/strong><\/p>\n<p>Kompletna suva hrana za odrasle male pse starije od godinu dana telesne mase do 10 kg.<\/p>\n<p>Lako svarljiva formula, odr\u017eava optimalno stanje digestivnog sistema.<\/p>\n<p><strong>Hrani ko\u017eu i podsti\u010de sjaj dlake.<\/strong><\/p>\n<ul>\n<li>Prebioti\u010dka vlakna za razvoj korisnih crevnih bakterija i uravnote\u017eene mikroflore<\/li>\n<li>Lako svarljiva hrana za optimalnu apsorpciju hranljivih materija i lak\u0161e sakupljanje stolice<\/li>\n<li>Vitamin E i Omega-6 masne kiseline za ishranu ko\u017ee i dlake<\/li>\n<li>Bez konzervansa, ve\u0161ta\u010dkih boja i poja\u010diva\u010da ukusa<\/li>\n<\/ul>\n<p><strong>Sastojci<\/strong>:<br \/>\nBra\u0161no od pilec\u0301eg mesa (9%), bra\u0161no od c\u0301urec\u0301eg mesa (ukupno \u017eivina 15%), seme pirin\u010da, sme\u0111i pirina\u010d, kukuruz, bra\u0161no od kukuruznog glutena, je\u010dam, ovas, \u017eivotinjska mast, biljno ulje, su\u0161ena pulpa cvekle (2,5%) laneno seme, minerali.<\/p>\n<p><strong>Analytical composition:<\/strong><br \/>\nProteini 22,6%, sadr\u017eaj masti 14,5%, sirova vlakna 1,7%, omega-6 masne kiseline 3,6%, sirovi pepeo 5,0%, kalcijum 0,80%, fosfor 0,67%, natrijum 0,26%, kalijum 0,604%, magnezijum;<br \/>\nPo kg: Vitamin A 10,092 IJ, Vitamin D3 765 IJ, Vitamin E 690 mg, Vitamin C 105 mg, Beta-karoten 1,5 mg.<\/p>\n<p><strong>Aditivi (po kg):<\/strong><br \/>\n3b103 (gvo\u017e\u0111e) 76,4 mg, 3b202 (jod) 1,9 mg, 3b405 (bakar) 7,5 mg, 3b502 (mangan) 7,9 mg, 3b603 (cink, 10 mg, 0,8 mg) 138 mg .<\/p>\n<p><strong>Uputstva za hranjenje:<\/strong><br \/>\nHraniti preporu\u010dene dnevne koli\u010dine ozna\u010dene na pakovanju; prilagodite da biste odr\u017eali optimalnu te\u017einu.<\/p>\n<p><strong>Hranite li prvi put ovom hranom?<\/strong><br \/>\nNapravite postepeni prelazak na ovu hranu tokom 7 dana me\u0161anjem sve vec\u0301e koli\u010dine nove hrane u pore\u0111enju sa hranom koju ste koristili.<\/p>\n<p>Sve\u017ea voda treba uvek biti dostupna.<\/p>\n<p>Proizvo\u0111a\u010d: Hill&#8217;s Pet Nutrition EU Switzerland<br \/>\nZemlja porekla: \u0160vajcarska<\/p>\n<p>&nbsp;<\/p>\n\n    <div class=\"xs_social_share_widget xs_share_url after_content \t\tmain_content  wslu-style-1 wslu-share-box-shaped wslu-fill-colored wslu-none wslu-share-horizontal wslu-theme-font-no wslu-main_content\">\n\n\t\t\n        <ul>\n\t\t\t        <\/ul>\n    <\/div>","protected":false},"excerpt":{"rendered":"<p>Hill&#8217;s Science Plan Dog Sensitive Stomach &amp; Skin Adult Small &amp; Mini je hrana koja je namenjena odraslim psima male rase, hrani ko\u017eu i podsti\u010de sjaj krznu<\/p>","protected":false},"featured_media":24479,"comment_status":"closed","ping_status":"closed","template":"","meta":{"_acf_changed":false},"pwb-brand":[916],"product_cat":[49,48,47],"product_tag":[],"class_list":{"0":"post-24478","1":"product","2":"type-product","3":"status-publish","4":"has-post-thumbnail","6":"pwb-brand-hills","7":"product_cat-granule-za-pse","8":"product_cat-hrana-za-pse","9":"product_cat-psi","11":"first","12":"instock","13":"taxable","14":"shipping-taxable","15":"purchasable","16":"product-type-variable","17":"has-default-attributes"},"acf":[],"brands":[{"id":916,"name":"Hills","slug":"hills"}],"_links":{"self":[{"href":"https:\/\/pawz.rs\/en\/wp-json\/wp\/v2\/product\/24478","targetHints":{"allow":["GET"]}}],"collection":[{"href":"https:\/\/pawz.rs\/en\/wp-json\/wp\/v2\/product"}],"about":[{"href":"https:\/\/pawz.rs\/en\/wp-json\/wp\/v2\/types\/product"}],"replies":[{"embeddable":true,"href":"https:\/\/pawz.rs\/en\/wp-json\/wp\/v2\/comments?post=24478"}],"wp:featuredmedia":[{"embeddable":true,"href":"https:\/\/pawz.rs\/en\/wp-json\/wp\/v2\/media\/24479"}],"wp:attachment":[{"href":"https:\/\/pawz.rs\/en\/wp-json\/wp\/v2\/media?parent=24478"}],"wp:term":[{"taxonomy":"pwb-brand","embeddable":true,"href":"https:\/\/pawz.rs\/en\/wp-json\/wp\/v2\/pwb-brand?post=24478"},{"taxonomy":"product_cat","embeddable":true,"href":"https:\/\/pawz.rs\/en\/wp-json\/wp\/v2\/product_cat?post=24478"},{"taxonomy":"product_tag","embeddable":true,"href":"https:\/\/pawz.rs\/en\/wp-json\/wp\/v2\/product_tag?post=24478"}],"curies":[{"name":"wp","href":"https:\/\/api.w.org\/{rel}","templated":true}]}}