{"id":24483,"date":"2024-05-10T18:04:11","date_gmt":"2024-05-10T16:04:11","guid":{"rendered":"https:\/\/pawz.rs\/?post_type=product&#038;p=24483"},"modified":"2026-04-05T23:20:04","modified_gmt":"2026-04-05T21:20:04","slug":"hills-science-plan-dog-mature-small-mini-piletina-1-5-kg","status":"publish","type":"product","link":"https:\/\/pawz.rs\/en\/hills-science-plan-dog-mature-small-mini-piletina-1-5-kg\/","title":{"rendered":"Hill&#8217;s Science Plan Dog Mature Small &amp; Mini Piletina 1.5 kg"},"content":{"rendered":"<p><strong>Hill&#8217;s Science Plan Dog Mature Small &amp; Mini Piletina 1.5 kg<\/strong><\/p>\n<p>Kompletna suva hrana za pse malih i minijaturnih rasa uzrasta od 7 do 10 godina, telesne mase do 10 kg.<\/p>\n<p>Posebno prilago\u0111ena ishrana koja podr\u017eava dostojanstveno starenje malih pasa.<\/p>\n<p>Specijalne male granule i sinergijska me\u0161avina hranljivih materija za energiju i vitalnost.<\/p>\n<ul>\n<li>Potpora energiji\u00a0i zdravlju vitalnih organa kod starijih malih rasa pasa<\/li>\n<li>Lako svarljivi sastojci za podr\u0161ku zdrave probave<\/li>\n<li>Hranljiva me\u0161avina Omega-6 i vitamina E za zdravlje ko\u017ee i sjaj dlake<\/li>\n<li>Omega-3 iz ribljeg ulja za zdrave zglobove i pokretljivost<\/li>\n<li>Mineralni balans za podr\u0161ku funkcionisanju srca, bubrega i be\u0161ike<\/li>\n<li>KLINI\u010cKI DOKAZANI antioksidansi, VITAMINI C i E za zdrav imuni sistem<\/li>\n<li>Bez konzervansa, ve\u0161ta\u010dkih boja i poja\u010diva\u010da ukusa<\/li>\n<\/ul>\n<p><strong>Sastojci<\/strong>:<br \/>\nBra\u0161no mesa pi\u010dletine i \u0107uretina, p\u0161enica, semena pirin\u010da, sme\u0111i pirina\u010d, kukuruz, \u017eivotinjska mast, je\u010dam, ovas, su\u0161ena repa, biljno ulje, laneno seme, minerali, su\u0161ena paradajz komina, su\u0161ena pulpa citrusa, spanac\u0301 u prahu.<\/p>\n<p><strong>Analytical composition:<\/strong><br \/>\nProteini 17,8%, Sadr\u017eaj masti 14,5%, Sirova vlakna 2,3%, Omega-6 masne kiseline 3,6%, Sirovi pepeo 5,2%, Kalcijum 0,80%, Fosfor 0,59%, Natrijum 0,25%, Kalijum 0,706%, Magnez; Po kg: Vitamin A 10,904 IJ, Vitamin D3 758 IJ, Vitamin E 690 mg, Vitamin C 105 mg, Beta-karoten 1,5 mg.<\/p>\n<p><strong>Dodaci\u00a0(po kg):<\/strong><br \/>\n3b103 (gvo\u017e\u0111e) 71,7 mg, 3b202 (jod) 1,1 mg, 3b405 (bakar) 7,1 mg, 3b502 (mangan) 7,4 mg, 3b603 (cink, 0 mg, 0,8 mg, 0,8 mg) 14 mg .<\/p>\n<p><strong>Uputstva za hranjenje:<br \/>\n<\/strong>Hraniti preporu\u010dene dnevne koli\u010dine ozna\u010dene na pakovanju; prilagodite da biste odr\u017eali optimalnu te\u017einu.<\/p>\n<p><strong>Hranite li prvi put ovom hranom?<\/strong><br \/>\nNapravite postepeni prelazak na ovu hranu tokom 7 dana me\u0161anjem sve vec\u0301e koli\u010dine nove hrane u pore\u0111enju sa hranom koju ste koristili.<\/p>\n<p>Sve\u017ea voda treba uvek biti dostupna.<\/p>\n<p>Proizvo\u0111a\u010d: Hill&#8217;s Pet Nutrition EU Switzerland<br \/>\nZemlja porekla: \u0160vajcarska<\/p>\n<p>&nbsp;<\/p>\n\n    <div class=\"xs_social_share_widget xs_share_url after_content \t\tmain_content  wslu-style-1 wslu-share-box-shaped wslu-fill-colored wslu-none wslu-share-horizontal wslu-theme-font-no wslu-main_content\">\n\n\t\t\n        <ul>\n\t\t\t        <\/ul>\n    <\/div>","protected":false},"excerpt":{"rendered":"<p>Hill&#8217;s Science Plan Dog Mature Small &amp; Mini je kompletna hrana za starije pse, mini rase, sa piletinom<\/p>","protected":false},"featured_media":24484,"comment_status":"closed","ping_status":"closed","template":"","meta":{"_acf_changed":false},"pwb-brand":[916],"product_cat":[47,48,49],"product_tag":[],"class_list":{"0":"post-24483","1":"product","2":"type-product","3":"status-publish","4":"has-post-thumbnail","6":"pwb-brand-hills","7":"product_cat-psi","8":"product_cat-hrana-za-pse","9":"product_cat-granule-za-pse","11":"first","12":"instock","13":"taxable","14":"shipping-taxable","15":"purchasable","16":"product-type-simple"},"acf":[],"brands":[{"id":916,"name":"Hills","slug":"hills"}],"_links":{"self":[{"href":"https:\/\/pawz.rs\/en\/wp-json\/wp\/v2\/product\/24483","targetHints":{"allow":["GET"]}}],"collection":[{"href":"https:\/\/pawz.rs\/en\/wp-json\/wp\/v2\/product"}],"about":[{"href":"https:\/\/pawz.rs\/en\/wp-json\/wp\/v2\/types\/product"}],"replies":[{"embeddable":true,"href":"https:\/\/pawz.rs\/en\/wp-json\/wp\/v2\/comments?post=24483"}],"wp:featuredmedia":[{"embeddable":true,"href":"https:\/\/pawz.rs\/en\/wp-json\/wp\/v2\/media\/24484"}],"wp:attachment":[{"href":"https:\/\/pawz.rs\/en\/wp-json\/wp\/v2\/media?parent=24483"}],"wp:term":[{"taxonomy":"pwb-brand","embeddable":true,"href":"https:\/\/pawz.rs\/en\/wp-json\/wp\/v2\/pwb-brand?post=24483"},{"taxonomy":"product_cat","embeddable":true,"href":"https:\/\/pawz.rs\/en\/wp-json\/wp\/v2\/product_cat?post=24483"},{"taxonomy":"product_tag","embeddable":true,"href":"https:\/\/pawz.rs\/en\/wp-json\/wp\/v2\/product_tag?post=24483"}],"curies":[{"name":"wp","href":"https:\/\/api.w.org\/{rel}","templated":true}]}}