{"id":24493,"date":"2024-05-10T18:03:52","date_gmt":"2024-05-10T16:03:52","guid":{"rendered":"https:\/\/pawz.rs\/?post_type=product&#038;p=24493"},"modified":"2026-05-04T19:47:22","modified_gmt":"2026-05-04T17:47:22","slug":"hills-science-plan-dog-oral-care-medium-adult-piletina","status":"publish","type":"product","link":"https:\/\/pawz.rs\/en\/hills-science-plan-dog-oral-care-medium-adult-piletina\/","title":{"rendered":"Hill&#8217;s Science Plan Dog Oral Care Medium Adult Piletina"},"content":{"rendered":"<p><strong>Hill&#8217;s Science Plan Dog Oral Care Medium Adult Piletina<\/strong><\/p>\n<p>Kompletna suva hrana za odrasle pse starije od godinu dana.<\/p>\n<p><strong>Podr\u0161ka dentalnoj higijeni<\/strong><\/p>\n<ul>\n<li>Jedinstvena granula za oralnu negu sa inovativnom teksturom napravljenom da deluje kao \u010detkica za zube dok va\u0161 pas \u017evac\u0301e ovu hranu.<\/li>\n<li>Klini\u010dki dokazana tehnologija smanjuje nakupljanje plaka i kamenca.<\/li>\n<li>Tehnologija isprepletenih vlakana \u010disti zube i osve\u017eava dah svakim zalogajem.<\/li>\n<li>Bez konzervansa, ve\u0161ta\u010dkih boja i poja\u010diva\u010da ukusa.<\/li>\n<\/ul>\n<p><strong>Sastojci<\/strong>:<br \/>\nBra\u0161no od kukuruznog, pilec\u0301eg i c\u0301urec\u0301eg mesa, pirin\u010dane mekinje, celuloza, \u017eivotinjska mast, bra\u0161no od gra\u0161ka mekinja, celo suvo jaje, biljno ulje, minerali, laneno seme.<\/p>\n<p><strong>Analytical composition:<\/strong><br \/>\nProteini 22,2%, Sadr\u017eaj masti 14,0%, Sirova vlakna 9,7%, Omega-6 masne kiseline 3,4%, Sirovi pepeo 4,3%, Kalcijum 0,64%, Fosfor 0,58%, Natrijum 0,24%, Kalijum 0,606%, Magnez;<br \/>\nPo kg: Vitamin A 9,150 IJ, Vitamin D3 724 IJ, Vitamin E 600 mg, Vitamin C 90 mg, Beta-karoten 1,5 mg.<\/p>\n<p><strong>Aditivi (po kg):<\/strong><br \/>\n3b103 (gvo\u017e\u0111e) 60,6 mg, 3b202 (jod) 0,9 mg, 3b405 (bakar) 6,0 mg, 3b502 (mangan) 6,3 mg, 3b603 (cink, 125 mg, 125 mg) 125 mg .<\/p>\n<p><strong>Uputstva za hranjenje:<\/strong><br \/>\nHraniti preporu\u010dene dnevne koli\u010dine ozna\u010dene na pakovanju; prilagodite da biste odr\u017eali optimalnu te\u017einu.<\/p>\n<p><strong>Da li hranite ovu hranu prvi put?<br \/>\n<\/strong> Napravite postepeni prelazak na ovu hranu tokom 7 dana me\u0161anjem sve vec\u0301e koli\u010dine nove hrane u pore\u0111enju sa hranom koju ste koristili.<\/p>\n<p>Sve\u017ea voda treba uvek biti dostupna.<\/p>\n<p>Proizvo\u0111a\u010d: Hill&#8217;s Pet Nutrition EU Switzerland<br \/>\nZemlja porekla: \u0160vajcarska<\/p>\n<p>&nbsp;<\/p>\n\n    <div class=\"xs_social_share_widget xs_share_url after_content \t\tmain_content  wslu-style-1 wslu-share-box-shaped wslu-fill-colored wslu-none wslu-share-horizontal wslu-theme-font-no wslu-main_content\">\n\n\t\t\n        <ul>\n\t\t\t        <\/ul>\n    <\/div>","protected":false},"excerpt":{"rendered":"<p>Hill&#8217;s Science Plan Dog Oral Care Medium Adult je potpuna hrana za odrasle pse srednje rase, specijalno formulisana granula kao podr\u0161ka oralnoj higijeni<\/p>","protected":false},"featured_media":24494,"comment_status":"closed","ping_status":"closed","template":"","meta":{"_acf_changed":false},"pwb-brand":[916],"product_cat":[47,48,49],"product_tag":[],"class_list":{"0":"post-24493","1":"product","2":"type-product","3":"status-publish","4":"has-post-thumbnail","6":"pwb-brand-hills","7":"product_cat-psi","8":"product_cat-hrana-za-pse","9":"product_cat-granule-za-pse","11":"first","12":"outofstock","13":"taxable","14":"shipping-taxable","15":"purchasable","16":"product-type-variable","17":"has-default-attributes"},"acf":[],"brands":[{"id":916,"name":"Hills","slug":"hills"}],"_links":{"self":[{"href":"https:\/\/pawz.rs\/en\/wp-json\/wp\/v2\/product\/24493","targetHints":{"allow":["GET"]}}],"collection":[{"href":"https:\/\/pawz.rs\/en\/wp-json\/wp\/v2\/product"}],"about":[{"href":"https:\/\/pawz.rs\/en\/wp-json\/wp\/v2\/types\/product"}],"replies":[{"embeddable":true,"href":"https:\/\/pawz.rs\/en\/wp-json\/wp\/v2\/comments?post=24493"}],"wp:featuredmedia":[{"embeddable":true,"href":"https:\/\/pawz.rs\/en\/wp-json\/wp\/v2\/media\/24494"}],"wp:attachment":[{"href":"https:\/\/pawz.rs\/en\/wp-json\/wp\/v2\/media?parent=24493"}],"wp:term":[{"taxonomy":"pwb-brand","embeddable":true,"href":"https:\/\/pawz.rs\/en\/wp-json\/wp\/v2\/pwb-brand?post=24493"},{"taxonomy":"product_cat","embeddable":true,"href":"https:\/\/pawz.rs\/en\/wp-json\/wp\/v2\/product_cat?post=24493"},{"taxonomy":"product_tag","embeddable":true,"href":"https:\/\/pawz.rs\/en\/wp-json\/wp\/v2\/product_tag?post=24493"}],"curies":[{"name":"wp","href":"https:\/\/api.w.org\/{rel}","templated":true}]}}