{"id":24516,"date":"2024-05-10T18:03:53","date_gmt":"2024-05-10T16:03:53","guid":{"rendered":"https:\/\/pawz.rs\/?post_type=product&#038;p=24516"},"modified":"2026-04-05T23:26:20","modified_gmt":"2026-04-05T21:26:20","slug":"hills-science-plan-dog-adult-medium-tuna","status":"publish","type":"product","link":"https:\/\/pawz.rs\/en\/hills-science-plan-dog-adult-medium-tuna\/","title":{"rendered":"Hill&#8217;s Science Plan Dog Adult Medium Tuna"},"content":{"rendered":"<p><strong>Hill&#8217;s Science Plan Dog Adult Medium Tuna<\/strong><\/p>\n<p>Ova formula osigurava preciznu nutricionisti\u010dku ravnote\u017eu; energije, vitamina i minerala.<\/p>\n<p>Bez konzervanasa , ve\u0161ta\u010dkih ukusa ili boja.<\/p>\n<p><strong>Sastav<\/strong>:<br \/>\nKukuruz, lomljeni pirina\u010d (13%), \u017eitarica, sojino ulje, tunjevina (6%), \u017eivotinjska mast, piletina i \u0107uretina, enzim za varenje, sa\u010dma od kukuruznog glutena, protein gra\u0161ka, laneno seme, biljno ulje, minerali.<\/p>\n<p><strong>Analiti\u010dki sastav<\/strong>:<br \/>\nProteini 22,8%, sadr\u017eaj masti 14,7%, sirova vlakna 1,5%, sirovi pepeo 4,8%, omega-6 masne kiseline 3,7%, kalcijum 0,75%, fosfor 0,65%, natrijum 0,27%, kalijum 0,63%, magnezijum 0,11%; po kg: Vitamin A 7.654IU, vitamin D3 733IU, vitamin E 600mg, vitamin C 105mg, beta karoten 1,5mg.<\/p>\n<p><strong>Aditivi po kg:<\/strong><br \/>\n3b103 (gvo\u017e\u0111e) 89,2 mg, 3b202 (jod) 3,9 mg, 3b405 (bakar) 10,5 mg, 3b502 (mangan) 9,2 mg, 3b603 (cink) 138 mg, s prirodnim antioksidansima.<\/p>\n<p><strong>Uputstva za hranjenje:<\/strong><br \/>\nHraniti preporu\u010denom dnevnom koli\u010dinom; prilagodite koli\u010dinu hrane kako bi odr\u017eali idealnu telesnu te\u017einu.<\/p>\n<p><strong>Hranite li prvi put ovom hranom?<br \/>\n<\/strong>Napravite postepeni prelaz na ovu hranu kroz 7 dana me\u0161aju\u0107i sve ve\u0107u koli\u010dinu nove hrane u hranu koju ste koristili.<\/p>\n<p>Sve\u017ea voda treba uvek biti dostupna.<\/p>\n<p>Proizvo\u0111a\u010d: Hill&#8217;s Pet Nutrition EU Switzerland<br \/>\nZemlja porekla: \u0160vajcarska<\/p>\n<p>&nbsp;<\/p>\n\n    <div class=\"xs_social_share_widget xs_share_url after_content \t\tmain_content  wslu-style-1 wslu-share-box-shaped wslu-fill-colored wslu-none wslu-share-horizontal wslu-theme-font-no wslu-main_content\">\n\n\t\t\n        <ul>\n\t\t\t        <\/ul>\n    <\/div>","protected":false},"excerpt":{"rendered":"<p>Hill&#8217;s Science Plan Dog Adult Medium je potpuna hrana za odrasle pse srednje rase, sa ukusom tune<\/p>","protected":false},"featured_media":24517,"comment_status":"closed","ping_status":"closed","template":"","meta":{"_acf_changed":false},"pwb-brand":[916],"product_cat":[49,48,47],"product_tag":[],"class_list":{"0":"post-24516","1":"product","2":"type-product","3":"status-publish","4":"has-post-thumbnail","6":"pwb-brand-hills","7":"product_cat-granule-za-pse","8":"product_cat-hrana-za-pse","9":"product_cat-psi","11":"first","12":"outofstock","13":"taxable","14":"shipping-taxable","15":"purchasable","16":"product-type-variable","17":"has-default-attributes"},"acf":[],"brands":[{"id":916,"name":"Hills","slug":"hills"}],"_links":{"self":[{"href":"https:\/\/pawz.rs\/en\/wp-json\/wp\/v2\/product\/24516","targetHints":{"allow":["GET"]}}],"collection":[{"href":"https:\/\/pawz.rs\/en\/wp-json\/wp\/v2\/product"}],"about":[{"href":"https:\/\/pawz.rs\/en\/wp-json\/wp\/v2\/types\/product"}],"replies":[{"embeddable":true,"href":"https:\/\/pawz.rs\/en\/wp-json\/wp\/v2\/comments?post=24516"}],"wp:featuredmedia":[{"embeddable":true,"href":"https:\/\/pawz.rs\/en\/wp-json\/wp\/v2\/media\/24517"}],"wp:attachment":[{"href":"https:\/\/pawz.rs\/en\/wp-json\/wp\/v2\/media?parent=24516"}],"wp:term":[{"taxonomy":"pwb-brand","embeddable":true,"href":"https:\/\/pawz.rs\/en\/wp-json\/wp\/v2\/pwb-brand?post=24516"},{"taxonomy":"product_cat","embeddable":true,"href":"https:\/\/pawz.rs\/en\/wp-json\/wp\/v2\/product_cat?post=24516"},{"taxonomy":"product_tag","embeddable":true,"href":"https:\/\/pawz.rs\/en\/wp-json\/wp\/v2\/product_tag?post=24516"}],"curies":[{"name":"wp","href":"https:\/\/api.w.org\/{rel}","templated":true}]}}