{"id":24522,"date":"2024-05-10T18:04:00","date_gmt":"2024-05-10T16:04:00","guid":{"rendered":"https:\/\/pawz.rs\/?post_type=product&#038;p=24522"},"modified":"2026-04-05T23:20:12","modified_gmt":"2026-04-05T21:20:12","slug":"hills-science-plan-dog-medium-adult-jagnjetina","status":"publish","type":"product","link":"https:\/\/pawz.rs\/en\/hills-science-plan-dog-medium-adult-jagnjetina\/","title":{"rendered":"Hill&#8217;s Science Plan Dog Medium Adult Jagnjetina"},"content":{"rendered":"<p><strong>Hill&#8217;s Science Plan Dog Medium Adult Jagnjetina<\/strong><\/p>\n<p>Kompletna suva hrana za odrasle pse srednje veli\u010dine te\u017eine 11-25 kg uzrasta od 1 do 6 godina.<\/p>\n<p>Posebno formulisan da zadovolji energetske potrebe pasa u najboljim godinama njihovog \u017eivota.<\/p>\n<p>Napravljen od visokokvalitetnih, lako svarljivih sastojaka.<\/p>\n<ul>\n<li>Bez ve\u0161ta\u010dkih boja, ukusa i konzervansa<\/li>\n<li>KLINI\u010cKI DOKAZANI antioksidansi, vitamini<strong> C<\/strong> and <strong>E<\/strong> za zdrav imuni sistem.<\/li>\n<li>Izbalansirana me\u0161avina <strong>omega-6 <\/strong>masnih kiselina i vitamina <strong>E<\/strong> hrani ko\u017eu va\u0161eg psa za zdravu, sjajnu dlaku.<\/li>\n<\/ul>\n<p>Kada je pas u najboljim godinama \u017eivota, potrebna mu je kvalitetna hrana koja mo\u017ee da prati njegov razvoj.<br \/>\nHILL\u2019S SCIENCE PLAN Medium Adult\u00a0hrana za odrasle pse sa jagnjetinom i pirin\u010dem sadr\u017ei visokokvalitetne proteine za<strong> vitke mi\u0161ic\u0301e<\/strong>, <strong>vlakna za zdravo<\/strong> <strong>varenje<\/strong> and <strong>omega-6 masne<\/strong> kiseline za lepu dlaku.<br \/>\nOdrasli psi c\u0301e voleti ovu specijalnu formulu koja sadr\u017ei pravu ravnote\u017eu hranljivih materija koja c\u0301e pomoc\u0301i va\u0161em odraslom psu da \u017eivi zdrav i srec\u0301an \u017eivot.<\/p>\n<p><strong>Sastojci<\/strong>:<br \/>\n\u017ditarice (lomljeni pirina\u010d 6%), ekstrakti biljnih proteina, meso i proizvodi \u017eivotinjskog porekla (jagnjetina 9%), ulja i masti, seme, minerali.<\/p>\n<p><strong>Analytical composition:<\/strong><br \/>\nProteini 21,5%, Sadr\u017eaj masti 14,3%, Sirova vlakna 1,7%, Sirovi pepeo 4,7%, Omega-6 masne kiseline 3,2%, Kalcijum 0,76%, Fosfor 0,64%, Natrijum 0,24%, Kalijum 0,605%, Magnez 1%; po kg: Vitamin A 6,039 IU, Vitamin D3 493 IU, Vitamin E 650 mg, Vitamin C 70 mg, Beta-karoten 1,5 mg.<\/p>\n<p><strong>Supplements per kg:\u00a0<\/strong><strong>Nutritivni dodaci:<\/strong><em><strong><br \/>\n<\/strong><\/em>3b103 (gvo\u017e\u0111e) 83,8 mg, 3b202 (jod) 2,1 mg, 3b405 (bakar) 8,3 mg, 3b502 (mangan) 8,7 mg, 3b603 (cink) 147 mg, 0blen 147 mg.<\/p>\n<p><strong>Uputstvo za hranjenje:<\/strong><br \/>\nHraniti preporu\u010denu dnevnu koli\u010dinu ozna\u010denu na pakovanju; prilagodite koli\u010dinu kako biste odr\u017eali optimalnu te\u017einu.<\/p>\n<p><strong>Da li hranite ovu hranu prvi put?<\/strong><br \/>\nNapravite postepeni prelazak na ovu hranu tokom 7 dana me\u0161anjem sve vec\u0301e koli\u010dine nove hrane u hranu koju ste koristili. Sve\u017ea voda treba uvek biti dostupna.<\/p>\n<p>Sve\u017ea voda treba uvek biti dostupna.<\/p>\n<p>Proizvo\u0111a\u010d: Hill&#8217;s Pet Nutrition EU Switzerland<br \/>\nZemlja porekla: \u0160vajcarska<\/p>\n<p>&nbsp;<\/p>\n\n    <div class=\"xs_social_share_widget xs_share_url after_content \t\tmain_content  wslu-style-1 wslu-share-box-shaped wslu-fill-colored wslu-none wslu-share-horizontal wslu-theme-font-no wslu-main_content\">\n\n\t\t\n        <ul>\n\t\t\t        <\/ul>\n    <\/div>","protected":false},"excerpt":{"rendered":"<p>Hill&#8217;s Science Plan Dog Medium Adult je kompletna suva hrana za odrasle pse, srednjih rasa sa ukusom jagnjetine<\/p>","protected":false},"featured_media":24523,"comment_status":"closed","ping_status":"closed","template":"","meta":{"_acf_changed":false,"_aa_vp_cena":"","_aa_online_cena":""},"pwb-brand":[916],"product_cat":[49,48,47],"product_tag":[],"class_list":{"0":"post-24522","1":"product","2":"type-product","3":"status-publish","4":"has-post-thumbnail","6":"pwb-brand-hills","7":"product_cat-granule-za-pse","8":"product_cat-hrana-za-pse","9":"product_cat-psi","11":"first","12":"outofstock","13":"taxable","14":"shipping-taxable","15":"purchasable","16":"product-type-variable","17":"has-default-attributes"},"acf":[],"brands":[{"id":916,"name":"Hills","slug":"hills"}],"_links":{"self":[{"href":"https:\/\/pawz.rs\/en\/wp-json\/wp\/v2\/product\/24522","targetHints":{"allow":["GET"]}}],"collection":[{"href":"https:\/\/pawz.rs\/en\/wp-json\/wp\/v2\/product"}],"about":[{"href":"https:\/\/pawz.rs\/en\/wp-json\/wp\/v2\/types\/product"}],"replies":[{"embeddable":true,"href":"https:\/\/pawz.rs\/en\/wp-json\/wp\/v2\/comments?post=24522"}],"wp:featuredmedia":[{"embeddable":true,"href":"https:\/\/pawz.rs\/en\/wp-json\/wp\/v2\/media\/24523"}],"wp:attachment":[{"href":"https:\/\/pawz.rs\/en\/wp-json\/wp\/v2\/media?parent=24522"}],"wp:term":[{"taxonomy":"pwb-brand","embeddable":true,"href":"https:\/\/pawz.rs\/en\/wp-json\/wp\/v2\/pwb-brand?post=24522"},{"taxonomy":"product_cat","embeddable":true,"href":"https:\/\/pawz.rs\/en\/wp-json\/wp\/v2\/product_cat?post=24522"},{"taxonomy":"product_tag","embeddable":true,"href":"https:\/\/pawz.rs\/en\/wp-json\/wp\/v2\/product_tag?post=24522"}],"curies":[{"name":"wp","href":"https:\/\/api.w.org\/{rel}","templated":true}]}}