{"id":24535,"date":"2024-05-10T18:03:54","date_gmt":"2024-05-10T16:03:54","guid":{"rendered":"https:\/\/pawz.rs\/?post_type=product&#038;p=24535"},"modified":"2025-03-09T14:09:23","modified_gmt":"2025-03-09T13:09:23","slug":"hills-science-plan-dog-perfect-weight-adult-large-breed-piletina-12-kg","status":"publish","type":"product","link":"https:\/\/pawz.rs\/en\/hills-science-plan-dog-perfect-weight-adult-large-breed-piletina-12-kg\/","title":{"rendered":"Hill&#8217;s Science Plan Dog Perfect Weight Adult Large Breed Piletina 12 kg"},"content":{"rendered":"<p><strong>Hill&#8217;s Science Plan Dog Perfect Weight Adult Large Breed Piletina 12 kg<\/strong><\/p>\n<p>Potpuna suva hrana za odrasle pse velikih rasa, te\u017eine 25+ kg, starije od godinu dana, malo gojazne ili sklone debljanju.<\/p>\n<p><strong>Klini\u010dki dokazana ishrana za postizanje i odr\u017eavanje zdrave te\u017eine<\/strong>.<\/p>\n<p>Formula sa visokim sadr\u017eajem proteina i vlakana obogac\u0301ena L-karnitinom i kokosovim uljem poma\u017ee u odr\u017eavanju metabolizma va\u0161eg psa.<\/p>\n<ul>\n<li>Bezbedan i efikasan gubitak te\u017eine sa vidljivim rezultatima<\/li>\n<li>Zdravo odr\u017eavanje te\u017eine i dugoro\u010dna podr\u0161ka te\u017eine<\/li>\n<li>Prebioti\u010dka vlakna za ne\u017eno varenje<\/li>\n<li>KLINI\u010cKI DOKAZANI antioksidansi, VITAMIN C+E za zdrav imuni sistem<\/li>\n<li>Proizvod nije ve\u0161ta\u010dki konzerviran. Bez sinteti\u010dkih boja. Bez ve\u0161ta\u010dkih aroma.<\/li>\n<\/ul>\n<p><strong>Sastojci<\/strong>:<br \/>\nP\u0161enica, kukuruzno glutensko bra\u0161no, kukuruzno, pilec\u0301e i c\u0301urec\u0301e bra\u0161no, bra\u0161no od gra\u0161ka mekinja, celuloza, mesni koncentrat, su\u0161ena paradajz komina, \u017eivotinjska mast, laneno seme, su\u0161ena repa, kokosovo ulje (2,1%), minerali, su\u0161ena \u0161argarepa.<\/p>\n<p><strong>Analytical composition:<\/strong><br \/>\nProteini 25,3%, Sadr\u017eaj masti 11,3%, Sirova vlakna 12,1%, Sirovi pepeo 5,1%, Kalcijum 0,75%, Fosfor 0,61%, Natrijum 0,29%, Kalijum 0,78%, Magnezijum 0,12%; po kg: Vitamin A 10,012 IJ, Vitamin D3 768 IJ, Vitamin E 550 mg, Vitamin C 90 mg, Beta-karoten 1,5 mg, L-karnitin 343 mg.<\/p>\n<p><strong>Dodaci (po kg):<\/strong><br \/>\n3b103 (gvo\u017e\u0111e) 74,9 mg, 3b202 (jod) 1,2 mg, 3b405 (bakar) 7,4 mg, 3b502 (mangan) 7,7 mg, 3b603 (cink) (cink) 0,0 mg1,0 mg 1585 mg .<\/p>\n<p><strong>Uputstva za hranjenje:<br \/>\n<\/strong>Hraniti preporu\u010denu dnevnu koli\u010dinu; prilagodite koli\u010dinu kako biste odr\u017eali optimalnu te\u017einu.<\/p>\n<p><strong>Da li hranite prvi put ovom hranom?<br \/>\n<\/strong> Napravite postepeni prelazak na ovu hranu tokom 7 dana me\u0161anjem sve vec\u0301e koli\u010dine nove hrane u pore\u0111enju sa hranom koju ste koristili.<\/p>\n<p>Sve\u017ea voda treba uvek biti dostupna.<\/p>\n<p>Proizvo\u0111a\u010d: Hill&#8217;s Pet Nutrition EU Switzerland<br \/>\nZemlja porekla: \u0160vajcarska<\/p>\n<p>&nbsp;<\/p>\n<p>&nbsp;<\/p>\n\n    <div class=\"xs_social_share_widget xs_share_url after_content \t\tmain_content  wslu-style-1 wslu-share-box-shaped wslu-fill-colored wslu-none wslu-share-horizontal wslu-theme-font-no wslu-main_content\">\n\n\t\t\n        <ul>\n\t\t\t        <\/ul>\n    <\/div>","protected":false},"excerpt":{"rendered":"<p>Hill&#8217;s Science Plan Dog Perfect Weight Adult Large Breed je kompletns hrana za odrasle pse, velike rase, specijalno formulisana za one koji su gojazni ili skloni gojenju<\/p>","protected":false},"featured_media":24536,"comment_status":"closed","ping_status":"closed","template":"","meta":{"_acf_changed":false,"_aa_vp_cena":"8915.67","_aa_online_cena":"11769"},"pwb-brand":[916],"product_cat":[49,48,47],"product_tag":[],"class_list":{"0":"post-24535","1":"product","2":"type-product","3":"status-publish","4":"has-post-thumbnail","6":"pwb-brand-hills","7":"product_cat-granule-za-pse","8":"product_cat-hrana-za-pse","9":"product_cat-psi","11":"first","12":"outofstock","13":"taxable","14":"shipping-taxable","15":"purchasable","16":"product-type-simple"},"acf":[],"brands":[{"id":916,"name":"Hills","slug":"hills"}],"_links":{"self":[{"href":"https:\/\/pawz.rs\/en\/wp-json\/wp\/v2\/product\/24535","targetHints":{"allow":["GET"]}}],"collection":[{"href":"https:\/\/pawz.rs\/en\/wp-json\/wp\/v2\/product"}],"about":[{"href":"https:\/\/pawz.rs\/en\/wp-json\/wp\/v2\/types\/product"}],"replies":[{"embeddable":true,"href":"https:\/\/pawz.rs\/en\/wp-json\/wp\/v2\/comments?post=24535"}],"wp:featuredmedia":[{"embeddable":true,"href":"https:\/\/pawz.rs\/en\/wp-json\/wp\/v2\/media\/24536"}],"wp:attachment":[{"href":"https:\/\/pawz.rs\/en\/wp-json\/wp\/v2\/media?parent=24535"}],"wp:term":[{"taxonomy":"pwb-brand","embeddable":true,"href":"https:\/\/pawz.rs\/en\/wp-json\/wp\/v2\/pwb-brand?post=24535"},{"taxonomy":"product_cat","embeddable":true,"href":"https:\/\/pawz.rs\/en\/wp-json\/wp\/v2\/product_cat?post=24535"},{"taxonomy":"product_tag","embeddable":true,"href":"https:\/\/pawz.rs\/en\/wp-json\/wp\/v2\/product_tag?post=24535"}],"curies":[{"name":"wp","href":"https:\/\/api.w.org\/{rel}","templated":true}]}}