{"id":24545,"date":"2024-05-10T18:03:50","date_gmt":"2024-05-10T16:03:50","guid":{"rendered":"https:\/\/pawz.rs\/?post_type=product&#038;p=24545"},"modified":"2026-05-15T11:33:57","modified_gmt":"2026-05-15T09:33:57","slug":"hills-science-plan-dog-sensitive-stomach-skin-medium-adult-piletina","status":"publish","type":"product","link":"https:\/\/pawz.rs\/en\/hills-science-plan-dog-sensitive-stomach-skin-medium-adult-piletina\/","title":{"rendered":"Hill&#8217;s Science Plan Dog Sensitive Stomach &amp; Skin Medium Adult Piletina"},"content":{"rendered":"<p><strong>Hill&#8217;s Science Plan Dog Sensitive Stomach &amp; Skin Medium Adult Piletina<\/strong><\/p>\n<p>Kompletna suva hrana za odrasle pse starije od godinu dana.<\/p>\n<p>Odr\u017eava zdrav sistem za varenje koristec\u0301i prebiotska vlakna.<\/p>\n<p><strong>Za lepu dlaku.<\/strong><\/p>\n<ul>\n<li>Lako svarljiva hrana za optimalnu apsorpciju hranljivih materija i lak\u0161e sakupljanje stolice<\/li>\n<li>Vitamin E i Omega-6 masne kiseline za ishranu ko\u017ee i dlake<\/li>\n<li>Prebioti\u010dka vlakna za korisne crevne bakterije i uravnote\u017eenu mikrofloru<\/li>\n<li>Bez konzervansa, ve\u0161ta\u010dkih boja i poja\u010diva\u010da ukusa<\/li>\n<\/ul>\n<p><strong>Sastojci<\/strong>:<br \/>\nSeme pirin\u010da, bra\u0161no od pilec\u0301eg i c\u0301urec\u0301eg mesa, bra\u0161no od kukuruznog glutena, celo su\u0161eno jaje, \u017eivotinjska mast, su\u0161ena repa, biljno ulje, minerali, laneno seme.<\/p>\n<p><strong>Analytical composition:<\/strong><br \/>\nProteini 22,5%, Sadr\u017eaj masti 14,2%, Sirova vlakna 1,3%, Omega-6 masne kiseline 3,6%, Sirovi pepeo 5,0%, Kalcijum 0,82%, Fosfor 0,59%, Natrijum 0,27%, Kalijum 0,608%,\u00a0Vitamin A 7,723 IJ, Vitamin D3 675 IJ, Vitamin E 550 mg, Vitamin C 90 mg, Beta-karoten 1,5 mg.<\/p>\n<p><strong>Aditivi (po kg):<\/strong><br \/>\n3b103 (gvo\u017e\u0111e) 84,0 mg, 3b202 (jod) 1,3 mg, 3b405 (bakar) 8,3 mg, 3b502 (mangan) 8,7 mg, 3b603 (cink, 10 mg, 0b10 mg, 0b10 mg) 17<\/p>\n<p><strong>Uputstva za hranjenje<\/strong>:<br \/>\nHraniti preporu\u010dene dnevne koli\u010dine ozna\u010dene na pakovanju; prilagodite da biste odr\u017eali optimalnu te\u017einu.<\/p>\n<p><strong>Da li hranite prvi put ovom hranom?<br \/>\n<\/strong>Napravite postepeni prelazak na ovu hranu tokom 7 dana me\u0161anjem sve vec\u0301e koli\u010dine nove hrane u pore\u0111enju sa hranom koju ste koristili.<\/p>\n<p>Sve\u017ea voda treba uvek biti dostupna.<\/p>\n<p>Proizvo\u0111a\u010d: Hill&#8217;s Pet Nutrition EU Switzerland<br \/>\nZemlja porekla: \u0160vajcarska<\/p>\n\n    <div class=\"xs_social_share_widget xs_share_url after_content \t\tmain_content  wslu-style-1 wslu-share-box-shaped wslu-fill-colored wslu-none wslu-share-horizontal wslu-theme-font-no wslu-main_content\">\n\n\t\t\n        <ul>\n\t\t\t        <\/ul>\n    <\/div>","protected":false},"excerpt":{"rendered":"<p>Hill&#8217;s Science Plan Dog Sensitive Stomach &amp; Skin Medium Adult je kompletna hrana sa piletinom, namenjena odraslim psima srednje rase. Specijalno formulisana za pse koji imaju osetljiv stomak<\/p>","protected":false},"featured_media":24546,"comment_status":"closed","ping_status":"closed","template":"","meta":{"_acf_changed":false},"pwb-brand":[916],"product_cat":[47,48,49],"product_tag":[],"class_list":{"0":"post-24545","1":"product","2":"type-product","3":"status-publish","4":"has-post-thumbnail","6":"pwb-brand-hills","7":"product_cat-psi","8":"product_cat-hrana-za-pse","9":"product_cat-granule-za-pse","11":"first","12":"instock","13":"taxable","14":"shipping-taxable","15":"purchasable","16":"product-type-variable","17":"has-default-attributes"},"acf":[],"brands":[{"id":916,"name":"Hills","slug":"hills"}],"_links":{"self":[{"href":"https:\/\/pawz.rs\/en\/wp-json\/wp\/v2\/product\/24545","targetHints":{"allow":["GET"]}}],"collection":[{"href":"https:\/\/pawz.rs\/en\/wp-json\/wp\/v2\/product"}],"about":[{"href":"https:\/\/pawz.rs\/en\/wp-json\/wp\/v2\/types\/product"}],"replies":[{"embeddable":true,"href":"https:\/\/pawz.rs\/en\/wp-json\/wp\/v2\/comments?post=24545"}],"wp:featuredmedia":[{"embeddable":true,"href":"https:\/\/pawz.rs\/en\/wp-json\/wp\/v2\/media\/24546"}],"wp:attachment":[{"href":"https:\/\/pawz.rs\/en\/wp-json\/wp\/v2\/media?parent=24545"}],"wp:term":[{"taxonomy":"pwb-brand","embeddable":true,"href":"https:\/\/pawz.rs\/en\/wp-json\/wp\/v2\/pwb-brand?post=24545"},{"taxonomy":"product_cat","embeddable":true,"href":"https:\/\/pawz.rs\/en\/wp-json\/wp\/v2\/product_cat?post=24545"},{"taxonomy":"product_tag","embeddable":true,"href":"https:\/\/pawz.rs\/en\/wp-json\/wp\/v2\/product_tag?post=24545"}],"curies":[{"name":"wp","href":"https:\/\/api.w.org\/{rel}","templated":true}]}}