{"id":24559,"date":"2024-05-10T18:04:03","date_gmt":"2024-05-10T16:04:03","guid":{"rendered":"https:\/\/pawz.rs\/?post_type=product&#038;p=24559"},"modified":"2026-05-04T19:50:58","modified_gmt":"2026-05-04T17:50:58","slug":"hills-science-plan-dog-adult-small-mini-piletina","status":"publish","type":"product","link":"https:\/\/pawz.rs\/en\/hills-science-plan-dog-adult-small-mini-piletina\/","title":{"rendered":"Hill&#8217;s Science Plan Dog Adult Small &#038; Mini Piletina"},"content":{"rendered":"<p><strong>Hill&#8217;s Science Plan Dog Adult Small &amp; Mini Piletina<\/strong><\/p>\n<p>Potpuna suva hrana za odrasle pse malih i minijaturnih rasa starosti od 1. do 6. godine, telesne te\u017eine do 10 kg.<\/p>\n<p>Specijalna mala granula i precizno prilago\u0111ena prehrana za potrebe malih pasa.<\/p>\n<p>Prilago\u0111ena prehrana za jedinstvene potrebe malih pasa u najboljim godinama njihovog \u017eivota.<\/p>\n<ul>\n<li>Lako svarljivi sastojci za zdravu probavu<\/li>\n<li>Hranjiva me\u0161avina Omega-6 i Vitamina E za zdravu ko\u017eu i sjajnu dlaku<\/li>\n<li>Visokokvalitetne belan\u010devine za vitke mi\u0161i\u0107e<\/li>\n<li>Sadr\u017ei specijalno prilago\u0111en Small&amp;Mini antioksidant za dugoro\u010dnu podr\u0161ku imunitetu<\/li>\n<li>Klini\u010dki dokazani antioksidansi, VItamini C i E za zdrav imunolo\u0161ki sastav<\/li>\n<li>Bez ve\u0161ta\u010dkih konzervanasa, poja\u010diva\u010da ukusa, boja<\/li>\n<\/ul>\n<p><strong>Sastav<\/strong>:<br \/>\nPile\u0107e (13%) i \u0107ure\u0107e bra\u0161no (ukupno \u017eivine 21%), kukuruz, lomljen pirina\u010d, \u017eivotinjska mast, mesni koncentrat, biljno ulje, minerali, seme, osu\u0161ena pulpa paradajza, osu\u0161eni spana\u0107, osu\u0161ena pulpa citrusa.<\/p>\n<p><strong>Analiti\u010dki sastojci<\/strong>:<br \/>\nProteini 22,7%, Udeo masti 14,3%, Sirova vlakna 1,3%, Omega-6 masne kiseline 3,5%, Sirovi pepeo 4,9%, Kalcijum 0,80%, Fosfor 0,68%, Natrijum 0,29%, Kalijum 0,72%, Magnezijum 0,08%; \u00a0Vitamin A 10.785 IU, Vitamin D3 801 IU, Vitamin E 690 mg, Vitamin C 105 mg, Beta-karoten 1,5 mg.<\/p>\n<p><strong>Dodaci po kg<\/strong>:\u00a0<strong>N<\/strong><strong>utritivni dodaci<\/strong>:<br \/>\n3b103 (Gvo\u017e\u0111e) 68,3 mg, 3b202 (Jod) 1,7 mg, 3b405 (Bakar) 6,7 mg, 3b502 (Mangan) 7,1 mg, 3b801 (Selen) 0,2 mg.<\/p>\n<p><strong>Uputstva za hranjenje<\/strong>: Hraniti preporu\u010denom dnevnom koli\u010dinom; prilagodite koli\u010dinu hrane kako bi odr\u017eali idealnu telesnu te\u017einu.<\/p>\n<p><strong>Hranite li prvi put ovom hranom<\/strong>?<br \/>\nNapravite postepeni prelaz na ovu hranu kroz 7 dana me\u0161aju\u0107i sve ve\u0107u koli\u010dinu nove hrane s hranom koju ste koristili.<\/p>\n<p>Sve\u017ea voda uvek treba biti dostupna.<\/p>\n<p>Proizvo\u0111a\u010d: Hill&#8217;s Pet Nutrition EU Switzerland<br \/>\nZemlja porekla: \u0160vajcarska<\/p>\n<p>&nbsp;<\/p>\n\n    <div class=\"xs_social_share_widget xs_share_url after_content \t\tmain_content  wslu-style-1 wslu-share-box-shaped wslu-fill-colored wslu-none wslu-share-horizontal wslu-theme-font-no wslu-main_content\">\n\n\t\t\n        <ul>\n\t\t\t        <\/ul>\n    <\/div>","protected":false},"excerpt":{"rendered":"<p>Hill&#8217;s Science Plan Dog Adult Small &amp; Mini je kompletna suva hrana za odrasle pse male rase, te\u017eine do max. 10 kg, sa ukusom piletine<\/p>","protected":false},"featured_media":24560,"comment_status":"closed","ping_status":"closed","template":"","meta":{"_acf_changed":false},"pwb-brand":[916],"product_cat":[47,48,49],"product_tag":[],"class_list":{"0":"post-24559","1":"product","2":"type-product","3":"status-publish","4":"has-post-thumbnail","6":"pwb-brand-hills","7":"product_cat-psi","8":"product_cat-hrana-za-pse","9":"product_cat-granule-za-pse","11":"first","12":"instock","13":"taxable","14":"shipping-taxable","15":"purchasable","16":"product-type-variable","17":"has-default-attributes"},"acf":[],"brands":[{"id":916,"name":"Hills","slug":"hills"}],"_links":{"self":[{"href":"https:\/\/pawz.rs\/en\/wp-json\/wp\/v2\/product\/24559","targetHints":{"allow":["GET"]}}],"collection":[{"href":"https:\/\/pawz.rs\/en\/wp-json\/wp\/v2\/product"}],"about":[{"href":"https:\/\/pawz.rs\/en\/wp-json\/wp\/v2\/types\/product"}],"replies":[{"embeddable":true,"href":"https:\/\/pawz.rs\/en\/wp-json\/wp\/v2\/comments?post=24559"}],"wp:featuredmedia":[{"embeddable":true,"href":"https:\/\/pawz.rs\/en\/wp-json\/wp\/v2\/media\/24560"}],"wp:attachment":[{"href":"https:\/\/pawz.rs\/en\/wp-json\/wp\/v2\/media?parent=24559"}],"wp:term":[{"taxonomy":"pwb-brand","embeddable":true,"href":"https:\/\/pawz.rs\/en\/wp-json\/wp\/v2\/pwb-brand?post=24559"},{"taxonomy":"product_cat","embeddable":true,"href":"https:\/\/pawz.rs\/en\/wp-json\/wp\/v2\/product_cat?post=24559"},{"taxonomy":"product_tag","embeddable":true,"href":"https:\/\/pawz.rs\/en\/wp-json\/wp\/v2\/product_tag?post=24559"}],"curies":[{"name":"wp","href":"https:\/\/api.w.org\/{rel}","templated":true}]}}