{"id":24638,"date":"2024-05-10T18:03:55","date_gmt":"2024-05-10T16:03:55","guid":{"rendered":"https:\/\/pawz.rs\/?post_type=product&#038;p=24638"},"modified":"2026-04-05T23:20:28","modified_gmt":"2026-04-05T21:20:28","slug":"hills-science-plan-dog-adult-large-breed-piletina-14-kg","status":"publish","type":"product","link":"https:\/\/pawz.rs\/en\/hills-science-plan-dog-adult-large-breed-piletina-14-kg\/","title":{"rendered":"Hill&#8217;s Science Plan Dog Adult Large Breed Piletina 14 kg"},"content":{"rendered":"<p><strong>Hill&#8217;s Science Plan Dog Adult Large Breed Piletina 14 kg<\/strong><\/p>\n<p>Kompletna suva hrana za kuc\u0301ne ljubimce, za pse velikih i divovskih rasa te\u017eine preko 25 kg uzrasta od 1 do 5 godina.<\/p>\n<p>Posebno formulisan da obezbedi energetske potrebe pasa velikih rasa tokom njihovog najaktivnijeg perioda \u017eivota.<\/p>\n<p>Napravljen od visokokvalitetnih, lako svarljivih sastojaka.<\/p>\n<p>Proizvod nije ve\u0161ta\u010dki konzerviran. Bez sinteti\u010dkih boja. Bez ve\u0161ta\u010dkih aroma.<\/p>\n<p>KLINI\u010cKI DOKAZANI antioksidansi, vitamini C i E za zdrav imuni sistem<\/p>\n<p><strong>Sastojci<\/strong>:<br \/>\nKukuruz, bra\u0161no mesa piletine i \u0107uretine, \u017eivotinjska mast, bra\u0161no soje, hidrolizat, bra\u0161no kukuruznog glutena, biljno ulje, dehidrirana repina pulpa, minerali, semenke lana, hrskavica svinjskog porekla (bogat izvor hondroitin sulfata), hidrolizirana ljuska ljuskara (bogat izvor glukozamina).<\/p>\n<p><strong>Analiti\u010dki sastav<\/strong>:<br \/>\nSirovi proteini 21,6%, Sirove masti 14,7%, Sirova vlakna 1,9%, Sirovi pepeo\u00a0 4,9%, Kalcijum 0,71%, Fosfor 0,61%, Natrijum 0,28%, Kalijum 0,70%, Magnezijum 0,11%; po kg: Vitamin E 600 mg, Vitamin C 100 mg, Beta-karoten 1,5 mg, Glukozamin 464 mg, hondroitin sulfat 489 mg.<\/p>\n<p><strong>Dodaci (po kg):<\/strong><br \/>\nE672\u00a0(Vitamin\u00a0A)\u00a041,818 IU,\u00a0E671\u00a0(Vitamin\u00a0D3) 1,756 IU, E1\u00a0(gvo\u017e\u0111e)\u00a0319 mg,\u00a0E2\u00a0(jod)\u00a04,8 mg,\u00a0E4\u00a0(bakar)\u00a040,4 mg,\u00a0E5\u00a0(magnezijum)\u00a014,0 mg,\u00a0 E6\u00a0(cink) 271 mg,E8\u00a0(selen)\u00a00,6 mg,\u00a0sa\u00a0prirodnim\u00a0 antioksidansima.<\/p>\n<p><strong>Uputstva za hranjenje:<\/strong><br \/>\nHraniti preporu\u010denu dnevnu koli\u010dinu; prilagodite koli\u010dinu kako biste odr\u017eali optimalnu te\u017einu.<\/p>\n<p><strong>Da li hranite prvi put ovom hranom<\/strong>?<br \/>\nNapravite postepeni prelazak na ovu hranu tokom 7 dana me\u0161anjem sve vec\u0301e koli\u010dine nove hrane u pore\u0111enju sa hranom koju ste koristili.<\/p>\n<p>Sve\u017ea voda treba uvek biti dostupna.<\/p>\n<p>Proizvo\u0111a\u010d: Hill&#8217;s Pet Nutrition EU Switzerland<br \/>\nZemlja porekla: \u0160vajcarska<\/p>\n<p>&nbsp;<\/p>\n\n    <div class=\"xs_social_share_widget xs_share_url after_content \t\tmain_content  wslu-style-1 wslu-share-box-shaped wslu-fill-colored wslu-none wslu-share-horizontal wslu-theme-font-no wslu-main_content\">\n\n\t\t\n        <ul>\n\t\t\t        <\/ul>\n    <\/div>","protected":false},"excerpt":{"rendered":"<p>Hill&#8217;s Science Plan Dog Adult Large Breed Piletina je kompletna suva hrana za odrasle pse velike rase, u periodu od 1 do 5 godina, sa ukusom piletine<\/p>","protected":false},"featured_media":24639,"comment_status":"closed","ping_status":"closed","template":"","meta":{"_acf_changed":false},"pwb-brand":[916],"product_cat":[49,48,47],"product_tag":[],"class_list":{"0":"post-24638","1":"product","2":"type-product","3":"status-publish","4":"has-post-thumbnail","6":"pwb-brand-hills","7":"product_cat-granule-za-pse","8":"product_cat-hrana-za-pse","9":"product_cat-psi","11":"first","12":"instock","13":"taxable","14":"shipping-taxable","15":"purchasable","16":"product-type-simple"},"acf":[],"brands":[{"id":916,"name":"Hills","slug":"hills"}],"_links":{"self":[{"href":"https:\/\/pawz.rs\/en\/wp-json\/wp\/v2\/product\/24638","targetHints":{"allow":["GET"]}}],"collection":[{"href":"https:\/\/pawz.rs\/en\/wp-json\/wp\/v2\/product"}],"about":[{"href":"https:\/\/pawz.rs\/en\/wp-json\/wp\/v2\/types\/product"}],"replies":[{"embeddable":true,"href":"https:\/\/pawz.rs\/en\/wp-json\/wp\/v2\/comments?post=24638"}],"wp:featuredmedia":[{"embeddable":true,"href":"https:\/\/pawz.rs\/en\/wp-json\/wp\/v2\/media\/24639"}],"wp:attachment":[{"href":"https:\/\/pawz.rs\/en\/wp-json\/wp\/v2\/media?parent=24638"}],"wp:term":[{"taxonomy":"pwb-brand","embeddable":true,"href":"https:\/\/pawz.rs\/en\/wp-json\/wp\/v2\/pwb-brand?post=24638"},{"taxonomy":"product_cat","embeddable":true,"href":"https:\/\/pawz.rs\/en\/wp-json\/wp\/v2\/product_cat?post=24638"},{"taxonomy":"product_tag","embeddable":true,"href":"https:\/\/pawz.rs\/en\/wp-json\/wp\/v2\/product_tag?post=24638"}],"curies":[{"name":"wp","href":"https:\/\/api.w.org\/{rel}","templated":true}]}}