{"id":24658,"date":"2024-05-08T16:11:46","date_gmt":"2024-05-08T14:11:46","guid":{"rendered":"https:\/\/pawz.rs\/?post_type=product&#038;p=24658"},"modified":"2026-05-04T19:47:39","modified_gmt":"2026-05-04T17:47:39","slug":"sams-field-dog-mini-adult-piletina-i-krompir","status":"publish","type":"product","link":"https:\/\/pawz.rs\/en\/sams-field-dog-mini-adult-piletina-i-krompir\/","title":{"rendered":"Sam&#8217;s Field Dog Mini Adult Piletina i Krompir"},"content":{"rendered":"<p><strong>Sam&#8217;s Field Dog Mini Adult Piletina i Krompir<\/strong><\/p>\n<p>Kompletna hrana za odrasle pse malih rasa<\/p>\n<p>Bez glutena \/ nizak sadr\u017eaj \u017eitarica &#8211; nema rizika od intolerancije na hranu.<\/p>\n<p>65% mesa, vo\u0107a i povr\u0107a\u00a0za zdravlje va\u0161eg psa<\/p>\n<p><strong>Sastav<\/strong>:<br \/>\nPiletina, pile\u0107a jetra, krompir, kukuruz, koko\u0161ija mast (za\u0161ti\u0107eno tokoferolima, izvor vitamina E), lososovo ulje, prirodni ukus, su\u0161ena jabuka,pivski kvasac, paradajz, ekstrakt od juke, \u0161argarepa, minerali, DL-metionin, L-lizin, mannanoligosaharidi, fruktooligosaharidi, probiotici.<\/p>\n<p><strong>Analiti\u010dki sastojci:<br \/>\n<\/strong>Sirov protein 28%, sirove masti 17%, sirova vlakna 2,5%, sirovi pepeo 6,5%, vlaga 10%, kalcijum 1,5%, fosfor 1,0%.<\/p>\n<p><strong>Dodaci\u00a0(po kg):<br \/>\n<\/strong> Vitamin A 20 000 IJ, vitamin D3 1 900 IJ, vitamin E 500 mg, vitamin B1 4,5 mg, vitamin B2 6,0 mg, vitamin B6 5,0 mg, vitamin B12 0,05 mg, niacin 26 mg, kalcijum pantotenat 13 mg, biotin 0,78 mg, folna kiselina 0,65 mg, kolin hlorid 780 mg, organski cink 107 mg, organski bakar 18 mg, jod 0,84 mg, organski selen 0,2 mg.<\/p>\n<p><strong>Uputstvo za hranjenje:<\/strong><br \/>\nHranite suvom ili delimi\u010dno navla\u017eenom hranom. Sve\u017ea voda uvek mora biti dostupna. Dnevne prehrambene potrebe va\u0161eg psa se mogu razlikovati zbog okoline gde boravi, veli\u010dine, starosti i fizi\u010dkog optere\u0107enja. Da bi odr\u017eali pravilnu kondiciju, osigurajte da va\u0161 pas ima dovoljno fizi\u010dke aktivnosti i da ga ne hranite previ\u0161e.<\/p>\n<p>Proizvo\u0111a\u010d: VAFO PRAHA s.r.o., K Br\u016fdku 94, Chr\u00e1\u0161\u0165any, 252 19 Rudn\u00e1 u Prahy, \u010ce\u0161ka<br \/>\nZemlja porekla: EU.<\/p>\n\n    <div class=\"xs_social_share_widget xs_share_url after_content \t\tmain_content  wslu-style-1 wslu-share-box-shaped wslu-fill-colored wslu-none wslu-share-horizontal wslu-theme-font-no wslu-main_content\">\n\n\t\t\n        <ul>\n\t\t\t        <\/ul>\n    <\/div>","protected":false},"excerpt":{"rendered":"<p>Sam&#8217;s Field Dog Mini Adult je suva hrana, namenjena odraslim psima malih rasa, sa piletinom i krompirom<\/p>","protected":false},"featured_media":24659,"comment_status":"closed","ping_status":"closed","template":"","meta":{"_acf_changed":false},"pwb-brand":[917],"product_cat":[47,48,49],"product_tag":[],"class_list":{"0":"post-24658","1":"product","2":"type-product","3":"status-publish","4":"has-post-thumbnail","6":"pwb-brand-sams-field","7":"product_cat-psi","8":"product_cat-hrana-za-pse","9":"product_cat-granule-za-pse","11":"first","12":"outofstock","13":"taxable","14":"shipping-taxable","15":"purchasable","16":"product-type-variable","17":"has-default-attributes"},"acf":[],"brands":[{"id":917,"name":"Sams Field","slug":"sams-field"}],"_links":{"self":[{"href":"https:\/\/pawz.rs\/en\/wp-json\/wp\/v2\/product\/24658","targetHints":{"allow":["GET"]}}],"collection":[{"href":"https:\/\/pawz.rs\/en\/wp-json\/wp\/v2\/product"}],"about":[{"href":"https:\/\/pawz.rs\/en\/wp-json\/wp\/v2\/types\/product"}],"replies":[{"embeddable":true,"href":"https:\/\/pawz.rs\/en\/wp-json\/wp\/v2\/comments?post=24658"}],"wp:featuredmedia":[{"embeddable":true,"href":"https:\/\/pawz.rs\/en\/wp-json\/wp\/v2\/media\/24659"}],"wp:attachment":[{"href":"https:\/\/pawz.rs\/en\/wp-json\/wp\/v2\/media?parent=24658"}],"wp:term":[{"taxonomy":"pwb-brand","embeddable":true,"href":"https:\/\/pawz.rs\/en\/wp-json\/wp\/v2\/pwb-brand?post=24658"},{"taxonomy":"product_cat","embeddable":true,"href":"https:\/\/pawz.rs\/en\/wp-json\/wp\/v2\/product_cat?post=24658"},{"taxonomy":"product_tag","embeddable":true,"href":"https:\/\/pawz.rs\/en\/wp-json\/wp\/v2\/product_tag?post=24658"}],"curies":[{"name":"wp","href":"https:\/\/api.w.org\/{rel}","templated":true}]}}