{"id":24660,"date":"2024-05-19T15:19:59","date_gmt":"2024-05-19T13:19:59","guid":{"rendered":"https:\/\/pawz.rs\/?post_type=product&#038;p=24660"},"modified":"2026-05-04T19:47:30","modified_gmt":"2026-05-04T17:47:30","slug":"sams-field-dental-care","status":"publish","type":"product","link":"https:\/\/pawz.rs\/en\/sams-field-dental-care\/","title":{"rendered":"Sam&#8217;s Field Dental Care"},"content":{"rendered":"<p><strong>Sam&#8217;s Field Dental Care\u00a0<\/strong><\/p>\n<p>Dopunska hrana, poslastica za pse svih rasa.<\/p>\n<p>Poluvla\u017ena funkcionalna mekana poslastica sa pirin\u010dem.<\/p>\n<ul>\n<li>Visok udeo mesa<\/li>\n<li>Smanjuje nakupljanje plaka<\/li>\n<li>Osve\u017eava dah svakim zalogajem<\/li>\n<li>Lososovo ulje za zdravu ko\u017eu i sjajno krzno<\/li>\n<\/ul>\n<p><strong>Satav<\/strong>:<br \/>\nPirina\u010d, piletina, glukozni sirup, lososovo ulje, kolagen, prirodne arome, su\u0161ene alge Chlorella (5.000 mg\/kg), su\u0161eni karanfilic\u0301 (600 mg\/kg).<\/p>\n<p><strong>Analiti\u010dki sastojci:<br \/>\n<\/strong>Sirovi proteini 15,0%, Sirovi masti 8,0%, Sirova vlakna 1,5%, Sirovi pepeo 3,0%, Vlaga 17,0%.<\/p>\n<p><strong>Dodaci (po kg):<\/strong><br \/>\nNatrijum heksametafosfat 2.000 mg.<\/p>\n<p><strong>Uputstva za hranjenje:<\/strong> Nagradite poslasticu funkcionalnim sastojcima, ne koristite kao kompletnu hranu. Preporu\u010dene dnevne koli\u010dine su od\u0161tampane na pakovanju i treba ih se pridr\u017eavati.<\/p>\n<p>\u010cuvati na hladnom i suvom mestu za\u0161ti\u0107enom od direktne sun\u010deve svetlosti.<\/p>\n<p>Proizvo\u0111a\u010d: VAFO PRAHA s.r.o., K Br\u016fdku 94, Chr\u00e1\u0161\u0165any, 252 19 Rudn\u00e1 u Prahy, \u010ce\u0161ka<br \/>\nCountry of origin: EU<\/p>\n\n    <div class=\"xs_social_share_widget xs_share_url after_content \t\tmain_content  wslu-style-1 wslu-share-box-shaped wslu-fill-colored wslu-none wslu-share-horizontal wslu-theme-font-no wslu-main_content\">\n\n\t\t\n        <ul>\n\t\t\t        <\/ul>\n    <\/div>","protected":false},"excerpt":{"rendered":"<p>Sam&#8217;s Field Dental Care je mekana dopunska hrana za pse svih rasa, sa pirin\u010dem<\/p>","protected":false},"featured_media":24661,"comment_status":"closed","ping_status":"closed","template":"","meta":{"_acf_changed":false},"pwb-brand":[917],"product_cat":[48,103,47],"product_tag":[],"class_list":{"0":"post-24660","1":"product","2":"type-product","3":"status-publish","4":"has-post-thumbnail","6":"pwb-brand-sams-field","7":"product_cat-hrana-za-pse","8":"product_cat-poslastice-za-pse","9":"product_cat-psi","11":"first","12":"outofstock","13":"taxable","14":"shipping-taxable","15":"purchasable","16":"product-type-variable","17":"has-default-attributes"},"acf":[],"brands":[{"id":917,"name":"Sams Field","slug":"sams-field"}],"_links":{"self":[{"href":"https:\/\/pawz.rs\/en\/wp-json\/wp\/v2\/product\/24660","targetHints":{"allow":["GET"]}}],"collection":[{"href":"https:\/\/pawz.rs\/en\/wp-json\/wp\/v2\/product"}],"about":[{"href":"https:\/\/pawz.rs\/en\/wp-json\/wp\/v2\/types\/product"}],"replies":[{"embeddable":true,"href":"https:\/\/pawz.rs\/en\/wp-json\/wp\/v2\/comments?post=24660"}],"wp:featuredmedia":[{"embeddable":true,"href":"https:\/\/pawz.rs\/en\/wp-json\/wp\/v2\/media\/24661"}],"wp:attachment":[{"href":"https:\/\/pawz.rs\/en\/wp-json\/wp\/v2\/media?parent=24660"}],"wp:term":[{"taxonomy":"pwb-brand","embeddable":true,"href":"https:\/\/pawz.rs\/en\/wp-json\/wp\/v2\/pwb-brand?post=24660"},{"taxonomy":"product_cat","embeddable":true,"href":"https:\/\/pawz.rs\/en\/wp-json\/wp\/v2\/product_cat?post=24660"},{"taxonomy":"product_tag","embeddable":true,"href":"https:\/\/pawz.rs\/en\/wp-json\/wp\/v2\/product_tag?post=24660"}],"curies":[{"name":"wp","href":"https:\/\/api.w.org\/{rel}","templated":true}]}}